{"id":124259,"date":"2025-03-10T09:14:23","date_gmt":"2025-03-10T09:14:23","guid":{"rendered":"https:\/\/www.3p-gmbh.de\/produkt\/agre-boss-7002-d-modele-mke-601-d\/"},"modified":"2025-03-10T09:14:23","modified_gmt":"2025-03-10T09:14:23","slug":"agre-boss-7002-d-modele-mke-601-d","status":"publish","type":"product","link":"https:\/\/www.3p-gmbh.de\/fr\/produkt\/agre-boss-7002-d-modele-mke-601-d\/","title":{"rendered":"AGRE BOSS 7002 D Mod\u00e8le MKE 601 D"},"content":{"rendered":"<p><strong><span style=\"color: #0000ff;\">AGRE BOSS 7002 D Mod\u00e8le MKE 601 D<\/span><\/strong><\/p>\n<p><span style=\"color: #0000ff;\"><strong>&#8211; \u00e0 l&rsquo;\u00e9tat neuf de l&rsquo;ann\u00e9e 2020 <\/strong><\/span><\/p>\n<p>Caract\u00e9ristiques techniques :<br \/>\nCompresseur \u00e0 piston \u00e0 entra\u00eenement direct \u00e0 deux cylindres, mod\u00e8le \u00e0 un \u00e9tage, lubrifi\u00e9 \u00e0 l&rsquo;huile et refroidi \u00e0 l&rsquo;air.<br \/>\nEntra\u00eenement direct, construction compacte, s\u00e9curit\u00e9 de fonctionnement maximale et rentabilit\u00e9 \u00e9lev\u00e9e<br \/>\nLes faibles vitesses de rotation de l&rsquo;installation assurent une longue dur\u00e9e de vie de tous les composants<br \/>\nLes paliers de bielle et d&rsquo;axe de piston sont des paliers lisses et les culasses fortement nervur\u00e9es sont en alliage d&rsquo;aluminium pour une compression efficace et une longue dur\u00e9e de vie<br \/>\nUn refroidisseur final efficace a pour cons\u00e9quence une faible temp\u00e9rature de sortie de l&rsquo;air comprim\u00e9<br \/>\nFiltres d&rsquo;aspiration de haute qualit\u00e9<\/p>\n<p>Avantages du produit :<br \/>\nmobile fonctionnement enti\u00e8rement automatique gr\u00e2ce au pressostat et \u00e0 la soupape de d\u00e9charge<br \/>\nR\u00e9servoir d&rsquo;air comprim\u00e9 avec soupape de s\u00e9curit\u00e9, manom\u00e8tre et soupape de condensation<br \/>\nUnit\u00e9 de robinetterie avec filtre r\u00e9gulateur de haute qualit\u00e9 et manom\u00e8tre<br \/>\nProtection thermique contre les surcharges du moteur<br \/>\nAGRE Raccord rapide professionnel en acier<br \/>\nGroupe \u00e0 entra\u00eenement direct<br \/>\nPressostat Condor<br \/>\nDeux cylindres, fonctionnement particuli\u00e8rement silencieux<br \/>\nProtection du moteur IP 54 (standard industriel)<br \/>\nGrand ventilateur \u00e0 volant d&rsquo;inertie pour un refroidissement optimal<br \/>\nRoues pleines en caoutchouc pour un transport facile<\/p>\n<p>Construit selon les directives CE<br \/>\n\u00c9quipement complet avec c\u00e2ble de raccordement et fiche<\/p>\n<p>Caract\u00e9ristiques techniques :<br \/>\nD\u00e9bit de levage 600 l\/min<br \/>\nD\u00e9bit d&rsquo;aspiration utile (d\u00e9bit de livraison) 410 l\/min, \u00e0 8 bar(\u00fc)<br \/>\nSurpression maximale 10 bar<br \/>\nMoteur \u00e9lectrique triphas\u00e9 3 kW, 400\/230Y\u0394~3 \/50 V \/ Hz<br \/>\nVitesse de rotation 1450 min\u00b9<br \/>\nCapacit\u00e9 du r\u00e9servoir 90 litres<br \/>\nL x l x H 125 x 59 x 92 cm<br \/>\nPoids 94 kg<br \/>\nNiveau sonore selon DIN 45635 T13, distance 4 m 67 dB(A)<\/p>\n<p>&nbsp;<\/p>\n","protected":false},"excerpt":{"rendered":"<p>AGRE BOSS 7002 D Mod\u00e8le MKE 601 D &#8211; \u00e0 l&rsquo;\u00e9tat neuf de l&rsquo;ann\u00e9e 2020 Caract\u00e9ristiques techniques : Compresseur \u00e0 piston \u00e0 entra\u00eenement direct \u00e0 deux cylindres, mod\u00e8le \u00e0 un \u00e9tage, lubrifi\u00e9 \u00e0 l&rsquo;huile et refroidi \u00e0 l&rsquo;air. Entra\u00eenement direct, construction compacte, s\u00e9curit\u00e9 de fonctionnement maximale et rentabilit\u00e9 \u00e9lev\u00e9e Les faibles vitesses de rotation de [&hellip;]<\/p>\n","protected":false},"featured_media":124077,"template":"","meta":[],"product_brand":[],"product_cat":[2934],"product_tag":[],"class_list":{"0":"post-124259","1":"product","2":"type-product","3":"status-publish","4":"has-post-thumbnail","6":"product_cat-compresseurs-pompes-a-vide","8":"first","9":"instock","10":"taxable","11":"shipping-taxable","12":"product-type-simple"},"jetpack_sharing_enabled":true,"_links":{"self":[{"href":"https:\/\/www.3p-gmbh.de\/fr\/wp-json\/wp\/v2\/product\/124259","targetHints":{"allow":["GET"]}}],"collection":[{"href":"https:\/\/www.3p-gmbh.de\/fr\/wp-json\/wp\/v2\/product"}],"about":[{"href":"https:\/\/www.3p-gmbh.de\/fr\/wp-json\/wp\/v2\/types\/product"}],"wp:featuredmedia":[{"embeddable":true,"href":"https:\/\/www.3p-gmbh.de\/fr\/wp-json\/wp\/v2\/media\/124077"}],"wp:attachment":[{"href":"https:\/\/www.3p-gmbh.de\/fr\/wp-json\/wp\/v2\/media?parent=124259"}],"wp:term":[{"taxonomy":"product_brand","embeddable":true,"href":"https:\/\/www.3p-gmbh.de\/fr\/wp-json\/wp\/v2\/product_brand?post=124259"},{"taxonomy":"product_cat","embeddable":true,"href":"https:\/\/www.3p-gmbh.de\/fr\/wp-json\/wp\/v2\/product_cat?post=124259"},{"taxonomy":"product_tag","embeddable":true,"href":"https:\/\/www.3p-gmbh.de\/fr\/wp-json\/wp\/v2\/product_tag?post=124259"}],"curies":[{"name":"wp","href":"https:\/\/api.w.org\/{rel}","templated":true}]}}