{"id":123880,"date":"2025-02-24T10:37:19","date_gmt":"2025-02-24T10:37:19","guid":{"rendered":"https:\/\/www.3p-gmbh.de\/produkt\/16-pages-entierement-automatique-plieuse-combinee-reglable-heidelberg-stahlfolder-ch-56-6-kt-ffh-auto-avec-sortie-sak-56\/"},"modified":"2025-02-24T14:06:18","modified_gmt":"2025-02-24T14:06:18","slug":"16-pages-entierement-automatique-plieuse-combinee-reglable-heidelberg-stahlfolder-ch-56-6-kt-ffh-auto-avec-sortie-sak-56","status":"publish","type":"product","link":"https:\/\/www.3p-gmbh.de\/fr\/produkt\/16-pages-entierement-automatique-plieuse-combinee-reglable-heidelberg-stahlfolder-ch-56-6-kt-ffh-auto-avec-sortie-sak-56\/","title":{"rendered":"16 pages enti\u00e8rement automatique, plieuse combin\u00e9e r\u00e9glable Heidelberg Stahlfolder CH 56-6-KT-FFH Auto avec sortie SAK 56"},"content":{"rendered":"<div><\/div>\n<div><span style=\"color: #0000ff;\"><strong>16 pages <span style=\"color: #ff0000;\">enti\u00e8rement automatique, plieuse combin\u00e9e r\u00e9glable<\/span> Heidelberg Stahlfolder CH 56-6-KT-FFH Auto avec sortie SAK 56<br \/>\n<\/strong><\/span><span style=\"color: #0000ff;\"><strong>Ann\u00e9e de construction 2017<\/strong><\/span><\/div>\n<div>Format max. 560&#215;900 mm<br \/>\nFormat min. 140&#215;180 mm<br \/>\nPoids du papier (g\/m\u00b2) 40 &#8211; 250<br \/>\nNombre max. d&rsquo;exemplaires par page. Hauteur de pile 80 cm<br \/>\nHauteur max. Longueur de pliage 58 cm Poche 1<br \/>\nLongueur de pliage min. 6 cm<br \/>\nLongueur de pliage max. Vitesse (m\/min.) 200<br \/>\nVitesse min. (m\/min.) 25<br \/>\nDiam\u00e8tre des rouleaux de pliage (mm) 44      <\/div>\n<div>Pompe \u00e0 vide sous pression<br \/>\nMargeur \u00e0 plat avec Tremat et MCT avec \u00e9cran tactile<br \/>\nsix poches de pliage Largeur d&rsquo;entr\u00e9e 56 cm<br \/>\nlame<br \/>\npoche couch\u00e9e<\/div>\n<div>\n<p>Guide<\/p>\n<p>sortie de bande mobile SAK 56<br \/>\navec MCT<\/p>\n<\/div>\n<div><\/div>\n<div>poche de pliage de fen\u00eatre pneumatique avec commande ACC 2.4<\/div>\n","protected":false},"excerpt":{"rendered":"<p>16 pages enti\u00e8rement automatique, plieuse combin\u00e9e r\u00e9glable Heidelberg Stahlfolder CH 56-6-KT-FFH Auto avec sortie SAK 56 Ann\u00e9e de construction 2017 Format max. 560&#215;900 mm Format min. 140&#215;180 mm Poids du papier (g\/m\u00b2) 40 &#8211; 250 Nombre max. d&rsquo;exemplaires par page. Hauteur de pile 80 cm Hauteur max. Longueur de pliage 58 cm Poche 1 Longueur [&hellip;]<\/p>\n","protected":false},"featured_media":123805,"template":"","meta":[],"product_brand":[],"product_cat":[2984],"product_tag":[],"class_list":{"0":"post-123880","1":"product","2":"type-product","3":"status-publish","4":"has-post-thumbnail","6":"product_cat-plieuses-fr","7":"pa_baujahr-711","8":"pa_bezeichnung_typ-ch-56-6-kt-ffh","9":"pa_hersteller-heidelberg","11":"first","12":"instock","13":"taxable","14":"shipping-taxable","15":"product-type-simple"},"jetpack_sharing_enabled":true,"_links":{"self":[{"href":"https:\/\/www.3p-gmbh.de\/fr\/wp-json\/wp\/v2\/product\/123880","targetHints":{"allow":["GET"]}}],"collection":[{"href":"https:\/\/www.3p-gmbh.de\/fr\/wp-json\/wp\/v2\/product"}],"about":[{"href":"https:\/\/www.3p-gmbh.de\/fr\/wp-json\/wp\/v2\/types\/product"}],"wp:featuredmedia":[{"embeddable":true,"href":"https:\/\/www.3p-gmbh.de\/fr\/wp-json\/wp\/v2\/media\/123805"}],"wp:attachment":[{"href":"https:\/\/www.3p-gmbh.de\/fr\/wp-json\/wp\/v2\/media?parent=123880"}],"wp:term":[{"taxonomy":"product_brand","embeddable":true,"href":"https:\/\/www.3p-gmbh.de\/fr\/wp-json\/wp\/v2\/product_brand?post=123880"},{"taxonomy":"product_cat","embeddable":true,"href":"https:\/\/www.3p-gmbh.de\/fr\/wp-json\/wp\/v2\/product_cat?post=123880"},{"taxonomy":"product_tag","embeddable":true,"href":"https:\/\/www.3p-gmbh.de\/fr\/wp-json\/wp\/v2\/product_tag?post=123880"}],"curies":[{"name":"wp","href":"https:\/\/api.w.org\/{rel}","templated":true}]}}