{"id":123866,"date":"2025-02-24T10:48:11","date_gmt":"2025-02-24T10:48:11","guid":{"rendered":"https:\/\/www.3p-gmbh.de\/produkt\/16-pages-entierement-automatisee-et-reglable-avec-stahlfolder-th-66-6-4-pfh-et-stahlfolder-sph-70-livraison-de-la-bande-de-presse\/"},"modified":"2025-02-24T10:48:11","modified_gmt":"2025-02-24T10:48:11","slug":"16-pages-entierement-automatisee-et-reglable-avec-stahlfolder-th-66-6-4-pfh-et-stahlfolder-sph-70-livraison-de-la-bande-de-presse","status":"publish","type":"product","link":"https:\/\/www.3p-gmbh.de\/fr\/produkt\/16-pages-entierement-automatisee-et-reglable-avec-stahlfolder-th-66-6-4-pfh-et-stahlfolder-sph-70-livraison-de-la-bande-de-presse\/","title":{"rendered":"16 pages, enti\u00e8rement automatis\u00e9e et r\u00e9glable, avec Stahlfolder TH 66-6-4-PFH et Stahlfolder SPH-70, livraison de la bande de presse"},"content":{"rendered":"<div><span style=\"color: #0000ff;\"><strong>16 pages, enti\u00e8rement automatis\u00e9e et ajustable, avec Stahlfolder TH 66-6-4-PFH et Stahlfolder SPH-70, livraison de la courroie de presse<\/strong><\/span><br \/>\nAnn\u00e9e 2008<\/div>\n<div>peu utilis\u00e9<br \/>\nTaille maximale de la feuille, largeur\u00d7longueur (cm) : 66\u00d790<br \/>\nTaille minimale de la feuille, largeur\u00d7longueur (cm) : 14\u00d718<br \/>\nPoids du papier (g\/m2) : 40-250Sp\u00e9cification<br \/>\nPalett Feeder<br \/>\nSyst\u00e8me de contr\u00f4le MCT : panneau de contr\u00f4le avec affichage ou \u00e9cran tactile <\/p>\n<p>1\u00e8re unit\u00e9 de pliage 66-6 entr\u00e9e 66cms<br \/>\nNombre de plaques de bouclage : 6<br \/>\nr\u00e9glage automatique des rouleaux et des poches<\/p>\n<p>2st Unit\u00e9 de pliage 66-6 entr\u00e9e 66cms<br \/>\nNombre de plaques de bouclage : 4<br \/>\nr\u00e9glage automatique des rouleaux et des poches<\/p>\n<\/div>\n<div><strong><span style=\"color: #0000ff;\">Livraison de la bande de presse mobile Heidelberg Stahlfolder SPH-70<\/span><\/strong><\/div>\n<div>Syst\u00e8me de contr\u00f4le MCT<\/div>\n<div>\n<p>Bon \u00e9tat de fonctionnement<br \/>\nTest possible<br \/>\nPhotos jointes<br \/>\nDisponibilit\u00e9 Imm\u00e9diate Lieu Allemagne<\/p>\n<\/div>\n","protected":false},"excerpt":{"rendered":"<p>16 pages, enti\u00e8rement automatis\u00e9e et ajustable, avec Stahlfolder TH 66-6-4-PFH et Stahlfolder SPH-70, livraison de la courroie de presse Ann\u00e9e 2008 peu utilis\u00e9 Taille maximale de la feuille, largeur\u00d7longueur (cm) : 66\u00d790 Taille minimale de la feuille, largeur\u00d7longueur (cm) : 14\u00d718 Poids du papier (g\/m2) : 40-250Sp\u00e9cification Palett Feeder Syst\u00e8me de contr\u00f4le MCT : panneau [&hellip;]<\/p>\n","protected":false},"featured_media":123850,"template":"","meta":[],"product_brand":[],"product_cat":[3831,2984],"product_tag":[],"class_list":{"0":"post-123866","1":"product","2":"type-product","3":"status-publish","4":"has-post-thumbnail","6":"product_cat-folding-machines-fr","7":"product_cat-plieuses-fr","8":"pa_baujahr-711","9":"pa_bezeichnung_typ-stahlfolder-th-56","10":"pa_hersteller-heidelberg","12":"first","13":"instock","14":"taxable","15":"shipping-taxable","16":"product-type-simple"},"jetpack_sharing_enabled":true,"_links":{"self":[{"href":"https:\/\/www.3p-gmbh.de\/fr\/wp-json\/wp\/v2\/product\/123866","targetHints":{"allow":["GET"]}}],"collection":[{"href":"https:\/\/www.3p-gmbh.de\/fr\/wp-json\/wp\/v2\/product"}],"about":[{"href":"https:\/\/www.3p-gmbh.de\/fr\/wp-json\/wp\/v2\/types\/product"}],"wp:featuredmedia":[{"embeddable":true,"href":"https:\/\/www.3p-gmbh.de\/fr\/wp-json\/wp\/v2\/media\/123850"}],"wp:attachment":[{"href":"https:\/\/www.3p-gmbh.de\/fr\/wp-json\/wp\/v2\/media?parent=123866"}],"wp:term":[{"taxonomy":"product_brand","embeddable":true,"href":"https:\/\/www.3p-gmbh.de\/fr\/wp-json\/wp\/v2\/product_brand?post=123866"},{"taxonomy":"product_cat","embeddable":true,"href":"https:\/\/www.3p-gmbh.de\/fr\/wp-json\/wp\/v2\/product_cat?post=123866"},{"taxonomy":"product_tag","embeddable":true,"href":"https:\/\/www.3p-gmbh.de\/fr\/wp-json\/wp\/v2\/product_tag?post=123866"}],"curies":[{"name":"wp","href":"https:\/\/api.w.org\/{rel}","templated":true}]}}