{"id":102295,"date":"2023-04-14T12:01:51","date_gmt":"2023-04-14T12:01:51","guid":{"rendered":"https:\/\/www.3p-gmbh.de\/produkt\/classeur-a-quatre-pinces-horizon-bq-440\/"},"modified":"2023-04-14T12:01:51","modified_gmt":"2023-04-14T12:01:51","slug":"classeur-a-quatre-pinces-horizon-bq-440","status":"publish","type":"product","link":"https:\/\/www.3p-gmbh.de\/fr\/produkt\/classeur-a-quatre-pinces-horizon-bq-440\/","title":{"rendered":"Classeur \u00e0 quatre pinces Horizon BQ 440"},"content":{"rendered":"<p><strong>Classeur \u00e0 quatre pinces Horizon BQ 440<\/strong><br \/>\n<strong>ann\u00e9e 1995<\/strong><\/p>\n<p>en \u00e9tat neuf<\/p>\n<p>comptoir de livres bas<\/p>\n<p>&#8211; 4 pinces,<br \/>\n&#8211; colle chaude<br \/>\n&#8211; Collage lat\u00e9ral \u00e0 chaud<br \/>\n&#8211; Chargeur de couvertures avec aspiration et d\u00e9tection de double feuille<br \/>\n&#8211; Taille maximale 320 x 320 mm.<br \/>\n&#8211; Taille minimale 110 x 145 mm<br \/>\n&#8211; Max. taille de la couverture 320 x 580 mm.<br \/>\n&#8211; Taille minimale de la couverture 145 x 220 mm.<br \/>\n&#8211; Max. \u00e9paisseur 40 mm, Min. 1 mm.<\/p>\n<p>&nbsp;<\/p>\n","protected":false},"excerpt":{"rendered":"<p>Classeur \u00e0 quatre pinces Horizon BQ 440 ann\u00e9e 1995 en \u00e9tat neuf comptoir de livres bas &#8211; 4 pinces, &#8211; colle chaude &#8211; Collage lat\u00e9ral \u00e0 chaud &#8211; Chargeur de couvertures avec aspiration et d\u00e9tection de double feuille &#8211; Taille maximale 320 x 320 mm. &#8211; Taille minimale 110 x 145 mm &#8211; Max. taille [&hellip;]<\/p>\n","protected":false},"featured_media":62222,"template":"","meta":[],"product_brand":[],"product_cat":[2852,4018],"product_tag":[],"class_list":{"0":"post-102295","1":"product","2":"type-product","3":"status-publish","4":"has-post-thumbnail","6":"product_cat-machines-a-relier-par-fil","7":"product_cat-non-attribue","8":"pa_hersteller-horizon","9":"pa_typ-bq-440","11":"first","12":"instock","13":"taxable","14":"shipping-taxable","15":"product-type-simple"},"jetpack_sharing_enabled":true,"_links":{"self":[{"href":"https:\/\/www.3p-gmbh.de\/fr\/wp-json\/wp\/v2\/product\/102295","targetHints":{"allow":["GET"]}}],"collection":[{"href":"https:\/\/www.3p-gmbh.de\/fr\/wp-json\/wp\/v2\/product"}],"about":[{"href":"https:\/\/www.3p-gmbh.de\/fr\/wp-json\/wp\/v2\/types\/product"}],"wp:featuredmedia":[{"embeddable":true,"href":"https:\/\/www.3p-gmbh.de\/fr\/wp-json\/wp\/v2\/media\/62222"}],"wp:attachment":[{"href":"https:\/\/www.3p-gmbh.de\/fr\/wp-json\/wp\/v2\/media?parent=102295"}],"wp:term":[{"taxonomy":"product_brand","embeddable":true,"href":"https:\/\/www.3p-gmbh.de\/fr\/wp-json\/wp\/v2\/product_brand?post=102295"},{"taxonomy":"product_cat","embeddable":true,"href":"https:\/\/www.3p-gmbh.de\/fr\/wp-json\/wp\/v2\/product_cat?post=102295"},{"taxonomy":"product_tag","embeddable":true,"href":"https:\/\/www.3p-gmbh.de\/fr\/wp-json\/wp\/v2\/product_tag?post=102295"}],"curies":[{"name":"wp","href":"https:\/\/api.w.org\/{rel}","templated":true}]}}