{"id":96853,"date":"2023-09-10T12:18:35","date_gmt":"2023-09-10T12:18:35","guid":{"rendered":"https:\/\/www.3p-gmbh.de\/produkt\/cortadora-de-alta-velocidad-schneider-senator-78-e-line\/"},"modified":"2023-09-10T12:18:35","modified_gmt":"2023-09-10T12:18:35","slug":"cortadora-de-alta-velocidad-schneider-senator-78-e-line","status":"publish","type":"product","link":"https:\/\/www.3p-gmbh.de\/es\/produkt\/cortadora-de-alta-velocidad-schneider-senator-78-e-line\/","title":{"rendered":"Cortadora de alta velocidad Schneider SENATOR 78 E-Line"},"content":{"rendered":"<p><strong>Separador de alta velocidad Schneider SENATOR 78 E-Line<\/strong><br \/>\n<strong>A\u00f1o de fabricaci\u00f3n 2005<br \/>\n<\/strong><br \/>\ncon 2 cuchillos<br \/>\ncon lector de tarjetas<br \/>\ncon documentaci\u00f3n y herramientas<br \/>\nAnchura de corte 780 mm<br \/>\nProfundidad de inserci\u00f3n 780 mm<br \/>\nAltura del inserto 120 mm<\/p>\n<p><a href=\"https:\/\/www.3p-gmbh.de\/wp-content\/uploads\/2023\/09\/E-Line78D.pdf\">E-Line78D<\/a><\/p>\n","protected":false},"excerpt":{"rendered":"<p>Separador de alta velocidad Schneider SENATOR 78 E-Line A\u00f1o de fabricaci\u00f3n 2005 con 2 cuchillos con lector de tarjetas con documentaci\u00f3n y herramientas Anchura de corte 780 mm Profundidad de inserci\u00f3n 780 mm Altura del inserto 120 mm E-Line78D<\/p>\n","protected":false},"featured_media":94273,"template":"","meta":[],"product_brand":[],"product_cat":[3018],"product_tag":[],"class_list":{"0":"post-96853","1":"product","2":"type-product","3":"status-publish","4":"has-post-thumbnail","6":"product_cat-maquinas-de-corte-es","7":"pa_hersteller-schneider-senator","8":"pa_typ-78-e-line","10":"first","11":"instock","12":"taxable","13":"shipping-taxable","14":"product-type-simple"},"jetpack_sharing_enabled":true,"_links":{"self":[{"href":"https:\/\/www.3p-gmbh.de\/es\/wp-json\/wp\/v2\/product\/96853","targetHints":{"allow":["GET"]}}],"collection":[{"href":"https:\/\/www.3p-gmbh.de\/es\/wp-json\/wp\/v2\/product"}],"about":[{"href":"https:\/\/www.3p-gmbh.de\/es\/wp-json\/wp\/v2\/types\/product"}],"wp:featuredmedia":[{"embeddable":true,"href":"https:\/\/www.3p-gmbh.de\/es\/wp-json\/wp\/v2\/media\/94273"}],"wp:attachment":[{"href":"https:\/\/www.3p-gmbh.de\/es\/wp-json\/wp\/v2\/media?parent=96853"}],"wp:term":[{"taxonomy":"product_brand","embeddable":true,"href":"https:\/\/www.3p-gmbh.de\/es\/wp-json\/wp\/v2\/product_brand?post=96853"},{"taxonomy":"product_cat","embeddable":true,"href":"https:\/\/www.3p-gmbh.de\/es\/wp-json\/wp\/v2\/product_cat?post=96853"},{"taxonomy":"product_tag","embeddable":true,"href":"https:\/\/www.3p-gmbh.de\/es\/wp-json\/wp\/v2\/product_tag?post=96853"}],"curies":[{"name":"wp","href":"https:\/\/api.w.org\/{rel}","templated":true}]}}