{"id":96719,"date":"2023-09-24T22:44:39","date_gmt":"2023-09-24T22:44:39","guid":{"rendered":"https:\/\/www.3p-gmbh.de\/produkt\/jogger-automatico-wohlenberg-baumann-bsb-3l\/"},"modified":"2023-09-24T22:44:39","modified_gmt":"2023-09-24T22:44:39","slug":"jogger-automatico-wohlenberg-baumann-bsb-3l","status":"publish","type":"product","link":"https:\/\/www.3p-gmbh.de\/es\/produkt\/jogger-automatico-wohlenberg-baumann-bsb-3l\/","title":{"rendered":"Jogger autom\u00e1tico Wohlenberg Baumann BSB 3L"},"content":{"rendered":"<p><strong>Jogger autom\u00e1tico Wohlenberg Baumann BSB 3L  <\/strong><br \/>\n<strong>SN 212.281<\/strong><\/p>\n<p><em><strong>Equipamiento:<\/strong><\/em><br \/>\ncon rodillo de eyecci\u00f3n de aire, aleta neum\u00e1tica izquierda y derecha con aire,<br \/>\nAire comprimido a cargo del cliente.<\/p>\n","protected":false},"excerpt":{"rendered":"<p>Jogger autom\u00e1tico Wohlenberg Baumann BSB 3L SN 212.281 Equipamiento: con rodillo de eyecci\u00f3n de aire, aleta neum\u00e1tica izquierda y derecha con aire, Aire comprimido a cargo del cliente.<\/p>\n","protected":false},"featured_media":94359,"template":"","meta":[],"product_brand":[],"product_cat":[3070],"product_tag":[],"class_list":{"0":"post-96719","1":"product","2":"type-product","3":"status-publish","4":"has-post-thumbnail","6":"product_cat-mesas-vibratorias-es","7":"pa_hersteller-baumann-wohlenberg","8":"pa_typ-bsb-3-l","10":"first","11":"instock","12":"taxable","13":"shipping-taxable","14":"product-type-simple"},"jetpack_sharing_enabled":true,"_links":{"self":[{"href":"https:\/\/www.3p-gmbh.de\/es\/wp-json\/wp\/v2\/product\/96719","targetHints":{"allow":["GET"]}}],"collection":[{"href":"https:\/\/www.3p-gmbh.de\/es\/wp-json\/wp\/v2\/product"}],"about":[{"href":"https:\/\/www.3p-gmbh.de\/es\/wp-json\/wp\/v2\/types\/product"}],"wp:featuredmedia":[{"embeddable":true,"href":"https:\/\/www.3p-gmbh.de\/es\/wp-json\/wp\/v2\/media\/94359"}],"wp:attachment":[{"href":"https:\/\/www.3p-gmbh.de\/es\/wp-json\/wp\/v2\/media?parent=96719"}],"wp:term":[{"taxonomy":"product_brand","embeddable":true,"href":"https:\/\/www.3p-gmbh.de\/es\/wp-json\/wp\/v2\/product_brand?post=96719"},{"taxonomy":"product_cat","embeddable":true,"href":"https:\/\/www.3p-gmbh.de\/es\/wp-json\/wp\/v2\/product_cat?post=96719"},{"taxonomy":"product_tag","embeddable":true,"href":"https:\/\/www.3p-gmbh.de\/es\/wp-json\/wp\/v2\/product_tag?post=96719"}],"curies":[{"name":"wp","href":"https:\/\/api.w.org\/{rel}","templated":true}]}}