{"id":96180,"date":"2023-11-12T23:46:21","date_gmt":"2023-11-12T23:46:21","guid":{"rendered":"https:\/\/www.3p-gmbh.de\/produkt\/flejadora-de-pp-movil-y-regulable-en-altura-ti-535\/"},"modified":"2023-11-12T23:46:21","modified_gmt":"2023-11-12T23:46:21","slug":"maquina-ti-535-mobile-height-adjustable-pp-package-strapping-machine","status":"publish","type":"product","link":"https:\/\/www.3p-gmbh.de\/es\/produkt\/maquina-ti-535-mobile-height-adjustable-pp-package-strapping-machine\/","title":{"rendered":"Flejadora de PP m\u00f3vil y regulable en altura Ti 535"},"content":{"rendered":"<p><strong>Flejadora semiautom\u00e1tica m\u00f3vil de altura regulable Ti 535  <\/strong><\/p>\n<p>Ideal para paquetes de diferentes dimensiones, es decir, paquetes de cualquier forma, tama\u00f1o y composici\u00f3n.<\/p>\n<p>Esta flejadora no requiere un bastidor gu\u00eda de fleje, por lo que el paquete debe ser colocado manualmente por el usuario sobre el fleje previsto en el canal de transporte.<br \/>\nUna vez hecho esto, el proceso de flejado puede activarse mediante un interruptor manual o de pie, con lo que la flejadora fleja el paquete en una sola operaci\u00f3n, sella los extremos sueltos del fleje y activa la nueva alimentaci\u00f3n.<\/p>\n<p>La tapa abatible de acero inoxidable, un regulador mec\u00e1nico de tensi\u00f3n externo, un tablero de altura regulable y el interruptor de seguridad situado debajo garantizan un dise\u00f1o bien pensado y seguro.<\/p>\n<p>Ancho de banda 12 mm<br \/>\nPreselecci\u00f3n autom\u00e1tica de la longitud de la cinta<\/p>\n","protected":false},"excerpt":{"rendered":"<p>Flejadora semiautom\u00e1tica m\u00f3vil de altura regulable Ti 535 Ideal para paquetes de diferentes dimensiones, es decir, paquetes de cualquier forma, tama\u00f1o y composici\u00f3n. Esta flejadora no requiere un bastidor gu\u00eda de fleje, por lo que el paquete debe ser colocado manualmente por el usuario sobre el fleje previsto en el canal de transporte. Una vez [&hellip;]<\/p>\n","protected":false},"featured_media":94921,"template":"","meta":[],"product_brand":[],"product_cat":[2862],"product_tag":[],"class_list":{"0":"post-96180","1":"product","2":"type-product","3":"status-publish","4":"has-post-thumbnail","6":"product_cat-maquinas-perladoras","7":"pa_bezeichnung_typ-ti-535","9":"first","10":"instock","11":"taxable","12":"shipping-taxable","13":"product-type-simple"},"jetpack_sharing_enabled":true,"_links":{"self":[{"href":"https:\/\/www.3p-gmbh.de\/es\/wp-json\/wp\/v2\/product\/96180","targetHints":{"allow":["GET"]}}],"collection":[{"href":"https:\/\/www.3p-gmbh.de\/es\/wp-json\/wp\/v2\/product"}],"about":[{"href":"https:\/\/www.3p-gmbh.de\/es\/wp-json\/wp\/v2\/types\/product"}],"wp:featuredmedia":[{"embeddable":true,"href":"https:\/\/www.3p-gmbh.de\/es\/wp-json\/wp\/v2\/media\/94921"}],"wp:attachment":[{"href":"https:\/\/www.3p-gmbh.de\/es\/wp-json\/wp\/v2\/media?parent=96180"}],"wp:term":[{"taxonomy":"product_brand","embeddable":true,"href":"https:\/\/www.3p-gmbh.de\/es\/wp-json\/wp\/v2\/product_brand?post=96180"},{"taxonomy":"product_cat","embeddable":true,"href":"https:\/\/www.3p-gmbh.de\/es\/wp-json\/wp\/v2\/product_cat?post=96180"},{"taxonomy":"product_tag","embeddable":true,"href":"https:\/\/www.3p-gmbh.de\/es\/wp-json\/wp\/v2\/product_tag?post=96180"}],"curies":[{"name":"wp","href":"https:\/\/api.w.org\/{rel}","templated":true}]}}