{"id":96179,"date":"2023-11-12T23:27:28","date_gmt":"2023-11-12T23:27:28","guid":{"rendered":"https:\/\/www.3p-gmbh.de\/produkt\/encuadernadora-de-anillas-y-calendario-encuadernadora-de-alambre-renz-mobi-500-con-colgador-de-calendario-ka-300\/"},"modified":"2023-11-12T23:27:28","modified_gmt":"2023-11-12T23:27:28","slug":"anilla-libro-calendario-encuadernadora-renz-mobi-500-con-calendario-colgador-ka-300","status":"publish","type":"product","link":"https:\/\/www.3p-gmbh.de\/es\/produkt\/anilla-libro-calendario-encuadernadora-renz-mobi-500-con-calendario-colgador-ka-300\/","title":{"rendered":"Encuadernadora de anillas y calendario &#8211; Encuadernadora de alambre RENZ Mobi 500 con colgador de calendario KA 300"},"content":{"rendered":"<p><strong>Encuadernadora de anillas y encuadernadora de alambre para calendarios RENZ Mobi 500 con gancho para calendarios KA 300 para la alimentaci\u00f3n autom\u00e1tica de ganchos para calendarios de 80 &#8211; 300 mm de longitud<\/strong><br \/>\n<strong>A\u00f1o de construcci\u00f3n 07-2016<\/strong><br \/>\n<strong>en perfecto estado <\/strong><\/p>\n<p>&#8211; Max. Formato: 500 x 500 mm<br \/>\n&#8211; Min. Formato: 90 x 90 mm<br \/>\n&#8211; Di\u00e1metros a atar: 3\/16&#8243; &#8211; 1 1\/4&#8243; (3 herramientas incluidas en el suministro)<br \/>\n&#8211; Paso 3:1 + 2:1 (ambas ruedas dentadas incluidas)<br \/>\n&#8211; Producci\u00f3n de ciclos mec\u00e1nicos ajustable de 100 a 1.200 ciclos\/hora<br \/>\n&#8211; Posibilidad de encuadernaci\u00f3n de bloques y calendarios con colgador<br \/>\n&#8211; Pantalla t\u00e1ctil con gu\u00eda para el usuario<br \/>\n&#8211; Proceso de cambio de formato de papel y di\u00e1metro de encuadernaci\u00f3n totalmente autom\u00e1tico<br \/>\n&#8211; Salida de la caja regulable en altura<br \/>\n&#8211; Tiempo de preparaci\u00f3n de la m\u00e1quina aprox. 5 &#8211; 10 minutos<br \/>\n&#8211; Estaci\u00f3n de colgado para el material de encuadernaci\u00f3n preperforado<br \/>\n&#8211; Dispositivo de elevaci\u00f3n para un cambio de bobina r\u00e1pido y sencillo<br \/>\n&#8211; Cargas conectadas: 230\/400 V, 50 Hz<br \/>\n&#8211; Dimensiones de la m\u00e1quina: L x A x A 220 x 75 x 205 cm<br \/>\n&#8211; Dimensiones de la caja: L x A 60 x 55 cm<br \/>\n&#8211; Peso: 640 kg<\/p>\n","protected":false},"excerpt":{"rendered":"<p>Encuadernadora de anillas y encuadernadora de alambre para calendarios RENZ Mobi 500 con gancho para calendarios KA 300 para la alimentaci\u00f3n autom\u00e1tica de ganchos para calendarios de 80 &#8211; 300 mm de longitud A\u00f1o de construcci\u00f3n 07-2016 en perfecto estado &#8211; Max. Formato: 500 x 500 mm &#8211; Min. Formato: 90 x 90 mm &#8211; [&hellip;]<\/p>\n","protected":false},"featured_media":94879,"template":"","meta":[],"product_brand":[],"product_cat":[2854],"product_tag":[],"class_list":{"0":"post-96179","1":"product","2":"type-product","3":"status-publish","4":"has-post-thumbnail","6":"product_cat-encuadernadoras-de-alambre","7":"pa_hersteller-renz","8":"pa_typ-mobi-500","9":"pa_typ-ka-300","11":"first","12":"instock","13":"taxable","14":"shipping-taxable","15":"product-type-simple"},"jetpack_sharing_enabled":true,"_links":{"self":[{"href":"https:\/\/www.3p-gmbh.de\/es\/wp-json\/wp\/v2\/product\/96179","targetHints":{"allow":["GET"]}}],"collection":[{"href":"https:\/\/www.3p-gmbh.de\/es\/wp-json\/wp\/v2\/product"}],"about":[{"href":"https:\/\/www.3p-gmbh.de\/es\/wp-json\/wp\/v2\/types\/product"}],"wp:featuredmedia":[{"embeddable":true,"href":"https:\/\/www.3p-gmbh.de\/es\/wp-json\/wp\/v2\/media\/94879"}],"wp:attachment":[{"href":"https:\/\/www.3p-gmbh.de\/es\/wp-json\/wp\/v2\/media?parent=96179"}],"wp:term":[{"taxonomy":"product_brand","embeddable":true,"href":"https:\/\/www.3p-gmbh.de\/es\/wp-json\/wp\/v2\/product_brand?post=96179"},{"taxonomy":"product_cat","embeddable":true,"href":"https:\/\/www.3p-gmbh.de\/es\/wp-json\/wp\/v2\/product_cat?post=96179"},{"taxonomy":"product_tag","embeddable":true,"href":"https:\/\/www.3p-gmbh.de\/es\/wp-json\/wp\/v2\/product_tag?post=96179"}],"curies":[{"name":"wp","href":"https:\/\/api.w.org\/{rel}","templated":true}]}}