{"id":96015,"date":"2023-11-28T16:13:24","date_gmt":"2023-11-28T16:13:24","guid":{"rendered":"https:\/\/www.3p-gmbh.de\/produkt\/konica-minolta-bizhub-pro-c1060\/"},"modified":"2023-11-28T16:13:24","modified_gmt":"2023-11-28T16:13:24","slug":"konica-minolta-bizhub-pro-c1060","status":"publish","type":"product","link":"https:\/\/www.3p-gmbh.de\/es\/produkt\/konica-minolta-bizhub-pro-c1060\/","title":{"rendered":"Konica Minolta bizhub PRO C1060"},"content":{"rendered":"<p><strong>Konica bizhub PRO C1060<\/strong><br \/>\n*Dispositivo usado<br \/>\nN\u00famero de m\u00e1quina: 1819287410<br \/>\nLectura del contador a 02\/11\/2022: 00942571<br \/>\n<strong>de 12-2015<\/strong><\/p>\n<p>Opci\u00f3n de controlador<br \/>\nVI-507 Kit de interfaz para EFI Fiery IC-308 \/ IC-415<br \/>\nTratamiento de la impresi\u00f3n<br \/>\nIC-415 Controlador de impresi\u00f3n integrado EFI Fiery<br \/>\nM\u00f3dem bizhub GPRS incl. SIM (KPN)<br \/>\nInterfaz con el sistema de telemantenimiento por radio m\u00f3vil, m\u00f3dem incluido. Tarjeta SIM f<br \/>\nDF-626 Alimentador autom\u00e1tico de documentos<br \/>\nEntrada de papel<br \/>\nPF-707 Almac\u00e9n de gran capacidad con tecnolog\u00eda de sistema de aspiraci\u00f3n<br \/>\nTratamiento final<br \/>\nFS-532 Acabadora Todo en Uno<br \/>\nRU-509 Unidad de refrigeraci\u00f3n\/suavizado<\/p>\n<p><a href=\"https:\/\/www.3p-gmbh.de\/wp-content\/uploads\/2023\/11\/Konica-bizhub-Pro-C1060-tech-Daten.pdf\">Konica bizhub Pro C1060-datos t\u00e9cnicos<\/a><\/p>\n","protected":false},"excerpt":{"rendered":"<p>Konica bizhub PRO C1060 *Dispositivo usado N\u00famero de m\u00e1quina: 1819287410 Lectura del contador a 02\/11\/2022: 00942571 de 12-2015 Opci\u00f3n de controlador VI-507 Kit de interfaz para EFI Fiery IC-308 \/ IC-415 Tratamiento de la impresi\u00f3n IC-415 Controlador de impresi\u00f3n integrado EFI Fiery M\u00f3dem bizhub GPRS incl. SIM (KPN) Interfaz con el sistema de telemantenimiento por [&hellip;]<\/p>\n","protected":false},"featured_media":95094,"template":"","meta":[],"product_brand":[],"product_cat":[15],"product_tag":[],"class_list":{"0":"post-96015","1":"product","2":"type-product","3":"status-publish","4":"has-post-thumbnail","6":"product_cat-unkategorisiert","7":"pa_bezeichnung_typ-bizhub-pro-c1060","8":"pa_hersteller-konica-minolta","10":"first","11":"instock","12":"taxable","13":"shipping-taxable","14":"product-type-simple"},"jetpack_sharing_enabled":true,"_links":{"self":[{"href":"https:\/\/www.3p-gmbh.de\/es\/wp-json\/wp\/v2\/product\/96015","targetHints":{"allow":["GET"]}}],"collection":[{"href":"https:\/\/www.3p-gmbh.de\/es\/wp-json\/wp\/v2\/product"}],"about":[{"href":"https:\/\/www.3p-gmbh.de\/es\/wp-json\/wp\/v2\/types\/product"}],"wp:featuredmedia":[{"embeddable":true,"href":"https:\/\/www.3p-gmbh.de\/es\/wp-json\/wp\/v2\/media\/95094"}],"wp:attachment":[{"href":"https:\/\/www.3p-gmbh.de\/es\/wp-json\/wp\/v2\/media?parent=96015"}],"wp:term":[{"taxonomy":"product_brand","embeddable":true,"href":"https:\/\/www.3p-gmbh.de\/es\/wp-json\/wp\/v2\/product_brand?post=96015"},{"taxonomy":"product_cat","embeddable":true,"href":"https:\/\/www.3p-gmbh.de\/es\/wp-json\/wp\/v2\/product_cat?post=96015"},{"taxonomy":"product_tag","embeddable":true,"href":"https:\/\/www.3p-gmbh.de\/es\/wp-json\/wp\/v2\/product_tag?post=96015"}],"curies":[{"name":"wp","href":"https:\/\/api.w.org\/{rel}","templated":true}]}}