{"id":95973,"date":"2023-11-30T14:21:29","date_gmt":"2023-11-30T14:21:29","guid":{"rendered":"https:\/\/www.3p-gmbh.de\/produkt\/lavaparabrisas-siri-rotor-bochonow-rw-850-lavaparabrisas-automatico\/"},"modified":"2023-11-30T14:21:29","modified_gmt":"2023-11-30T14:21:29","slug":"siri-rotor-washing-system-bochonow-rw-850-automatic-screen-washing-system","status":"publish","type":"product","link":"https:\/\/www.3p-gmbh.de\/es\/produkt\/siri-rotor-washing-system-bochonow-rw-850-automatic-screen-washing-system\/","title":{"rendered":"Lavaparabrisas SIRI Rotor BOCHONOW RW 850 &#8211; Lavaparabrisas autom\u00e1tico"},"content":{"rendered":"<p><strong>Lavaparabrisas SIRI Rotor BOCHONOW RW 850 &#8211; Lavaparabrisas autom\u00e1tico<\/strong><br \/>\n<strong>de yr. 2018 como nuevo<br \/>\n<\/strong><br \/>\nEl sistema de lavado de rotores RW cumple todos los requisitos de seguridad y est\u00e1 dise\u00f1ado conforme a las especificaciones ATEX en particular.<\/p>\n<p>Tama\u00f1o de tamiz m\u00e1x. 85 x 85 x 230 Dimensiones (AlxAnxPr) cm<\/p>\n<p>Boquillas de chorro plano especialmente dispuestas lavan las formas de serigraf\u00eda colocadas verticalmente desde ambos lados en el sistema de lavado de rotor RW con barras de boquillas giratorias.<br \/>\nEl proceso de lavado sigue el probado \u00abprincipio de alto volumen\u00bb de BOCHONOW \u00ae.<br \/>\nUn di\u00e1metro de boquilla de m\u00e1s de tres mil\u00edmetros (\u00a1!) garantiza un efecto de limpieza \u00f3ptimo y un funcionamiento de bajo mantenimiento.<br \/>\nEl medio de limpieza se bombea al circuito desde un gran dep\u00f3sito situado bajo la c\u00e1mara de lavado mediante una potente bomba centr\u00edfuga.<br \/>\nEl elevado caudal de la bomba permite utilizar boquillas con grandes secciones transversales que son insensibles a los atascos y tienen un gran efecto de limpieza.<br \/>\nComo medio de limpieza se utiliza un limpiador de tamices con un punto de inflamaci\u00f3n de &gt; 55\u00b0 C y una conductividad de &gt; 10-9 S\/m.<br \/>\nTras el lavado, el tamiz se transfiere manualmente a la c\u00e1mara de secado.<\/p>\n<p>La c\u00e1mara de secado es robusta, f\u00e1cil de mantener y sencilla de controlar.<br \/>\nLos controles son f\u00e1cilmente accesibles en la parte frontal. El armario de control est\u00e1 montado en el sistema listo para su conexi\u00f3n.<br \/>\nLos tiempos de lavado y escurrido pueden programarse individualmente.<br \/>\nTambi\u00e9n es posible el aclarado con disolvente limpio con los accesorios adecuados<\/p>\n","protected":false},"excerpt":{"rendered":"<p>Lavaparabrisas SIRI Rotor BOCHONOW RW 850 &#8211; Lavaparabrisas autom\u00e1tico de yr. 2018 como nuevo El sistema de lavado de rotores RW cumple todos los requisitos de seguridad y est\u00e1 dise\u00f1ado conforme a las especificaciones ATEX en particular. Tama\u00f1o de tamiz m\u00e1x. 85 x 85 x 230 Dimensiones (AlxAnxPr) cm Boquillas de chorro plano especialmente dispuestas [&hellip;]<\/p>\n","protected":false},"featured_media":95348,"template":"","meta":[],"product_brand":[],"product_cat":[3086],"product_tag":[],"class_list":{"0":"post-95973","1":"product","2":"type-product","3":"status-publish","4":"has-post-thumbnail","6":"product_cat-serigrafia-flexografia-y-huecograbado","7":"pa_hersteller-bochonow","8":"pa_typ-rw-850","10":"first","11":"instock","12":"taxable","13":"shipping-taxable","14":"product-type-simple"},"jetpack_sharing_enabled":true,"_links":{"self":[{"href":"https:\/\/www.3p-gmbh.de\/es\/wp-json\/wp\/v2\/product\/95973","targetHints":{"allow":["GET"]}}],"collection":[{"href":"https:\/\/www.3p-gmbh.de\/es\/wp-json\/wp\/v2\/product"}],"about":[{"href":"https:\/\/www.3p-gmbh.de\/es\/wp-json\/wp\/v2\/types\/product"}],"wp:featuredmedia":[{"embeddable":true,"href":"https:\/\/www.3p-gmbh.de\/es\/wp-json\/wp\/v2\/media\/95348"}],"wp:attachment":[{"href":"https:\/\/www.3p-gmbh.de\/es\/wp-json\/wp\/v2\/media?parent=95973"}],"wp:term":[{"taxonomy":"product_brand","embeddable":true,"href":"https:\/\/www.3p-gmbh.de\/es\/wp-json\/wp\/v2\/product_brand?post=95973"},{"taxonomy":"product_cat","embeddable":true,"href":"https:\/\/www.3p-gmbh.de\/es\/wp-json\/wp\/v2\/product_cat?post=95973"},{"taxonomy":"product_tag","embeddable":true,"href":"https:\/\/www.3p-gmbh.de\/es\/wp-json\/wp\/v2\/product_tag?post=95973"}],"curies":[{"name":"wp","href":"https:\/\/api.w.org\/{rel}","templated":true}]}}