{"id":95882,"date":"2023-11-30T14:37:54","date_gmt":"2023-11-30T14:37:54","guid":{"rendered":"https:\/\/www.3p-gmbh.de\/produkt\/maquina-de-corte-vlf-wohlenberg-185-mcs-2tv\/"},"modified":"2023-11-30T14:37:54","modified_gmt":"2023-11-30T14:37:54","slug":"vlf-cutting-machine-wohlenberg-185-mcs-2tv","status":"publish","type":"product","link":"https:\/\/www.3p-gmbh.de\/es\/produkt\/vlf-cutting-machine-wohlenberg-185-mcs-2tv\/","title":{"rendered":"M\u00e1quina de corte VLF WOHLENBERG 185 MCS-2TV"},"content":{"rendered":"<p><strong>M\u00e1quina de corte VLF WOHLENBERG 185 MCS-2TV<\/strong><br \/>\n<strong>desde aprox. 1993<\/strong><\/p>\n<p>Anchura de trabajo 185 mm<br \/>\n2 cuchillos<br \/>\nMesas de aire izquierda, centro y derecha<br \/>\nPantalla de TV modificada con programas<br \/>\nSensores de seguridad<br \/>\nHomologaci\u00f3n CE<\/p>\n<p>M\u00e1quina a\u00fan en producci\u00f3n, en buen estado<br \/>\ndisponible INMEDIATAMENTE<\/p>\n","protected":false},"excerpt":{"rendered":"<p>M\u00e1quina de corte VLF WOHLENBERG 185 MCS-2TV desde aprox. 1993 Anchura de trabajo 185 mm 2 cuchillos Mesas de aire izquierda, centro y derecha Pantalla de TV modificada con programas Sensores de seguridad Homologaci\u00f3n CE M\u00e1quina a\u00fan en producci\u00f3n, en buen estado disponible INMEDIATAMENTE<\/p>\n","protected":false},"featured_media":95422,"template":"","meta":[],"product_brand":[],"product_cat":[3018],"product_tag":[],"class_list":{"0":"post-95882","1":"product","2":"type-product","3":"status-publish","4":"has-post-thumbnail","6":"product_cat-maquinas-de-corte-es","7":"pa_hersteller-wohlenberg","8":"pa_typ-185-mcs-2tv","10":"first","11":"instock","12":"taxable","13":"shipping-taxable","14":"product-type-simple"},"jetpack_sharing_enabled":true,"_links":{"self":[{"href":"https:\/\/www.3p-gmbh.de\/es\/wp-json\/wp\/v2\/product\/95882","targetHints":{"allow":["GET"]}}],"collection":[{"href":"https:\/\/www.3p-gmbh.de\/es\/wp-json\/wp\/v2\/product"}],"about":[{"href":"https:\/\/www.3p-gmbh.de\/es\/wp-json\/wp\/v2\/types\/product"}],"wp:featuredmedia":[{"embeddable":true,"href":"https:\/\/www.3p-gmbh.de\/es\/wp-json\/wp\/v2\/media\/95422"}],"wp:attachment":[{"href":"https:\/\/www.3p-gmbh.de\/es\/wp-json\/wp\/v2\/media?parent=95882"}],"wp:term":[{"taxonomy":"product_brand","embeddable":true,"href":"https:\/\/www.3p-gmbh.de\/es\/wp-json\/wp\/v2\/product_brand?post=95882"},{"taxonomy":"product_cat","embeddable":true,"href":"https:\/\/www.3p-gmbh.de\/es\/wp-json\/wp\/v2\/product_cat?post=95882"},{"taxonomy":"product_tag","embeddable":true,"href":"https:\/\/www.3p-gmbh.de\/es\/wp-json\/wp\/v2\/product_tag?post=95882"}],"curies":[{"name":"wp","href":"https:\/\/api.w.org\/{rel}","templated":true}]}}