{"id":95849,"date":"2023-11-30T15:05:51","date_gmt":"2023-11-30T15:05:51","guid":{"rendered":"https:\/\/www.3p-gmbh.de\/produkt\/punzonadora-original-heidelberg-ohz-sbd\/"},"modified":"2023-11-30T15:05:51","modified_gmt":"2023-11-30T15:05:51","slug":"original-heidelberg-ohz-punching-machine-sbd","status":"publish","type":"product","link":"https:\/\/www.3p-gmbh.de\/es\/produkt\/original-heidelberg-ohz-punching-machine-sbd\/","title":{"rendered":"Punzonadora original Heidelberg OHZ &#8211; SBD"},"content":{"rendered":"<p><strong>Punzonadora original Heidelberg OHZ &#8211; SBD<\/strong><br \/>\n<strong>A\u00f1o de construcci\u00f3n 1969  <\/strong><br \/>\n<strong>REFERENCIA: 34542<\/strong><\/p>\n<p><strong><em>Equipamiento:<\/em><\/strong><br \/>\nAccesorios est\u00e1ndar s\u00f3lo para punzonado<br \/>\n2 Marco<\/p>\n<p>Tama\u00f1o de hoja m\u00e1x. 640 x 900 mm<br \/>\nTama\u00f1o de hoja m\u00edn. 290 x 400 mm<br \/>\nVelocidad m\u00e1x. \/h: 4000<br \/>\nLongitud: 370 cm<br \/>\nAnchura: 245 cm<br \/>\nAltura: 145 cm<br \/>\nPeso: 6000 kg<br \/>\nConsumo: 10,8 kW<\/p>\n<p><strong>En muy buen estado<\/strong><\/p>\n<p>V\u00eddeo en <a href=\"https:\/\/youtu.be\/OAB3yqei830\">https:\/\/youtu.be\/OAB3yqei830<\/a><\/p>\n","protected":false},"excerpt":{"rendered":"<p>Punzonadora original Heidelberg OHZ &#8211; SBD A\u00f1o de construcci\u00f3n 1969 REFERENCIA: 34542 Equipamiento: Accesorios est\u00e1ndar s\u00f3lo para punzonado 2 Marco Tama\u00f1o de hoja m\u00e1x. 640 x 900 mm Tama\u00f1o de hoja m\u00edn. 290 x 400 mm Velocidad m\u00e1x. \/h: 4000 Longitud: 370 cm Anchura: 245 cm Altura: 145 cm Peso: 6000 kg Consumo: 10,8 kW [&hellip;]<\/p>\n","protected":false},"featured_media":95488,"template":"","meta":[],"product_brand":[],"product_cat":[2910],"product_tag":[],"class_list":{"0":"post-95849","1":"product","2":"type-product","3":"status-publish","4":"has-post-thumbnail","6":"product_cat-perforacion","7":"pa_hersteller-heidelberg","8":"pa_typ-ohz-sbd","10":"first","11":"instock","12":"taxable","13":"shipping-taxable","14":"product-type-simple"},"jetpack_sharing_enabled":true,"_links":{"self":[{"href":"https:\/\/www.3p-gmbh.de\/es\/wp-json\/wp\/v2\/product\/95849","targetHints":{"allow":["GET"]}}],"collection":[{"href":"https:\/\/www.3p-gmbh.de\/es\/wp-json\/wp\/v2\/product"}],"about":[{"href":"https:\/\/www.3p-gmbh.de\/es\/wp-json\/wp\/v2\/types\/product"}],"wp:featuredmedia":[{"embeddable":true,"href":"https:\/\/www.3p-gmbh.de\/es\/wp-json\/wp\/v2\/media\/95488"}],"wp:attachment":[{"href":"https:\/\/www.3p-gmbh.de\/es\/wp-json\/wp\/v2\/media?parent=95849"}],"wp:term":[{"taxonomy":"product_brand","embeddable":true,"href":"https:\/\/www.3p-gmbh.de\/es\/wp-json\/wp\/v2\/product_brand?post=95849"},{"taxonomy":"product_cat","embeddable":true,"href":"https:\/\/www.3p-gmbh.de\/es\/wp-json\/wp\/v2\/product_cat?post=95849"},{"taxonomy":"product_tag","embeddable":true,"href":"https:\/\/www.3p-gmbh.de\/es\/wp-json\/wp\/v2\/product_tag?post=95849"}],"curies":[{"name":"wp","href":"https:\/\/api.w.org\/{rel}","templated":true}]}}