{"id":94226,"date":"2021-01-12T13:48:31","date_gmt":"2021-01-12T13:48:31","guid":{"rendered":"https:\/\/www.3p-gmbh.de\/produkt\/sistema-de-marcaje-industrial-con-printolux-modelo-printolux-fb-30-plus\/"},"modified":"2021-01-12T13:48:31","modified_gmt":"2021-01-12T13:48:31","slug":"sistema-de-marcaje-industrial-con-printolux-modelo-printolux-fb-30-plus","status":"publish","type":"product","link":"https:\/\/www.3p-gmbh.de\/es\/produkt\/sistema-de-marcaje-industrial-con-printolux-modelo-printolux-fb-30-plus\/","title":{"rendered":"Sistema de marcaje industrial con PrintoLUX\u00ae Modelo PrintoLUX FB-30-Plus"},"content":{"rendered":"<div><strong>Sistema de marcado PrintoLUX FB-30-Plus<\/strong><\/div>\n<div>\nAjuste manual de altura hasta 30 mm<br \/>\n\u00c1rea de impresi\u00f3n activa hasta un m\u00e1ximo de 320 x 540 mm<br \/>\nSoporta peso hasta m\u00e1x. 10 kg. Alta calidad de impresi\u00f3n gracias a la mesa de impresi\u00f3n fija y a la unidad de impresi\u00f3n m\u00f3vil<br \/>\nResultados de impresi\u00f3n a\u00fan mejores: Realizaci\u00f3n de anchos de l\u00ednea de hasta 0,05 mm<\/div>\n","protected":false},"excerpt":{"rendered":"<p>Sistema de marcado PrintoLUX FB-30-Plus Ajuste manual de altura hasta 30 mm \u00c1rea de impresi\u00f3n activa hasta un m\u00e1ximo de 320 x 540 mm Soporta peso hasta m\u00e1x. 10 kg. Alta calidad de impresi\u00f3n gracias a la mesa de impresi\u00f3n fija y a la unidad de impresi\u00f3n m\u00f3vil Resultados de impresi\u00f3n a\u00fan mejores: Realizaci\u00f3n de [&hellip;]<\/p>\n","protected":false},"featured_media":78994,"template":"","meta":[],"product_brand":[],"product_cat":[2971],"product_tag":[],"class_list":{"0":"post-94226","1":"product","2":"type-product","3":"status-publish","4":"has-post-thumbnail","6":"product_cat-impresion-digital","7":"pa_hersteller-printolux","8":"pa_typ-fb-30-plus","10":"first","11":"instock","12":"taxable","13":"shipping-taxable","14":"product-type-simple"},"jetpack_sharing_enabled":true,"_links":{"self":[{"href":"https:\/\/www.3p-gmbh.de\/es\/wp-json\/wp\/v2\/product\/94226","targetHints":{"allow":["GET"]}}],"collection":[{"href":"https:\/\/www.3p-gmbh.de\/es\/wp-json\/wp\/v2\/product"}],"about":[{"href":"https:\/\/www.3p-gmbh.de\/es\/wp-json\/wp\/v2\/types\/product"}],"wp:featuredmedia":[{"embeddable":true,"href":"https:\/\/www.3p-gmbh.de\/es\/wp-json\/wp\/v2\/media\/78994"}],"wp:attachment":[{"href":"https:\/\/www.3p-gmbh.de\/es\/wp-json\/wp\/v2\/media?parent=94226"}],"wp:term":[{"taxonomy":"product_brand","embeddable":true,"href":"https:\/\/www.3p-gmbh.de\/es\/wp-json\/wp\/v2\/product_brand?post=94226"},{"taxonomy":"product_cat","embeddable":true,"href":"https:\/\/www.3p-gmbh.de\/es\/wp-json\/wp\/v2\/product_cat?post=94226"},{"taxonomy":"product_tag","embeddable":true,"href":"https:\/\/www.3p-gmbh.de\/es\/wp-json\/wp\/v2\/product_tag?post=94226"}],"curies":[{"name":"wp","href":"https:\/\/api.w.org\/{rel}","templated":true}]}}