{"id":94193,"date":"2019-07-11T13:56:29","date_gmt":"2019-07-11T13:56:29","guid":{"rendered":"https:\/\/www.3p-gmbh.de\/produkt\/plegadora-mas-pequena-heidelberg-stahl-t-36-4\/"},"modified":"2019-07-11T13:56:29","modified_gmt":"2019-07-11T13:56:29","slug":"plegadora-mas-pequena","status":"publish","type":"product","link":"https:\/\/www.3p-gmbh.de\/es\/produkt\/plegadora-mas-pequena\/","title":{"rendered":"Plegadora m\u00e1s peque\u00f1a Heidelberg Stahl T 36-4"},"content":{"rendered":"<ul>\n<li>Plegadora combinada de chapa con hebilla para pliegues muy peque\u00f1os Acero T 36-4-KB-F-SA<\/li>\n<li>Ideal para pliegues muy peque\u00f1os, por ejemplo, prospectos de envases o prospectos farmac\u00e9uticos a partir de 20 mm.<\/li>\n<li>Alimentador de pila plana y contador de preselecci\u00f3n EVZ 11<\/li>\n<li>FW 1 con 4 bolsillos de 36 cm de ancho de entrada, eje de corte descendente, protecci\u00f3n ac\u00fastica<\/li>\n<li>Espada de enganche plegable KB-36 con un cuchillo<\/li>\n<li>Entrega en cobertizo abatible<\/li>\n<\/ul>\n","protected":false},"excerpt":{"rendered":"<p>Plegadora combinada de chapa con hebilla para pliegues muy peque\u00f1os Acero T 36-4-KB-F-SA Ideal para pliegues muy peque\u00f1os, por ejemplo, prospectos de envases o prospectos farmac\u00e9uticos a partir de 20 mm. Alimentador de pila plana y contador de preselecci\u00f3n EVZ 11 FW 1 con 4 bolsillos de 36 cm de ancho de entrada, eje de [&hellip;]<\/p>\n","protected":false},"featured_media":67378,"template":"","meta":[],"product_brand":[],"product_cat":[2982],"product_tag":[],"class_list":{"0":"post-94193","1":"product","2":"type-product","3":"status-publish","4":"has-post-thumbnail","6":"product_cat-plegadoras","7":"pa_baujahr-272","8":"pa_hersteller-stahl-ludwigsburg","9":"pa_typ-stahlfolder-t-36-4-kb-f2-sa","11":"first","12":"instock","13":"sold-individually","14":"taxable","15":"shipping-taxable","16":"purchasable","17":"product-type-simple"},"jetpack_sharing_enabled":true,"_links":{"self":[{"href":"https:\/\/www.3p-gmbh.de\/es\/wp-json\/wp\/v2\/product\/94193","targetHints":{"allow":["GET"]}}],"collection":[{"href":"https:\/\/www.3p-gmbh.de\/es\/wp-json\/wp\/v2\/product"}],"about":[{"href":"https:\/\/www.3p-gmbh.de\/es\/wp-json\/wp\/v2\/types\/product"}],"wp:featuredmedia":[{"embeddable":true,"href":"https:\/\/www.3p-gmbh.de\/es\/wp-json\/wp\/v2\/media\/67378"}],"wp:attachment":[{"href":"https:\/\/www.3p-gmbh.de\/es\/wp-json\/wp\/v2\/media?parent=94193"}],"wp:term":[{"taxonomy":"product_brand","embeddable":true,"href":"https:\/\/www.3p-gmbh.de\/es\/wp-json\/wp\/v2\/product_brand?post=94193"},{"taxonomy":"product_cat","embeddable":true,"href":"https:\/\/www.3p-gmbh.de\/es\/wp-json\/wp\/v2\/product_cat?post=94193"},{"taxonomy":"product_tag","embeddable":true,"href":"https:\/\/www.3p-gmbh.de\/es\/wp-json\/wp\/v2\/product_tag?post=94193"}],"curies":[{"name":"wp","href":"https:\/\/api.w.org\/{rel}","templated":true}]}}