{"id":94188,"date":"2019-07-11T13:56:29","date_gmt":"2019-07-11T13:56:29","guid":{"rendered":"https:\/\/www.3p-gmbh.de\/produkt\/heidelberg-steel-tf-56-4-4-f-plegadora-de-chapa-con-hebilla\/"},"modified":"2019-07-11T13:56:29","modified_gmt":"2019-07-11T13:56:29","slug":"plegadora-de-bolsillos-24","status":"publish","type":"product","link":"https:\/\/www.3p-gmbh.de\/es\/produkt\/plegadora-de-bolsillos-24\/","title":{"rendered":"Heidelberg Steel TF 56-4-4-F Plegadora de chapa con hebilla"},"content":{"rendered":"<ul>\n<li>hebilla placa plegable acero TF 56-4-4-F SAK 56<\/li>\n<li>A\u00f1o de fabricaci\u00f3n 1996<\/li>\n<li>Formato 56 x 84 cm<\/li>\n<li>Alimentador de pila plana con Tremat y contador de preselecci\u00f3n PCS 100<\/li>\n<li>1. movimiento 4 bolsillos 56cm y cabezal de corte descendente<\/li>\n<li>2. movimiento 4 bolsillos 56cm y cabezal de corte descendente<\/li>\n<li>1 nave m\u00f3vil de reparto SAK 56 con dispositivo de marcado<\/li>\n<li>1 bomba DV<\/li>\n<li>1 electromagn\u00e9tico de bolsillo de rebaje de ventana<\/li>\n<\/ul>\n","protected":false},"excerpt":{"rendered":"<p>hebilla placa plegable acero TF 56-4-4-F SAK 56 A\u00f1o de fabricaci\u00f3n 1996 Formato 56 x 84 cm Alimentador de pila plana con Tremat y contador de preselecci\u00f3n PCS 100 1. movimiento 4 bolsillos 56cm y cabezal de corte descendente 2. movimiento 4 bolsillos 56cm y cabezal de corte descendente 1 nave m\u00f3vil de reparto SAK [&hellip;]<\/p>\n","protected":false},"featured_media":67351,"template":"","meta":[],"product_brand":[],"product_cat":[2982],"product_tag":[],"class_list":{"0":"post-94188","1":"product","2":"type-product","3":"status-publish","4":"has-post-thumbnail","6":"product_cat-plegadoras","7":"pa_baujahr-209","8":"pa_hersteller-heidelberg-stahlfolder","9":"pa_typ-tf-56-4-4-f-sak-56","11":"first","12":"instock","13":"sold-individually","14":"taxable","15":"shipping-taxable","16":"purchasable","17":"product-type-simple"},"jetpack_sharing_enabled":true,"_links":{"self":[{"href":"https:\/\/www.3p-gmbh.de\/es\/wp-json\/wp\/v2\/product\/94188","targetHints":{"allow":["GET"]}}],"collection":[{"href":"https:\/\/www.3p-gmbh.de\/es\/wp-json\/wp\/v2\/product"}],"about":[{"href":"https:\/\/www.3p-gmbh.de\/es\/wp-json\/wp\/v2\/types\/product"}],"wp:featuredmedia":[{"embeddable":true,"href":"https:\/\/www.3p-gmbh.de\/es\/wp-json\/wp\/v2\/media\/67351"}],"wp:attachment":[{"href":"https:\/\/www.3p-gmbh.de\/es\/wp-json\/wp\/v2\/media?parent=94188"}],"wp:term":[{"taxonomy":"product_brand","embeddable":true,"href":"https:\/\/www.3p-gmbh.de\/es\/wp-json\/wp\/v2\/product_brand?post=94188"},{"taxonomy":"product_cat","embeddable":true,"href":"https:\/\/www.3p-gmbh.de\/es\/wp-json\/wp\/v2\/product_cat?post=94188"},{"taxonomy":"product_tag","embeddable":true,"href":"https:\/\/www.3p-gmbh.de\/es\/wp-json\/wp\/v2\/product_tag?post=94188"}],"curies":[{"name":"wp","href":"https:\/\/api.w.org\/{rel}","templated":true}]}}