{"id":94173,"date":"2019-07-11T13:56:29","date_gmt":"2019-07-11T13:56:29","guid":{"rendered":"https:\/\/www.3p-gmbh.de\/produkt\/plegadora-combinada-heidelberg-steel-kh-78-4-ktl-rfh-82\/"},"modified":"2019-07-11T13:56:29","modified_gmt":"2019-07-11T13:56:29","slug":"plegadora-combinada-13","status":"publish","type":"product","link":"https:\/\/www.3p-gmbh.de\/es\/produkt\/plegadora-combinada-13\/","title":{"rendered":"Plegadora combinada Heidelberg Steel KH 78-4-KTL-RFH 82"},"content":{"rendered":"<ul>\n<li>A\u00f1o de fabricaci\u00f3n 2005<\/li>\n<li>Alimentador de pila redonda RFH-82 con extensi\u00f3n de mesa y sistema de control MCT<\/li>\n<li>Formato m\u00e1ximo 82x128cm<\/li>\n<li>bloque de corte ascendente<\/li>\n<li>Unidad de plegado de placas de hebilla BUH 1\u00aa estaci\u00f3n con 4 placas de hebilla anchura de trabajo 82 cm, eje de corte descendente<\/li>\n<li>Unidad de plegado transversal BCUH en dise\u00f1o de plegado transversal KTL (cuchilla, bolsillo tumbado, cuchilla) Anchura de trabajo 78 cm, eje de cuchilla aguas abajo<\/li>\n<li>Bomba DV con caja antirruido y ventilador<\/li>\n<li>Entrega vertical de chapa de acero SBP 66.D MKE<\/li>\n<\/ul>\n","protected":false},"excerpt":{"rendered":"<p>A\u00f1o de fabricaci\u00f3n 2005 Alimentador de pila redonda RFH-82 con extensi\u00f3n de mesa y sistema de control MCT Formato m\u00e1ximo 82x128cm bloque de corte ascendente Unidad de plegado de placas de hebilla BUH 1\u00aa estaci\u00f3n con 4 placas de hebilla anchura de trabajo 82 cm, eje de corte descendente Unidad de plegado transversal BCUH en [&hellip;]<\/p>\n","protected":false},"featured_media":71074,"template":"","meta":[],"product_brand":[],"product_cat":[2982],"product_tag":[],"class_list":{"0":"post-94173","1":"product","2":"type-product","3":"status-publish","4":"has-post-thumbnail","6":"product_cat-plegadoras","7":"pa_baujahr-168","8":"pa_hersteller-heidelberg-stahl-ludwigsburg","9":"pa_typ-stahfolder-kh-78-4-ktl-rfh-82","11":"first","12":"instock","13":"sold-individually","14":"taxable","15":"shipping-taxable","16":"purchasable","17":"product-type-simple"},"jetpack_sharing_enabled":true,"_links":{"self":[{"href":"https:\/\/www.3p-gmbh.de\/es\/wp-json\/wp\/v2\/product\/94173","targetHints":{"allow":["GET"]}}],"collection":[{"href":"https:\/\/www.3p-gmbh.de\/es\/wp-json\/wp\/v2\/product"}],"about":[{"href":"https:\/\/www.3p-gmbh.de\/es\/wp-json\/wp\/v2\/types\/product"}],"wp:featuredmedia":[{"embeddable":true,"href":"https:\/\/www.3p-gmbh.de\/es\/wp-json\/wp\/v2\/media\/71074"}],"wp:attachment":[{"href":"https:\/\/www.3p-gmbh.de\/es\/wp-json\/wp\/v2\/media?parent=94173"}],"wp:term":[{"taxonomy":"product_brand","embeddable":true,"href":"https:\/\/www.3p-gmbh.de\/es\/wp-json\/wp\/v2\/product_brand?post=94173"},{"taxonomy":"product_cat","embeddable":true,"href":"https:\/\/www.3p-gmbh.de\/es\/wp-json\/wp\/v2\/product_cat?post=94173"},{"taxonomy":"product_tag","embeddable":true,"href":"https:\/\/www.3p-gmbh.de\/es\/wp-json\/wp\/v2\/product_tag?post=94173"}],"curies":[{"name":"wp","href":"https:\/\/api.w.org\/{rel}","templated":true}]}}