{"id":94151,"date":"2019-07-11T13:56:29","date_gmt":"2019-07-11T13:56:29","guid":{"rendered":"https:\/\/www.3p-gmbh.de\/produkt\/palamides-alpha-500-stack-entrega-entrega-del-paquete\/"},"modified":"2019-07-11T13:56:29","modified_gmt":"2019-07-11T13:56:29","slug":"entrega-de-pilas-entrega-de-paquetes","status":"publish","type":"product","link":"https:\/\/www.3p-gmbh.de\/es\/produkt\/entrega-de-pilas-entrega-de-paquetes\/","title":{"rendered":"Palamides Alpha 500 Stack Entrega &#8211; Entrega del paquete"},"content":{"rendered":"<ul>\n<li>A\u00f1o de fabricaci\u00f3n 2006<\/li>\n<li>Colocaci\u00f3n sin marcas<\/li>\n<li>Tratamiento de usos m\u00faltiples<\/li>\n<li>Retirada de pilas pesadas<\/li>\n<li>Altura de entrada regulable de 40 cm a 105 cm<\/li>\n<li>Anchura de entrada m\u00edn. 80 mm<\/li>\n<li>Longitud de entrada 95 mm<\/li>\n<li>Anchura m\u00e1x. de entrada 1 panel 510 mm x longitud de entrada 330 mm<\/li>\n<li>Anchura m\u00e1x. de entrada 2 paneles 235 mm x longitud de entrada 330 mm<\/li>\n<li>Anchura m\u00e1x. de entrada 3 paneles 150 mm x longitud de entrada 330 mm (opcional)<\/li>\n<li>min. Altura de apilado 3 mm<\/li>\n<li>m\u00e1x. Altura de apilado 160 mm<\/li>\n<li>Velocidad: 900 pilas por hora y uso<\/li>\n<\/ul>\n","protected":false},"excerpt":{"rendered":"<p>A\u00f1o de fabricaci\u00f3n 2006 Colocaci\u00f3n sin marcas Tratamiento de usos m\u00faltiples Retirada de pilas pesadas Altura de entrada regulable de 40 cm a 105 cm Anchura de entrada m\u00edn. 80 mm Longitud de entrada 95 mm Anchura m\u00e1x. de entrada 1 panel 510 mm x longitud de entrada 330 mm Anchura m\u00e1x. de entrada 2 [&hellip;]<\/p>\n","protected":false},"featured_media":67405,"template":"","meta":[],"product_brand":[],"product_cat":[2913],"product_tag":[],"class_list":{"0":"post-94151","1":"product","2":"type-product","3":"status-publish","4":"has-post-thumbnail","6":"product_cat-gastos","7":"pa_baujahr-127","8":"pa_hersteller-palamides","9":"pa_typ-alpha-500","11":"first","12":"instock","13":"sold-individually","14":"taxable","15":"shipping-taxable","16":"purchasable","17":"product-type-simple"},"jetpack_sharing_enabled":true,"_links":{"self":[{"href":"https:\/\/www.3p-gmbh.de\/es\/wp-json\/wp\/v2\/product\/94151","targetHints":{"allow":["GET"]}}],"collection":[{"href":"https:\/\/www.3p-gmbh.de\/es\/wp-json\/wp\/v2\/product"}],"about":[{"href":"https:\/\/www.3p-gmbh.de\/es\/wp-json\/wp\/v2\/types\/product"}],"wp:featuredmedia":[{"embeddable":true,"href":"https:\/\/www.3p-gmbh.de\/es\/wp-json\/wp\/v2\/media\/67405"}],"wp:attachment":[{"href":"https:\/\/www.3p-gmbh.de\/es\/wp-json\/wp\/v2\/media?parent=94151"}],"wp:term":[{"taxonomy":"product_brand","embeddable":true,"href":"https:\/\/www.3p-gmbh.de\/es\/wp-json\/wp\/v2\/product_brand?post=94151"},{"taxonomy":"product_cat","embeddable":true,"href":"https:\/\/www.3p-gmbh.de\/es\/wp-json\/wp\/v2\/product_cat?post=94151"},{"taxonomy":"product_tag","embeddable":true,"href":"https:\/\/www.3p-gmbh.de\/es\/wp-json\/wp\/v2\/product_tag?post=94151"}],"curies":[{"name":"wp","href":"https:\/\/api.w.org\/{rel}","templated":true}]}}