{"id":94141,"date":"2019-07-11T13:56:45","date_gmt":"2019-07-11T13:56:45","guid":{"rendered":"https:\/\/www.3p-gmbh.de\/produkt\/horizon-psx-56-entrega-de-paquetes-con-prensa-de-hojas\/"},"modified":"2019-07-11T13:56:45","modified_gmt":"2019-07-11T13:56:45","slug":"paquete-mostrador-con-hoja-prensa","status":"publish","type":"product","link":"https:\/\/www.3p-gmbh.de\/es\/produkt\/paquete-mostrador-con-hoja-prensa\/","title":{"rendered":"Horizon PSX-56 Entrega de paquetes con prensa de hojas"},"content":{"rendered":"<p>Con este sistema de alimentaci\u00f3n para la conexi\u00f3n a plegadoras y grapadoras en caballete, puede aprovechar al m\u00e1ximo el rendimiento de las m\u00e1quinas de marcha r\u00e1pida y producir as\u00ed de forma a\u00fan m\u00e1s rentable. La PSX-56 prensa los productos entrantes con tres pares de rodillos a una presi\u00f3n muy alta de hasta dos veces 1.200 kg y los apila en paquetes manejables sin marcarlos. Un control electr\u00f3nico detecta inmediatamente los residuos y los expulsa. Con la PSX-56, el funcionamiento dual es posible de serie.<\/p>\n<p>Sus ventajas<\/p>\n<ul>\n<li>Apilamiento perfecto en pr\u00e1cticos paquetes<\/li>\n<li>Funcionamiento centralizado y sencillo<\/li>\n<li>Trabajo ergon\u00f3mico con la m\u00e1xima productividad<\/li>\n<li>Tres pares de rodillos de prensado para la m\u00e1xima calidad<\/li>\n<li>Interruptor de control est\u00e1ndar para un funcionamiento ininterrumpido<\/li>\n<\/ul>\n<p>Datos t\u00e9cnicos<\/p>\n<ul>\n<li>Potencia m\u00e1x. 900 paquetes\/h<\/li>\n<li>Altura de entrada 440 &#8211; 1.000 mm<\/li>\n<li>Altura de apilado m\u00e1x. 200 mm<\/li>\n<li>Presi\u00f3n de prensado 2 x 1.200 kg<\/li>\n<li>Formato m\u00e1x. 546 x 330 mm<\/li>\n<li>Formato m\u00edn.128 x 92 mm<\/li>\n<\/ul>\n","protected":false},"excerpt":{"rendered":"<p>Con este sistema de alimentaci\u00f3n para la conexi\u00f3n a plegadoras y grapadoras en caballete, puede aprovechar al m\u00e1ximo el rendimiento de las m\u00e1quinas de marcha r\u00e1pida y producir as\u00ed de forma a\u00fan m\u00e1s rentable. La PSX-56 prensa los productos entrantes con tres pares de rodillos a una presi\u00f3n muy alta de hasta dos veces 1.200 [&hellip;]<\/p>\n","protected":false},"featured_media":120882,"template":"","meta":[],"product_brand":[],"product_cat":[2913],"product_tag":[],"class_list":{"0":"post-94141","1":"product","2":"type-product","3":"status-publish","4":"has-post-thumbnail","6":"product_cat-gastos","7":"pa_baujahr-711","8":"pa_hersteller-horizon","9":"pa_typ-psx-56","11":"first","12":"instock","13":"sold-individually","14":"taxable","15":"shipping-taxable","16":"purchasable","17":"product-type-simple"},"jetpack_sharing_enabled":true,"_links":{"self":[{"href":"https:\/\/www.3p-gmbh.de\/es\/wp-json\/wp\/v2\/product\/94141","targetHints":{"allow":["GET"]}}],"collection":[{"href":"https:\/\/www.3p-gmbh.de\/es\/wp-json\/wp\/v2\/product"}],"about":[{"href":"https:\/\/www.3p-gmbh.de\/es\/wp-json\/wp\/v2\/types\/product"}],"wp:featuredmedia":[{"embeddable":true,"href":"https:\/\/www.3p-gmbh.de\/es\/wp-json\/wp\/v2\/media\/120882"}],"wp:attachment":[{"href":"https:\/\/www.3p-gmbh.de\/es\/wp-json\/wp\/v2\/media?parent=94141"}],"wp:term":[{"taxonomy":"product_brand","embeddable":true,"href":"https:\/\/www.3p-gmbh.de\/es\/wp-json\/wp\/v2\/product_brand?post=94141"},{"taxonomy":"product_cat","embeddable":true,"href":"https:\/\/www.3p-gmbh.de\/es\/wp-json\/wp\/v2\/product_cat?post=94141"},{"taxonomy":"product_tag","embeddable":true,"href":"https:\/\/www.3p-gmbh.de\/es\/wp-json\/wp\/v2\/product_tag?post=94141"}],"curies":[{"name":"wp","href":"https:\/\/api.w.org\/{rel}","templated":true}]}}