{"id":94115,"date":"2019-07-11T13:55:58","date_gmt":"2019-07-11T13:55:58","guid":{"rendered":"https:\/\/www.3p-gmbh.de\/produkt\/eurofold-235-21-plegadora-de-placas-de-hebilla\/"},"modified":"2019-07-11T13:55:58","modified_gmt":"2019-07-11T13:55:58","slug":"plegadora-de-bolsillos-13","status":"publish","type":"product","link":"https:\/\/www.3p-gmbh.de\/es\/produkt\/plegadora-de-bolsillos-13\/","title":{"rendered":"Eurofold 235-21 plegadora de placas de hebilla"},"content":{"rendered":"<ul>\n<li>con alimentador por aspiraci\u00f3n bajo el suelo y contador motorizado de entrega y preselecci\u00f3n de cobertizos<\/li>\n<li>Falzagreggat 235 con dos bolsillos<\/li>\n<li>Alimentador de succi\u00f3n 35 x 65 cm<\/li>\n<li>entrega motorizada de cobertizos<\/li>\n<li>Tabla de alineaci\u00f3n<\/li>\n<li>Contador preestablecido<\/li>\n<li>Bomba de vac\u00edo<\/li>\n<li>Set de hendido y perforaci\u00f3n<\/li>\n<li>Tama\u00f1o del papel m\u00e1x.350 x 500(650) mm<\/li>\n<li>Gramaje del papel: 40 &#8211; 240 g\/m\u00b2.<\/li>\n<\/ul>\n","protected":false},"excerpt":{"rendered":"<p>con alimentador por aspiraci\u00f3n bajo el suelo y contador motorizado de entrega y preselecci\u00f3n de cobertizos Falzagreggat 235 con dos bolsillos Alimentador de succi\u00f3n 35 x 65 cm entrega motorizada de cobertizos Tabla de alineaci\u00f3n Contador preestablecido Bomba de vac\u00edo Set de hendido y perforaci\u00f3n Tama\u00f1o del papel m\u00e1x.350 x 500(650) mm Gramaje del papel: [&hellip;]<\/p>\n","protected":false},"featured_media":66844,"template":"","meta":[],"product_brand":[],"product_cat":[2982],"product_tag":[],"class_list":{"0":"post-94115","1":"product","2":"type-product","3":"status-publish","4":"has-post-thumbnail","6":"product_cat-plegadoras","7":"pa_baujahr-153","8":"pa_hersteller-schneider","9":"pa_typ-eurofold-235-121","11":"first","12":"instock","13":"sold-individually","14":"taxable","15":"shipping-taxable","16":"purchasable","17":"product-type-simple"},"jetpack_sharing_enabled":true,"_links":{"self":[{"href":"https:\/\/www.3p-gmbh.de\/es\/wp-json\/wp\/v2\/product\/94115","targetHints":{"allow":["GET"]}}],"collection":[{"href":"https:\/\/www.3p-gmbh.de\/es\/wp-json\/wp\/v2\/product"}],"about":[{"href":"https:\/\/www.3p-gmbh.de\/es\/wp-json\/wp\/v2\/types\/product"}],"wp:featuredmedia":[{"embeddable":true,"href":"https:\/\/www.3p-gmbh.de\/es\/wp-json\/wp\/v2\/media\/66844"}],"wp:attachment":[{"href":"https:\/\/www.3p-gmbh.de\/es\/wp-json\/wp\/v2\/media?parent=94115"}],"wp:term":[{"taxonomy":"product_brand","embeddable":true,"href":"https:\/\/www.3p-gmbh.de\/es\/wp-json\/wp\/v2\/product_brand?post=94115"},{"taxonomy":"product_cat","embeddable":true,"href":"https:\/\/www.3p-gmbh.de\/es\/wp-json\/wp\/v2\/product_cat?post=94115"},{"taxonomy":"product_tag","embeddable":true,"href":"https:\/\/www.3p-gmbh.de\/es\/wp-json\/wp\/v2\/product_tag?post=94115"}],"curies":[{"name":"wp","href":"https:\/\/api.w.org\/{rel}","templated":true}]}}