{"id":94109,"date":"2019-07-11T13:56:09","date_gmt":"2019-07-11T13:56:09","guid":{"rendered":"https:\/\/www.3p-gmbh.de\/produkt\/heidelberg-acero-th-56-4-ffh-sak-66-hebilla-placa-plegadora\/"},"modified":"2019-07-11T13:56:09","modified_gmt":"2019-07-11T13:56:09","slug":"plegadora-de-bolsillos-14","status":"publish","type":"product","link":"https:\/\/www.3p-gmbh.de\/es\/produkt\/plegadora-de-bolsillos-14\/","title":{"rendered":"Heidelberg Acero TH 56-4-FFH SAK 66 hebilla placa plegadora"},"content":{"rendered":"<ul>\n<li>A\u00f1o de fabricaci\u00f3n 2004<\/li>\n<li>Formato Plano max. 56\u00d790 cm<\/li>\n<li>Formato Plano min. 14\u00d718 cm<\/li>\n<li>Gramaje del papel 40-250 (g\/m\u00b2)<\/li>\n<li>Altura de apilado m\u00e1x. 80 cm<\/li>\n<li>Di\u00e1metro rodillos plegables 44mm<\/li>\n<li>Velocidad m\u00e1x. 230 m\/min<\/li>\n<li>Longitud del pliegue m\u00edn. 6&#215;6,85cm<\/li>\n<li>Alimentador de pila plana FFH 56 con Tremat<\/li>\n<li>1. movimiento 4 placas de hebilla combinadas anchura de entrada de 56 cm con eje de corte descendente<\/li>\n<li>Expositor SAK 66<\/li>\n<\/ul>\n","protected":false},"excerpt":{"rendered":"<p>A\u00f1o de fabricaci\u00f3n 2004 Formato Plano max. 56\u00d790 cm Formato Plano min. 14\u00d718 cm Gramaje del papel 40-250 (g\/m\u00b2) Altura de apilado m\u00e1x. 80 cm Di\u00e1metro rodillos plegables 44mm Velocidad m\u00e1x. 230 m\/min Longitud del pliegue m\u00edn. 6&#215;6,85cm Alimentador de pila plana FFH 56 con Tremat 1. movimiento 4 placas de hebilla combinadas anchura de [&hellip;]<\/p>\n","protected":false},"featured_media":71149,"template":"","meta":[],"product_brand":[],"product_cat":[2982],"product_tag":[],"class_list":{"0":"post-94109","1":"product","2":"type-product","3":"status-publish","4":"has-post-thumbnail","6":"product_cat-plegadoras","7":"pa_baujahr-198","8":"pa_hersteller-heidelberg","9":"pa_typ-stahlfolder-th-56-4-ffh-mit-sak-66-h","11":"first","12":"instock","13":"sold-individually","14":"taxable","15":"shipping-taxable","16":"purchasable","17":"product-type-simple"},"jetpack_sharing_enabled":true,"_links":{"self":[{"href":"https:\/\/www.3p-gmbh.de\/es\/wp-json\/wp\/v2\/product\/94109","targetHints":{"allow":["GET"]}}],"collection":[{"href":"https:\/\/www.3p-gmbh.de\/es\/wp-json\/wp\/v2\/product"}],"about":[{"href":"https:\/\/www.3p-gmbh.de\/es\/wp-json\/wp\/v2\/types\/product"}],"wp:featuredmedia":[{"embeddable":true,"href":"https:\/\/www.3p-gmbh.de\/es\/wp-json\/wp\/v2\/media\/71149"}],"wp:attachment":[{"href":"https:\/\/www.3p-gmbh.de\/es\/wp-json\/wp\/v2\/media?parent=94109"}],"wp:term":[{"taxonomy":"product_brand","embeddable":true,"href":"https:\/\/www.3p-gmbh.de\/es\/wp-json\/wp\/v2\/product_brand?post=94109"},{"taxonomy":"product_cat","embeddable":true,"href":"https:\/\/www.3p-gmbh.de\/es\/wp-json\/wp\/v2\/product_cat?post=94109"},{"taxonomy":"product_tag","embeddable":true,"href":"https:\/\/www.3p-gmbh.de\/es\/wp-json\/wp\/v2\/product_tag?post=94109"}],"curies":[{"name":"wp","href":"https:\/\/api.w.org\/{rel}","templated":true}]}}