{"id":94105,"date":"2019-07-11T13:56:09","date_gmt":"2019-07-11T13:56:09","guid":{"rendered":"https:\/\/www.3p-gmbh.de\/produkt\/plegadora-de-chapa-con-hebilla-baeuerle-setmatic-cas-52-4-4-fl2-sa\/"},"modified":"2019-07-11T13:56:09","modified_gmt":"2019-07-11T13:56:09","slug":"plegadora-de-bolsillos-15","status":"publish","type":"product","link":"https:\/\/www.3p-gmbh.de\/es\/produkt\/plegadora-de-bolsillos-15\/","title":{"rendered":"Plegadora de chapa con hebilla B\u00e4uerle Setmatic CAS 52-4-4-FL2 -SA"},"content":{"rendered":"<ul>\n<li>Control por ordenador con ajuste autom\u00e1tico (las reglas y los bolsillos de las unidades de plegado se pueden ajustar autom\u00e1ticamente)<\/li>\n<li>Alimentador de pila plana FL<\/li>\n<li>Formato: m\u00edn. 10x12cm, m\u00e1x. 52&#215;85 cm<\/li>\n<li>Gramaje del papel 40-250gr\/m\u00b2.<\/li>\n<li>1.Werk 4 bolsillos 52 cm con cabezal de corte descendente<\/li>\n<li>Tabla de excedentes<\/li>\n<li>2.Werk 4 bolsillos 52cm con cabezal de corte descendente<\/li>\n<li>Expositor de cobertizos<\/li>\n<li>Contadores de circulaci\u00f3n y preselecci\u00f3n<\/li>\n<li>Control de doble hoja<\/li>\n<li>Cap\u00f3s insonorizantes<\/li>\n<li>Compresor<\/li>\n<\/ul>\n","protected":false},"excerpt":{"rendered":"<p>Control por ordenador con ajuste autom\u00e1tico (las reglas y los bolsillos de las unidades de plegado se pueden ajustar autom\u00e1ticamente) Alimentador de pila plana FL Formato: m\u00edn. 10x12cm, m\u00e1x. 52&#215;85 cm Gramaje del papel 40-250gr\/m\u00b2. 1.Werk 4 bolsillos 52 cm con cabezal de corte descendente Tabla de excedentes 2.Werk 4 bolsillos 52cm con cabezal de [&hellip;]<\/p>\n","protected":false},"featured_media":66847,"template":"","meta":[],"product_brand":[],"product_cat":[2982],"product_tag":[],"class_list":{"0":"post-94105","1":"product","2":"type-product","3":"status-publish","4":"has-post-thumbnail","6":"product_cat-plegadoras","7":"pa_baujahr-168","8":"pa_hersteller-mathias-baeuerle","9":"pa_typ-setmatic-cas-52-4-4-fl2-sa","11":"first","12":"instock","13":"sold-individually","14":"taxable","15":"shipping-taxable","16":"purchasable","17":"product-type-simple"},"jetpack_sharing_enabled":true,"_links":{"self":[{"href":"https:\/\/www.3p-gmbh.de\/es\/wp-json\/wp\/v2\/product\/94105","targetHints":{"allow":["GET"]}}],"collection":[{"href":"https:\/\/www.3p-gmbh.de\/es\/wp-json\/wp\/v2\/product"}],"about":[{"href":"https:\/\/www.3p-gmbh.de\/es\/wp-json\/wp\/v2\/types\/product"}],"wp:featuredmedia":[{"embeddable":true,"href":"https:\/\/www.3p-gmbh.de\/es\/wp-json\/wp\/v2\/media\/66847"}],"wp:attachment":[{"href":"https:\/\/www.3p-gmbh.de\/es\/wp-json\/wp\/v2\/media?parent=94105"}],"wp:term":[{"taxonomy":"product_brand","embeddable":true,"href":"https:\/\/www.3p-gmbh.de\/es\/wp-json\/wp\/v2\/product_brand?post=94105"},{"taxonomy":"product_cat","embeddable":true,"href":"https:\/\/www.3p-gmbh.de\/es\/wp-json\/wp\/v2\/product_cat?post=94105"},{"taxonomy":"product_tag","embeddable":true,"href":"https:\/\/www.3p-gmbh.de\/es\/wp-json\/wp\/v2\/product_tag?post=94105"}],"curies":[{"name":"wp","href":"https:\/\/api.w.org\/{rel}","templated":true}]}}