{"id":94089,"date":"2019-07-11T13:56:09","date_gmt":"2019-07-11T13:56:09","guid":{"rendered":"https:\/\/www.3p-gmbh.de\/produkt\/mbo-sbap-46-me-prensa-de-arco-de-pie-suministro\/"},"modified":"2019-07-11T13:56:09","modified_gmt":"2019-07-11T13:56:09","slug":"arco-prensa-de-pie-entrega-4","status":"publish","type":"product","link":"https:\/\/www.3p-gmbh.de\/es\/produkt\/arco-prensa-de-pie-entrega-4\/","title":{"rendered":"MBO SBAP 46 ME prensa de arco de pie suministro"},"content":{"rendered":"<ul>\n<li>m\u00e1x. Anchura de entrada 46 cm<\/li>\n<li>m\u00f3vil<\/li>\n<li>Control intr\u00ednseco<\/li>\n<li>Dispositivo de marcado<\/li>\n<\/ul>\n","protected":false},"excerpt":{"rendered":"<p>m\u00e1x. Anchura de entrada 46 cm m\u00f3vil Control intr\u00ednseco Dispositivo de marcado<\/p>\n","protected":false},"featured_media":66892,"template":"","meta":[],"product_brand":[],"product_cat":[2913],"product_tag":[],"class_list":{"0":"post-94089","1":"product","2":"type-product","3":"status-publish","4":"has-post-thumbnail","6":"product_cat-gastos","7":"pa_baujahr-130","8":"pa_hersteller-mbo","9":"pa_typ-sbap-46-me","11":"first","12":"instock","13":"sold-individually","14":"taxable","15":"shipping-taxable","16":"purchasable","17":"product-type-simple"},"jetpack_sharing_enabled":true,"_links":{"self":[{"href":"https:\/\/www.3p-gmbh.de\/es\/wp-json\/wp\/v2\/product\/94089","targetHints":{"allow":["GET"]}}],"collection":[{"href":"https:\/\/www.3p-gmbh.de\/es\/wp-json\/wp\/v2\/product"}],"about":[{"href":"https:\/\/www.3p-gmbh.de\/es\/wp-json\/wp\/v2\/types\/product"}],"wp:featuredmedia":[{"embeddable":true,"href":"https:\/\/www.3p-gmbh.de\/es\/wp-json\/wp\/v2\/media\/66892"}],"wp:attachment":[{"href":"https:\/\/www.3p-gmbh.de\/es\/wp-json\/wp\/v2\/media?parent=94089"}],"wp:term":[{"taxonomy":"product_brand","embeddable":true,"href":"https:\/\/www.3p-gmbh.de\/es\/wp-json\/wp\/v2\/product_brand?post=94089"},{"taxonomy":"product_cat","embeddable":true,"href":"https:\/\/www.3p-gmbh.de\/es\/wp-json\/wp\/v2\/product_cat?post=94089"},{"taxonomy":"product_tag","embeddable":true,"href":"https:\/\/www.3p-gmbh.de\/es\/wp-json\/wp\/v2\/product_tag?post=94089"}],"curies":[{"name":"wp","href":"https:\/\/api.w.org\/{rel}","templated":true}]}}