{"id":94083,"date":"2019-07-11T13:56:09","date_gmt":"2019-07-11T13:56:09","guid":{"rendered":"https:\/\/www.3p-gmbh.de\/produkt\/plegadora-combinada-heidelberg-steel-t-36-4-kb\/"},"modified":"2019-07-11T13:56:09","modified_gmt":"2019-07-11T13:56:09","slug":"plegadora-combinada-7","status":"publish","type":"product","link":"https:\/\/www.3p-gmbh.de\/es\/produkt\/plegadora-combinada-7\/","title":{"rendered":"Plegadora combinada Heidelberg Steel T 36-4-KB"},"content":{"rendered":"<ul>\n<li>Alimentador de pila plana<\/li>\n<li>Formato m\u00e1x. 36 x 65 cm<\/li>\n<li>Formato min. 8x10cm<\/li>\n<li>4 bolsillos 36 Anchura de entrada<\/li>\n<li>bloque de corte descendente<\/li>\n<li>Rotura transversal enganchable<\/li>\n<li>Formato m\u00e1x. 36 x 26 cm<\/li>\n<li>Formato min. 8 x 2,5<\/li>\n<li>Contador de preselecci\u00f3n EVZ 30<\/li>\n<li>entrega en gancho<\/li>\n<li>Sin protecci\u00f3n ac\u00fastica.<\/li>\n<li>Producci\u00f3n 40000 ciclos\/h<\/li>\n<\/ul>\n","protected":false},"excerpt":{"rendered":"<p>Alimentador de pila plana Formato m\u00e1x. 36 x 65 cm Formato min. 8x10cm 4 bolsillos 36 Anchura de entrada bloque de corte descendente Rotura transversal enganchable Formato m\u00e1x. 36 x 26 cm Formato min. 8 x 2,5 Contador de preselecci\u00f3n EVZ 30 entrega en gancho Sin protecci\u00f3n ac\u00fastica. Producci\u00f3n 40000 ciclos\/h<\/p>\n","protected":false},"featured_media":66871,"template":"","meta":[],"product_brand":[],"product_cat":[2982],"product_tag":[],"class_list":{"0":"post-94083","1":"product","2":"type-product","3":"status-publish","4":"has-post-thumbnail","6":"product_cat-plegadoras","7":"pa_baujahr-196","8":"pa_hersteller-stahl","9":"pa_typ-t-36-4-kb","11":"first","12":"instock","13":"sold-individually","14":"taxable","15":"shipping-taxable","16":"purchasable","17":"product-type-simple"},"jetpack_sharing_enabled":true,"_links":{"self":[{"href":"https:\/\/www.3p-gmbh.de\/es\/wp-json\/wp\/v2\/product\/94083","targetHints":{"allow":["GET"]}}],"collection":[{"href":"https:\/\/www.3p-gmbh.de\/es\/wp-json\/wp\/v2\/product"}],"about":[{"href":"https:\/\/www.3p-gmbh.de\/es\/wp-json\/wp\/v2\/types\/product"}],"wp:featuredmedia":[{"embeddable":true,"href":"https:\/\/www.3p-gmbh.de\/es\/wp-json\/wp\/v2\/media\/66871"}],"wp:attachment":[{"href":"https:\/\/www.3p-gmbh.de\/es\/wp-json\/wp\/v2\/media?parent=94083"}],"wp:term":[{"taxonomy":"product_brand","embeddable":true,"href":"https:\/\/www.3p-gmbh.de\/es\/wp-json\/wp\/v2\/product_brand?post=94083"},{"taxonomy":"product_cat","embeddable":true,"href":"https:\/\/www.3p-gmbh.de\/es\/wp-json\/wp\/v2\/product_cat?post=94083"},{"taxonomy":"product_tag","embeddable":true,"href":"https:\/\/www.3p-gmbh.de\/es\/wp-json\/wp\/v2\/product_tag?post=94083"}],"curies":[{"name":"wp","href":"https:\/\/api.w.org\/{rel}","templated":true}]}}