{"id":94080,"date":"2019-07-11T13:56:09","date_gmt":"2019-07-11T13:56:09","guid":{"rendered":"https:\/\/www.3p-gmbh.de\/produkt\/prensa-plegadora-de-paquetes-de-hojas-karl-traenklein-bp\/"},"modified":"2019-07-11T13:56:09","modified_gmt":"2019-07-11T13:56:09","slug":"prensa-plegadora-de-chapas","status":"publish","type":"product","link":"https:\/\/www.3p-gmbh.de\/es\/produkt\/prensa-plegadora-de-chapas\/","title":{"rendered":"Prensa plegadora de paquetes de hojas Karl Tr\u00e4nklein BP"},"content":{"rendered":"<ul>\n<li>Adecuada para prensar y agrupar hojas plegadas, folletos, bloques de libros, cart\u00f3n, etc.<\/li>\n<li>Accionamiento electrohidr\u00e1ulico, accionamiento mediante pulsador de seguridad a 2 manos<\/li>\n<li>Desconexi\u00f3n hidr\u00e1ulica autom\u00e1tica del motor tras alcanzar la presi\u00f3n de prensado ajustada<\/li>\n<li>La presi\u00f3n se mantiene hasta que se activa el retorno a trav\u00e9s del presostato<\/li>\n<li>Cuando se alcanza la posici\u00f3n final, la m\u00e1quina se desconecta autom\u00e1ticamente, pero tambi\u00e9n puede detenerse en cualquier posici\u00f3n mediante pulsadores.<\/li>\n<li>Presi\u00f3n de prensado regulable sin escalonamiento de 0 a 2.500 kg<\/li>\n<li>Longitud de inserci\u00f3n M\u00e1x. 820 mm<\/li>\n<li>Tama\u00f1o de la plancha 340 x 260 mm<\/li>\n<\/ul>\n","protected":false},"excerpt":{"rendered":"<p>Adecuada para prensar y agrupar hojas plegadas, folletos, bloques de libros, cart\u00f3n, etc. Accionamiento electrohidr\u00e1ulico, accionamiento mediante pulsador de seguridad a 2 manos Desconexi\u00f3n hidr\u00e1ulica autom\u00e1tica del motor tras alcanzar la presi\u00f3n de prensado ajustada La presi\u00f3n se mantiene hasta que se activa el retorno a trav\u00e9s del presostato Cuando se alcanza la posici\u00f3n final, [&hellip;]<\/p>\n","protected":false},"featured_media":66922,"template":"","meta":[],"product_brand":[],"product_cat":[2982],"product_tag":[],"class_list":{"0":"post-94080","1":"product","2":"type-product","3":"status-publish","4":"has-post-thumbnail","6":"product_cat-plegadoras","7":"pa_baujahr-262","8":"pa_hersteller-karl-traenklein","9":"pa_typ-bp","11":"first","12":"instock","13":"sold-individually","14":"taxable","15":"shipping-taxable","16":"purchasable","17":"product-type-simple"},"jetpack_sharing_enabled":true,"_links":{"self":[{"href":"https:\/\/www.3p-gmbh.de\/es\/wp-json\/wp\/v2\/product\/94080","targetHints":{"allow":["GET"]}}],"collection":[{"href":"https:\/\/www.3p-gmbh.de\/es\/wp-json\/wp\/v2\/product"}],"about":[{"href":"https:\/\/www.3p-gmbh.de\/es\/wp-json\/wp\/v2\/types\/product"}],"wp:featuredmedia":[{"embeddable":true,"href":"https:\/\/www.3p-gmbh.de\/es\/wp-json\/wp\/v2\/media\/66922"}],"wp:attachment":[{"href":"https:\/\/www.3p-gmbh.de\/es\/wp-json\/wp\/v2\/media?parent=94080"}],"wp:term":[{"taxonomy":"product_brand","embeddable":true,"href":"https:\/\/www.3p-gmbh.de\/es\/wp-json\/wp\/v2\/product_brand?post=94080"},{"taxonomy":"product_cat","embeddable":true,"href":"https:\/\/www.3p-gmbh.de\/es\/wp-json\/wp\/v2\/product_cat?post=94080"},{"taxonomy":"product_tag","embeddable":true,"href":"https:\/\/www.3p-gmbh.de\/es\/wp-json\/wp\/v2\/product_tag?post=94080"}],"curies":[{"name":"wp","href":"https:\/\/api.w.org\/{rel}","templated":true}]}}