{"id":94071,"date":"2019-07-11T13:56:09","date_gmt":"2019-07-11T13:56:09","guid":{"rendered":"https:\/\/www.3p-gmbh.de\/produkt\/entrega-de-pilotes-verticales-heidelberg-steel-vsa-66-d\/"},"modified":"2019-07-11T13:56:09","modified_gmt":"2019-07-11T13:56:09","slug":"vertical-stack-delivery-3","status":"publish","type":"product","link":"https:\/\/www.3p-gmbh.de\/es\/produkt\/vertical-stack-delivery-3\/","title":{"rendered":"Entrega de pilotes verticales Heidelberg Steel VSA 66 D"},"content":{"rendered":"<ul>\n<li>Sistema de entrega m\u00f3vil y especialmente compacto que cuenta, marca y prensa productos plegados o grapados y apila hasta cuatro paneles de abajo a arriba.<\/li>\n<li>Cuenta, marca, prensa y apila hasta cuatro paneles<\/li>\n<li>Sistema de suministro compacto que ocupa poco espacio<\/li>\n<li>Transformaci\u00f3n de productos de peque\u00f1o formato de uso m\u00faltiple<\/li>\n<li>Ajuste continuo de la altura de la mesa de trabajo, la altura de entrada y la velocidad de transporte<\/li>\n<li>Control digital DCT<\/li>\n<li>Anchura de entrada 66 cm<\/li>\n<li>con dispositivo de marcado<\/li>\n<\/ul>\n","protected":false},"excerpt":{"rendered":"<p>Sistema de entrega m\u00f3vil y especialmente compacto que cuenta, marca y prensa productos plegados o grapados y apila hasta cuatro paneles de abajo a arriba. Cuenta, marca, prensa y apila hasta cuatro paneles Sistema de suministro compacto que ocupa poco espacio Transformaci\u00f3n de productos de peque\u00f1o formato de uso m\u00faltiple Ajuste continuo de la altura [&hellip;]<\/p>\n","protected":false},"featured_media":66955,"template":"","meta":[],"product_brand":[],"product_cat":[2913],"product_tag":[],"class_list":{"0":"post-94071","1":"product","2":"type-product","3":"status-publish","4":"has-post-thumbnail","6":"product_cat-gastos","7":"pa_baujahr-158","8":"pa_hersteller-stahl","9":"pa_typ-vsa-66-d","11":"first","12":"instock","13":"sold-individually","14":"taxable","15":"shipping-taxable","16":"purchasable","17":"product-type-simple"},"jetpack_sharing_enabled":true,"_links":{"self":[{"href":"https:\/\/www.3p-gmbh.de\/es\/wp-json\/wp\/v2\/product\/94071","targetHints":{"allow":["GET"]}}],"collection":[{"href":"https:\/\/www.3p-gmbh.de\/es\/wp-json\/wp\/v2\/product"}],"about":[{"href":"https:\/\/www.3p-gmbh.de\/es\/wp-json\/wp\/v2\/types\/product"}],"wp:featuredmedia":[{"embeddable":true,"href":"https:\/\/www.3p-gmbh.de\/es\/wp-json\/wp\/v2\/media\/66955"}],"wp:attachment":[{"href":"https:\/\/www.3p-gmbh.de\/es\/wp-json\/wp\/v2\/media?parent=94071"}],"wp:term":[{"taxonomy":"product_brand","embeddable":true,"href":"https:\/\/www.3p-gmbh.de\/es\/wp-json\/wp\/v2\/product_brand?post=94071"},{"taxonomy":"product_cat","embeddable":true,"href":"https:\/\/www.3p-gmbh.de\/es\/wp-json\/wp\/v2\/product_cat?post=94071"},{"taxonomy":"product_tag","embeddable":true,"href":"https:\/\/www.3p-gmbh.de\/es\/wp-json\/wp\/v2\/product_tag?post=94071"}],"curies":[{"name":"wp","href":"https:\/\/api.w.org\/{rel}","templated":true}]}}