{"id":94065,"date":"2019-07-11T13:56:09","date_gmt":"2019-07-11T13:56:09","guid":{"rendered":"https:\/\/www.3p-gmbh.de\/produkt\/controlador-de-aplicacion-de-cola-de-2-canales-baumer-hhs-c-210\/"},"modified":"2019-07-11T13:56:09","modified_gmt":"2019-07-11T13:56:09","slug":"control-de-aplicacion-de-cola-de-2-canales","status":"publish","type":"product","link":"https:\/\/www.3p-gmbh.de\/es\/produkt\/control-de-aplicacion-de-cola-de-2-canales\/","title":{"rendered":"Controlador de aplicaci\u00f3n de cola de 2 canales Baumer HHS C-210"},"content":{"rendered":"<p>Las unidades de control para el encolado pueden instalarse posteriormente en m\u00e1quinas de cualquier fabricante. Los sensores y codificadores registran todas las variables de entrada del sistema de control. La unidad de control utiliza las se\u00f1ales de entrada para abrir las v\u00e1lvulas de aplicaci\u00f3n de adhesivo en una secuencia de tiempo muy corta, ya sea cola fr\u00eda o cola caliente. De este modo, se crea un patr\u00f3n adhesivo siempre id\u00e9ntico en cada producto de la producci\u00f3n en serie. El control y la m\u00e1quina pueden intercambiar datos el\u00e9ctricos adicionales en ambas direcciones. Los recipientes a presi\u00f3n con vol\u00famenes de 0,75 o 15 litros se utilizan preferentemente para materiales de baja viscosidad y velocidades constantes de la m\u00e1quina en la gama de baja presi\u00f3n de hasta 6 bares.<\/p>\n","protected":false},"excerpt":{"rendered":"<p>Las unidades de control para el encolado pueden instalarse posteriormente en m\u00e1quinas de cualquier fabricante. Los sensores y codificadores registran todas las variables de entrada del sistema de control. La unidad de control utiliza las se\u00f1ales de entrada para abrir las v\u00e1lvulas de aplicaci\u00f3n de adhesivo en una secuencia de tiempo muy corta, ya sea [&hellip;]<\/p>\n","protected":false},"featured_media":66925,"template":"","meta":[],"product_brand":[],"product_cat":[2885],"product_tag":[],"class_list":{"0":"post-94065","1":"product","2":"type-product","3":"status-publish","4":"has-post-thumbnail","6":"product_cat-accesorios-para-plegadoras","7":"pa_baujahr-165","8":"pa_hersteller-baumer-hhs","9":"pa_typ-c-210","11":"first","12":"instock","13":"sold-individually","14":"taxable","15":"shipping-taxable","16":"purchasable","17":"product-type-simple"},"jetpack_sharing_enabled":true,"_links":{"self":[{"href":"https:\/\/www.3p-gmbh.de\/es\/wp-json\/wp\/v2\/product\/94065","targetHints":{"allow":["GET"]}}],"collection":[{"href":"https:\/\/www.3p-gmbh.de\/es\/wp-json\/wp\/v2\/product"}],"about":[{"href":"https:\/\/www.3p-gmbh.de\/es\/wp-json\/wp\/v2\/types\/product"}],"wp:featuredmedia":[{"embeddable":true,"href":"https:\/\/www.3p-gmbh.de\/es\/wp-json\/wp\/v2\/media\/66925"}],"wp:attachment":[{"href":"https:\/\/www.3p-gmbh.de\/es\/wp-json\/wp\/v2\/media?parent=94065"}],"wp:term":[{"taxonomy":"product_brand","embeddable":true,"href":"https:\/\/www.3p-gmbh.de\/es\/wp-json\/wp\/v2\/product_brand?post=94065"},{"taxonomy":"product_cat","embeddable":true,"href":"https:\/\/www.3p-gmbh.de\/es\/wp-json\/wp\/v2\/product_cat?post=94065"},{"taxonomy":"product_tag","embeddable":true,"href":"https:\/\/www.3p-gmbh.de\/es\/wp-json\/wp\/v2\/product_tag?post=94065"}],"curies":[{"name":"wp","href":"https:\/\/api.w.org\/{rel}","templated":true}]}}