{"id":94049,"date":"2019-07-11T13:56:09","date_gmt":"2019-07-11T13:56:09","guid":{"rendered":"https:\/\/www.3p-gmbh.de\/produkt\/guk-fa-50-4-fl2-50-sa-520-hebilla-placa-plegadora\/"},"modified":"2019-07-11T13:56:09","modified_gmt":"2019-07-11T13:56:09","slug":"plegadora-de-bolsillos-18","status":"publish","type":"product","link":"https:\/\/www.3p-gmbh.de\/es\/produkt\/plegadora-de-bolsillos-18\/","title":{"rendered":"GUK FA 50-4-FL2-50 SA 520 hebilla placa plegadora"},"content":{"rendered":"<ul>\n<li>Alimentador de pila plana FL-2-50<\/li>\n<li>Unidad plegable con 4 bolsillos Anchura de entrada de 54 cm<\/li>\n<li>bloque de corte descendente<\/li>\n<li>Contador predeterminado MCS 106<\/li>\n<li>Protecci\u00f3n contra el ruido<\/li>\n<li>Expositor de cobertizos<\/li>\n<li>rebaje m\u00e1s peque\u00f1o: 26 mm<\/li>\n<li>Velocidad de hasta 30 000 hojas\/hora o 150 m\/min<\/li>\n<li>Max. Formato: 54 x 72 cm<\/li>\n<li>Min. Formato: 54 x 9 cm<\/li>\n<\/ul>\n","protected":false},"excerpt":{"rendered":"<p>Alimentador de pila plana FL-2-50 Unidad plegable con 4 bolsillos Anchura de entrada de 54 cm bloque de corte descendente Contador predeterminado MCS 106 Protecci\u00f3n contra el ruido Expositor de cobertizos rebaje m\u00e1s peque\u00f1o: 26 mm Velocidad de hasta 30 000 hojas\/hora o 150 m\/min Max. Formato: 54 x 72 cm Min. Formato: 54 x [&hellip;]<\/p>\n","protected":false},"featured_media":67039,"template":"","meta":[],"product_brand":[],"product_cat":[2982],"product_tag":[],"class_list":{"0":"post-94049","1":"product","2":"type-product","3":"status-publish","4":"has-post-thumbnail","6":"product_cat-plegadoras","7":"pa_baujahr-153","8":"pa_hersteller-guk-grieser-kunzmann","9":"pa_typ-fa-50-4-fl2-50-sa-520","11":"first","12":"instock","13":"sold-individually","14":"taxable","15":"shipping-taxable","16":"purchasable","17":"product-type-simple"},"jetpack_sharing_enabled":true,"_links":{"self":[{"href":"https:\/\/www.3p-gmbh.de\/es\/wp-json\/wp\/v2\/product\/94049","targetHints":{"allow":["GET"]}}],"collection":[{"href":"https:\/\/www.3p-gmbh.de\/es\/wp-json\/wp\/v2\/product"}],"about":[{"href":"https:\/\/www.3p-gmbh.de\/es\/wp-json\/wp\/v2\/types\/product"}],"wp:featuredmedia":[{"embeddable":true,"href":"https:\/\/www.3p-gmbh.de\/es\/wp-json\/wp\/v2\/media\/67039"}],"wp:attachment":[{"href":"https:\/\/www.3p-gmbh.de\/es\/wp-json\/wp\/v2\/media?parent=94049"}],"wp:term":[{"taxonomy":"product_brand","embeddable":true,"href":"https:\/\/www.3p-gmbh.de\/es\/wp-json\/wp\/v2\/product_brand?post=94049"},{"taxonomy":"product_cat","embeddable":true,"href":"https:\/\/www.3p-gmbh.de\/es\/wp-json\/wp\/v2\/product_cat?post=94049"},{"taxonomy":"product_tag","embeddable":true,"href":"https:\/\/www.3p-gmbh.de\/es\/wp-json\/wp\/v2\/product_tag?post=94049"}],"curies":[{"name":"wp","href":"https:\/\/api.w.org\/{rel}","templated":true}]}}