{"id":94044,"date":"2019-07-11T13:56:09","date_gmt":"2019-07-11T13:56:09","guid":{"rendered":"https:\/\/www.3p-gmbh.de\/produkt\/heidelberg-steel-ffp-52-altar-fold-bolsa-de-plegado-de-ventana-neumatica\/"},"modified":"2019-07-11T13:56:09","modified_gmt":"2019-07-11T13:56:09","slug":"old-fold-pneumatic-window-fold-pocket-2","status":"publish","type":"product","link":"https:\/\/www.3p-gmbh.de\/es\/produkt\/old-fold-pneumatic-window-fold-pocket-2\/","title":{"rendered":"Heidelberg Steel FFP 52 Altar Fold &#8211; Bolsa de plegado de ventana neum\u00e1tica"},"content":{"rendered":"<p>Dispone de unidad de control Acc 2.4, decodificador (codificador) y consola de m\u00e1quina, adecuada para plegadoras de acero. El plegado de ventana en tres partes (plegado de altar) es un tipo de plegado muy popular entre los dise\u00f1adores gr\u00e1ficos, pero con la t\u00e9cnica de plegado disponible anteriormente exig\u00eda mucha experiencia y tacto por parte del encuadernador para completar el trabajo en el tiempo calculado con una buena calidad de plegado. La cavidad neum\u00e1tica del pliegue se controla digitalmente y el perfil de desviaci\u00f3n se abre y cierra neum\u00e1ticamente. La unidad de control digital ACC 2.4 regula con precisi\u00f3n los tiempos de conmutaci\u00f3n, de forma individual e independiente de la velocidad de plegado. El control preciso del perfil de deflexi\u00f3n permite separaciones m\u00ednimas de las solapas de s\u00f3lo 0,5 a 1,0 mil\u00edmetros, en funci\u00f3n del grosor del papel. Incluso en funcionamiento continuo, se pueden realizar sin problemas ciclos de alta frecuencia (hasta 15.000 ciclos\/hora).<\/p>\n","protected":false},"excerpt":{"rendered":"<p>Dispone de unidad de control Acc 2.4, decodificador (codificador) y consola de m\u00e1quina, adecuada para plegadoras de acero. El plegado de ventana en tres partes (plegado de altar) es un tipo de plegado muy popular entre los dise\u00f1adores gr\u00e1ficos, pero con la t\u00e9cnica de plegado disponible anteriormente exig\u00eda mucha experiencia y tacto por parte del [&hellip;]<\/p>\n","protected":false},"featured_media":67033,"template":"","meta":[],"product_brand":[],"product_cat":[2885],"product_tag":[],"class_list":{"0":"post-94044","1":"product","2":"type-product","3":"status-publish","4":"has-post-thumbnail","6":"product_cat-accesorios-para-plegadoras","7":"pa_baujahr-127","8":"pa_hersteller-heidelberg-stahl","9":"pa_typ-ffp-52","11":"first","12":"instock","13":"sold-individually","14":"taxable","15":"shipping-taxable","16":"purchasable","17":"product-type-simple"},"jetpack_sharing_enabled":true,"_links":{"self":[{"href":"https:\/\/www.3p-gmbh.de\/es\/wp-json\/wp\/v2\/product\/94044","targetHints":{"allow":["GET"]}}],"collection":[{"href":"https:\/\/www.3p-gmbh.de\/es\/wp-json\/wp\/v2\/product"}],"about":[{"href":"https:\/\/www.3p-gmbh.de\/es\/wp-json\/wp\/v2\/types\/product"}],"wp:featuredmedia":[{"embeddable":true,"href":"https:\/\/www.3p-gmbh.de\/es\/wp-json\/wp\/v2\/media\/67033"}],"wp:attachment":[{"href":"https:\/\/www.3p-gmbh.de\/es\/wp-json\/wp\/v2\/media?parent=94044"}],"wp:term":[{"taxonomy":"product_brand","embeddable":true,"href":"https:\/\/www.3p-gmbh.de\/es\/wp-json\/wp\/v2\/product_brand?post=94044"},{"taxonomy":"product_cat","embeddable":true,"href":"https:\/\/www.3p-gmbh.de\/es\/wp-json\/wp\/v2\/product_cat?post=94044"},{"taxonomy":"product_tag","embeddable":true,"href":"https:\/\/www.3p-gmbh.de\/es\/wp-json\/wp\/v2\/product_tag?post=94044"}],"curies":[{"name":"wp","href":"https:\/\/api.w.org\/{rel}","templated":true}]}}