{"id":94036,"date":"2019-07-11T13:56:20","date_gmt":"2019-07-11T13:56:20","guid":{"rendered":"https:\/\/www.3p-gmbh.de\/produkt\/guk-fa-35-4-r1-plegadora-de-placas-de-hebilla\/"},"modified":"2019-07-11T13:56:20","modified_gmt":"2019-07-11T13:56:20","slug":"plegadora-de-bolsillos-19","status":"publish","type":"product","link":"https:\/\/www.3p-gmbh.de\/es\/produkt\/plegadora-de-bolsillos-19\/","title":{"rendered":"GUK FA 35-4-R1 plegadora de placas de hebilla"},"content":{"rendered":"<ul>\n<li>m\u00e1x. Formato 35x65cm<\/li>\n<li>min. Formato 7&#215;9 cm<\/li>\n<li>pliegue m\u00e1s peque\u00f1o 15mm<\/li>\n<li>Rendimiento 10-30.000 seg\u00fan el material<\/li>\n<li>Alimentador de fricci\u00f3n R1<\/li>\n<li>4 bolsillos abatibles 35 cm de anchura de entrada y protecci\u00f3n ac\u00fastica<\/li>\n<li>Rodillos de acero-caucho<\/li>\n<li>bloque de corte descendente<\/li>\n<\/ul>\n","protected":false},"excerpt":{"rendered":"<p>m\u00e1x. Formato 35x65cm min. Formato 7&#215;9 cm pliegue m\u00e1s peque\u00f1o 15mm Rendimiento 10-30.000 seg\u00fan el material Alimentador de fricci\u00f3n R1 4 bolsillos abatibles 35 cm de anchura de entrada y protecci\u00f3n ac\u00fastica Rodillos de acero-caucho bloque de corte descendente<\/p>\n","protected":false},"featured_media":67087,"template":"","meta":[],"product_brand":[],"product_cat":[2982],"product_tag":[],"class_list":{"0":"post-94036","1":"product","2":"type-product","3":"status-publish","4":"has-post-thumbnail","6":"product_cat-plegadoras","7":"pa_baujahr-829","8":"pa_hersteller-guk","9":"pa_typ-fa-35-4-r1-as-35-automatic-720","11":"first","12":"instock","13":"sold-individually","14":"taxable","15":"shipping-taxable","16":"purchasable","17":"product-type-simple"},"jetpack_sharing_enabled":true,"_links":{"self":[{"href":"https:\/\/www.3p-gmbh.de\/es\/wp-json\/wp\/v2\/product\/94036","targetHints":{"allow":["GET"]}}],"collection":[{"href":"https:\/\/www.3p-gmbh.de\/es\/wp-json\/wp\/v2\/product"}],"about":[{"href":"https:\/\/www.3p-gmbh.de\/es\/wp-json\/wp\/v2\/types\/product"}],"wp:featuredmedia":[{"embeddable":true,"href":"https:\/\/www.3p-gmbh.de\/es\/wp-json\/wp\/v2\/media\/67087"}],"wp:attachment":[{"href":"https:\/\/www.3p-gmbh.de\/es\/wp-json\/wp\/v2\/media?parent=94036"}],"wp:term":[{"taxonomy":"product_brand","embeddable":true,"href":"https:\/\/www.3p-gmbh.de\/es\/wp-json\/wp\/v2\/product_brand?post=94036"},{"taxonomy":"product_cat","embeddable":true,"href":"https:\/\/www.3p-gmbh.de\/es\/wp-json\/wp\/v2\/product_cat?post=94036"},{"taxonomy":"product_tag","embeddable":true,"href":"https:\/\/www.3p-gmbh.de\/es\/wp-json\/wp\/v2\/product_tag?post=94036"}],"curies":[{"name":"wp","href":"https:\/\/api.w.org\/{rel}","templated":true}]}}