{"id":94033,"date":"2019-07-11T13:56:09","date_gmt":"2019-07-11T13:56:09","guid":{"rendered":"https:\/\/www.3p-gmbh.de\/produkt\/movil-2-tes-hebilla-placa-carpeta-guk-fa-52-1-con-boewe-310\/"},"modified":"2019-07-11T13:56:09","modified_gmt":"2019-07-11T13:56:09","slug":"unidad-de-plegado-de-bolsillos","status":"publish","type":"product","link":"https:\/\/www.3p-gmbh.de\/es\/produkt\/unidad-de-plegado-de-bolsillos\/","title":{"rendered":"m\u00f3vil 2.tes hebilla placa carpeta GUK FA 52-1 con B\u00f6we 310"},"content":{"rendered":"<p><strong>\u00a1m\u00f3vil 2 \u00aa unidad plegable GUK FA 52-4 pero s\u00f3lo 1 placa de hebilla est\u00e1 instalado !<\/strong><br \/>\n<strong>A\u00f1o de fabricaci\u00f3n 1987<\/strong><br \/>\nm\u00f3vil, utilizado anteriormente en la cortadora sinf\u00edn B\u00f6we 310<br \/>\n&#8211; dispositivo de protecci\u00f3n ac\u00fastica<br \/>\n&#8211; aparato de corte<\/p>\n<p><strong>Sistema de corte de alto rendimiento B\u00f6we 310<\/strong><\/p>\n","protected":false},"excerpt":{"rendered":"<p>\u00a1m\u00f3vil 2 \u00aa unidad plegable GUK FA 52-4 pero s\u00f3lo 1 placa de hebilla est\u00e1 instalado ! A\u00f1o de fabricaci\u00f3n 1987 m\u00f3vil, utilizado anteriormente en la cortadora sinf\u00edn B\u00f6we 310 &#8211; dispositivo de protecci\u00f3n ac\u00fastica &#8211; aparato de corte Sistema de corte de alto rendimiento B\u00f6we 310<\/p>\n","protected":false},"featured_media":83243,"template":"","meta":[],"product_brand":[],"product_cat":[2915],"product_tag":[],"class_list":{"0":"post-94033","1":"product","2":"type-product","3":"status-publish","4":"has-post-thumbnail","6":"product_cat-unidades-plegables","7":"pa_baujahr-221","8":"pa_hersteller-guk-grieser-kunzmann","9":"pa_typ-fa-52-4","11":"first","12":"instock","13":"sold-individually","14":"taxable","15":"shipping-taxable","16":"purchasable","17":"product-type-simple"},"jetpack_sharing_enabled":true,"_links":{"self":[{"href":"https:\/\/www.3p-gmbh.de\/es\/wp-json\/wp\/v2\/product\/94033","targetHints":{"allow":["GET"]}}],"collection":[{"href":"https:\/\/www.3p-gmbh.de\/es\/wp-json\/wp\/v2\/product"}],"about":[{"href":"https:\/\/www.3p-gmbh.de\/es\/wp-json\/wp\/v2\/types\/product"}],"wp:featuredmedia":[{"embeddable":true,"href":"https:\/\/www.3p-gmbh.de\/es\/wp-json\/wp\/v2\/media\/83243"}],"wp:attachment":[{"href":"https:\/\/www.3p-gmbh.de\/es\/wp-json\/wp\/v2\/media?parent=94033"}],"wp:term":[{"taxonomy":"product_brand","embeddable":true,"href":"https:\/\/www.3p-gmbh.de\/es\/wp-json\/wp\/v2\/product_brand?post=94033"},{"taxonomy":"product_cat","embeddable":true,"href":"https:\/\/www.3p-gmbh.de\/es\/wp-json\/wp\/v2\/product_cat?post=94033"},{"taxonomy":"product_tag","embeddable":true,"href":"https:\/\/www.3p-gmbh.de\/es\/wp-json\/wp\/v2\/product_tag?post=94033"}],"curies":[{"name":"wp","href":"https:\/\/api.w.org\/{rel}","templated":true}]}}