{"id":94029,"date":"2019-07-11T13:56:20","date_gmt":"2019-07-11T13:56:20","guid":{"rendered":"https:\/\/www.3p-gmbh.de\/produkt\/herzog-heymann-272-muelle-de-aspiracion-bajo-el-suelo\/"},"modified":"2019-07-11T13:56:20","modified_gmt":"2019-07-11T13:56:20","slug":"embarcadero-bajo-suelo","status":"publish","type":"product","link":"https:\/\/www.3p-gmbh.de\/es\/produkt\/embarcadero-bajo-suelo\/","title":{"rendered":"Herzog &amp; Heymann 272 Muelle de aspiraci\u00f3n bajo el suelo"},"content":{"rendered":"<ul>\n<li>Alimentador m\u00f3vil por succi\u00f3n bajo el suelo con accionamiento propio y bomba DV<\/li>\n<li>Anchura de entrada aprox. 50 cm<\/li>\n<li>Separaci\u00f3n de hojas desde el fondo de la pila, recarga del papel desde arriba<\/li>\n<li>Permite una alimentaci\u00f3n continua sin pausas<\/li>\n<\/ul>\n","protected":false},"excerpt":{"rendered":"<p>Alimentador m\u00f3vil por succi\u00f3n bajo el suelo con accionamiento propio y bomba DV Anchura de entrada aprox. 50 cm Separaci\u00f3n de hojas desde el fondo de la pila, recarga del papel desde arriba Permite una alimentaci\u00f3n continua sin pausas<\/p>\n","protected":false},"featured_media":67102,"template":"","meta":[],"product_brand":[],"product_cat":[3022],"product_tag":[],"class_list":{"0":"post-94029","1":"product","2":"type-product","3":"status-publish","4":"has-post-thumbnail","6":"product_cat-inversores","7":"pa_baujahr-133","8":"pa_hersteller-herzog-heymann","9":"pa_typ-993","11":"first","12":"instock","13":"sold-individually","14":"taxable","15":"shipping-taxable","16":"purchasable","17":"product-type-simple"},"jetpack_sharing_enabled":true,"_links":{"self":[{"href":"https:\/\/www.3p-gmbh.de\/es\/wp-json\/wp\/v2\/product\/94029","targetHints":{"allow":["GET"]}}],"collection":[{"href":"https:\/\/www.3p-gmbh.de\/es\/wp-json\/wp\/v2\/product"}],"about":[{"href":"https:\/\/www.3p-gmbh.de\/es\/wp-json\/wp\/v2\/types\/product"}],"wp:featuredmedia":[{"embeddable":true,"href":"https:\/\/www.3p-gmbh.de\/es\/wp-json\/wp\/v2\/media\/67102"}],"wp:attachment":[{"href":"https:\/\/www.3p-gmbh.de\/es\/wp-json\/wp\/v2\/media?parent=94029"}],"wp:term":[{"taxonomy":"product_brand","embeddable":true,"href":"https:\/\/www.3p-gmbh.de\/es\/wp-json\/wp\/v2\/product_brand?post=94029"},{"taxonomy":"product_cat","embeddable":true,"href":"https:\/\/www.3p-gmbh.de\/es\/wp-json\/wp\/v2\/product_cat?post=94029"},{"taxonomy":"product_tag","embeddable":true,"href":"https:\/\/www.3p-gmbh.de\/es\/wp-json\/wp\/v2\/product_tag?post=94029"}],"curies":[{"name":"wp","href":"https:\/\/api.w.org\/{rel}","templated":true}]}}