{"id":94025,"date":"2019-07-11T13:56:20","date_gmt":"2019-07-11T13:56:20","guid":{"rendered":"https:\/\/www.3p-gmbh.de\/produkt\/plegadora-de-chapa-con-hebilla-guk-fa-36-4-saf-para-pliegues-pequenos\/"},"modified":"2019-07-11T13:56:20","modified_gmt":"2019-07-11T13:56:20","slug":"plegadora-de-bolsillo-para-pliegues-pequenos","status":"publish","type":"product","link":"https:\/\/www.3p-gmbh.de\/es\/produkt\/plegadora-de-bolsillo-para-pliegues-pequenos\/","title":{"rendered":"Plegadora de chapa con hebilla GUK FA 36-4 SAF para pliegues peque\u00f1os"},"content":{"rendered":"<ul>\n<li>Contador de preselecci\u00f3n MCS<\/li>\n<li>Alimentador por aspiraci\u00f3n bajo suelo SAF 36 con extracci\u00f3n de cuchillas desde abajo<\/li>\n<li>Unidad plegable con 4 bolsillos Anchura de entrada de 36 cm<\/li>\n<li>bloque de corte descendente<\/li>\n<li>Protecci\u00f3n contra el ruido<\/li>\n<li>cobertizo m\u00f3vil expositor SA<\/li>\n<li>Rendimiento hasta 30.000\/hora<\/li>\n<li>pliegue m\u00e1s peque\u00f1o : 26 mm<\/li>\n<li>Max. Formato: 36 x 45 cm<\/li>\n<li>Min. Formato: 36 x 9 cm<\/li>\n<li>Opcional: placa de hebilla gatefold \/ placa de hebilla alto fold con unidad de control<\/li>\n<\/ul>\n","protected":false},"excerpt":{"rendered":"<p>Contador de preselecci\u00f3n MCS Alimentador por aspiraci\u00f3n bajo suelo SAF 36 con extracci\u00f3n de cuchillas desde abajo Unidad plegable con 4 bolsillos Anchura de entrada de 36 cm bloque de corte descendente Protecci\u00f3n contra el ruido cobertizo m\u00f3vil expositor SA Rendimiento hasta 30.000\/hora pliegue m\u00e1s peque\u00f1o : 26 mm Max. Formato: 36 x 45 cm [&hellip;]<\/p>\n","protected":false},"featured_media":67108,"template":"","meta":[],"product_brand":[],"product_cat":[2982],"product_tag":[],"class_list":{"0":"post-94025","1":"product","2":"type-product","3":"status-publish","4":"has-post-thumbnail","6":"product_cat-plegadoras","7":"pa_baujahr-158","8":"pa_hersteller-grieser-kunzmann-guk","9":"pa_typ-fa-36-4-saf-36-sa-350","11":"first","12":"instock","13":"sold-individually","14":"taxable","15":"shipping-taxable","16":"purchasable","17":"product-type-simple"},"jetpack_sharing_enabled":true,"_links":{"self":[{"href":"https:\/\/www.3p-gmbh.de\/es\/wp-json\/wp\/v2\/product\/94025","targetHints":{"allow":["GET"]}}],"collection":[{"href":"https:\/\/www.3p-gmbh.de\/es\/wp-json\/wp\/v2\/product"}],"about":[{"href":"https:\/\/www.3p-gmbh.de\/es\/wp-json\/wp\/v2\/types\/product"}],"wp:featuredmedia":[{"embeddable":true,"href":"https:\/\/www.3p-gmbh.de\/es\/wp-json\/wp\/v2\/media\/67108"}],"wp:attachment":[{"href":"https:\/\/www.3p-gmbh.de\/es\/wp-json\/wp\/v2\/media?parent=94025"}],"wp:term":[{"taxonomy":"product_brand","embeddable":true,"href":"https:\/\/www.3p-gmbh.de\/es\/wp-json\/wp\/v2\/product_brand?post=94025"},{"taxonomy":"product_cat","embeddable":true,"href":"https:\/\/www.3p-gmbh.de\/es\/wp-json\/wp\/v2\/product_cat?post=94025"},{"taxonomy":"product_tag","embeddable":true,"href":"https:\/\/www.3p-gmbh.de\/es\/wp-json\/wp\/v2\/product_tag?post=94025"}],"curies":[{"name":"wp","href":"https:\/\/api.w.org\/{rel}","templated":true}]}}