{"id":94024,"date":"2019-07-11T13:56:20","date_gmt":"2019-07-11T13:56:20","guid":{"rendered":"https:\/\/www.3p-gmbh.de\/produkt\/desta-bas-entrega-de-pila-plana-fsa-600-con-prensa-de-hojas\/"},"modified":"2019-07-11T13:56:20","modified_gmt":"2019-07-11T13:56:20","slug":"entrega-de-pilas-planas-con-prensa-de-hojas","status":"publish","type":"product","link":"https:\/\/www.3p-gmbh.de\/es\/produkt\/entrega-de-pilas-planas-con-prensa-de-hojas\/","title":{"rendered":"Desta BAS &#8211; Entrega de pila plana FSA 600 con prensa de hojas"},"content":{"rendered":"<p>La salida se utiliza para un prensado \u00f3ptimo y una formaci\u00f3n eficiente de la pila junto con una extracci\u00f3n ergon\u00f3mica, especialmente para la producci\u00f3n de varias piezas. Produce pilas de producto \u00f3ptimas, algo que garantizan detalles del equipamiento como el rodillo de tope accionado y un filo de cuchilla. La altura de despegue es siempre constante, ya que tanto la m\u00e1quina -mediante una tijera de elevaci\u00f3n- como la entrada de la prensa pueden inclinarse. El BAS-FSA ofrece una amplia gama de opciones de ajuste en detalle. Su accesibilidad es extraordinaria, sobre todo a la hora de ajustar o tomar hojas de muestras. La BAS-FSA se utiliza en tiradas de longitud media y para producciones m\u00faltiples frecuentes. Mediante un cable adaptador puede utilizarse detr\u00e1s de todas las plegadoras habituales y tambi\u00e9n en cosedoras a caballete.<\/p>\n<ul>\n<li>A\u00f1o de fabricaci\u00f3n 2002<\/li>\n<li>Anchura de trabajo 600 mm<\/li>\n<li>Espesor m\u00e1x. del producto 8 mm<\/li>\n<li>m\u00e1x. Anchura de trabajo x 320 mm, m\u00edn. 100 x 80 mm<\/li>\n<li>Altura de apilado m\u00e1x. 400 mm<\/li>\n<li>Presi\u00f3n de prensado 0-20.000N, infinitamente ajustable<\/li>\n<li>Velocidad 50-230 m\/min, regulable en continuo<\/li>\n<li>Altura de entrada 400-950 mm, ajustable<\/li>\n<li>Altura de exportaci\u00f3n 875 mm<\/li>\n<li>Dispositivo de recuento y marcado<\/li>\n<li>cintas de alimentaci\u00f3n superior e inferior de la prensa de hojas<\/li>\n<li>2 pares de rodillos de prensado cromados D=100 mm, ajustables por separado<\/li>\n<li>Ejes de correas ranurados para un r\u00e1pido reposicionamiento de las correas de alimentaci\u00f3n al cambiar de formato o para separar los conjuntos m\u00faltiples.<\/li>\n<li>Base de tijera elevable para ajustar la altura sin escalonamientos<\/li>\n<li>m\u00f3vil sobre ruedas giratorias<\/li>\n<\/ul>\n","protected":false},"excerpt":{"rendered":"<p>La salida se utiliza para un prensado \u00f3ptimo y una formaci\u00f3n eficiente de la pila junto con una extracci\u00f3n ergon\u00f3mica, especialmente para la producci\u00f3n de varias piezas. Produce pilas de producto \u00f3ptimas, algo que garantizan detalles del equipamiento como el rodillo de tope accionado y un filo de cuchilla. La altura de despegue es siempre [&hellip;]<\/p>\n","protected":false},"featured_media":67120,"template":"","meta":[],"product_brand":[],"product_cat":[2913],"product_tag":[],"class_list":{"0":"post-94024","1":"product","2":"type-product","3":"status-publish","4":"has-post-thumbnail","6":"product_cat-gastos","7":"pa_baujahr-153","8":"pa_hersteller-desta-guk","9":"pa_typ-desta-bas-fsa-600","11":"first","12":"instock","13":"sold-individually","14":"taxable","15":"shipping-taxable","16":"purchasable","17":"product-type-simple"},"jetpack_sharing_enabled":true,"_links":{"self":[{"href":"https:\/\/www.3p-gmbh.de\/es\/wp-json\/wp\/v2\/product\/94024","targetHints":{"allow":["GET"]}}],"collection":[{"href":"https:\/\/www.3p-gmbh.de\/es\/wp-json\/wp\/v2\/product"}],"about":[{"href":"https:\/\/www.3p-gmbh.de\/es\/wp-json\/wp\/v2\/types\/product"}],"wp:featuredmedia":[{"embeddable":true,"href":"https:\/\/www.3p-gmbh.de\/es\/wp-json\/wp\/v2\/media\/67120"}],"wp:attachment":[{"href":"https:\/\/www.3p-gmbh.de\/es\/wp-json\/wp\/v2\/media?parent=94024"}],"wp:term":[{"taxonomy":"product_brand","embeddable":true,"href":"https:\/\/www.3p-gmbh.de\/es\/wp-json\/wp\/v2\/product_brand?post=94024"},{"taxonomy":"product_cat","embeddable":true,"href":"https:\/\/www.3p-gmbh.de\/es\/wp-json\/wp\/v2\/product_cat?post=94024"},{"taxonomy":"product_tag","embeddable":true,"href":"https:\/\/www.3p-gmbh.de\/es\/wp-json\/wp\/v2\/product_tag?post=94024"}],"curies":[{"name":"wp","href":"https:\/\/api.w.org\/{rel}","templated":true}]}}