{"id":94005,"date":"2019-07-11T13:56:20","date_gmt":"2019-07-11T13:56:20","guid":{"rendered":"https:\/\/www.3p-gmbh.de\/produkt\/plegadora-de-ajuste-automatico-baeuerle-cas-35-2-pba\/"},"modified":"2019-07-11T13:56:20","modified_gmt":"2019-07-11T13:56:20","slug":"maquina-de-plegado-automatico","status":"publish","type":"product","link":"https:\/\/www.3p-gmbh.de\/es\/produkt\/maquina-de-plegado-automatico\/","title":{"rendered":"Plegadora de ajuste autom\u00e1tico B\u00e4uerle CAS 35-2 PBA"},"content":{"rendered":"<ul>\n<li>Plegado pulsando un bot\u00f3n en la gama A3<\/li>\n<li>A\u00f1o de fabricaci\u00f3n 2007<\/li>\n<li>Plegadora controlada por ordenador con dos hebillas autom\u00e1ticas AFT-35 con regla deflectora<\/li>\n<li>Contadores totales y de preselecci\u00f3n<\/li>\n<li>Rodillos de espuma PUR<\/li>\n<li>Alimentador bajo suelo PBA con mesa de alineaci\u00f3n, doble hoja y control de recorrido del papel<\/li>\n<li>gran comodidad de uso<\/li>\n<li>Tiempos de preparaci\u00f3n cortos<\/li>\n<li>sin ajuste del rodillo de plegado<\/li>\n<li>Tama\u00f1o m\u00e1ximo de hoja 35 x 46 cm<\/li>\n<li>Tama\u00f1o m\u00ednimo de la hoja 8,5 x 10 cm<\/li>\n<li>Longitud del pliegue de los bolsillos m\u00edn. 50 mm y m\u00e1x. 360 mm<\/li>\n<li>Velocidad 160 m\/min<\/li>\n<\/ul>\n","protected":false},"excerpt":{"rendered":"<p>Plegado pulsando un bot\u00f3n en la gama A3 A\u00f1o de fabricaci\u00f3n 2007 Plegadora controlada por ordenador con dos hebillas autom\u00e1ticas AFT-35 con regla deflectora Contadores totales y de preselecci\u00f3n Rodillos de espuma PUR Alimentador bajo suelo PBA con mesa de alineaci\u00f3n, doble hoja y control de recorrido del papel gran comodidad de uso Tiempos de [&hellip;]<\/p>\n","protected":false},"featured_media":71146,"template":"","meta":[],"product_brand":[],"product_cat":[2982],"product_tag":[],"class_list":{"0":"post-94005","1":"product","2":"type-product","3":"status-publish","4":"has-post-thumbnail","6":"product_cat-plegadoras","7":"pa_baujahr-140","8":"pa_hersteller-mathias-baeuerle","9":"pa_typ-multimaster-cas-35-2-pba","11":"first","12":"instock","13":"sold-individually","14":"taxable","15":"shipping-taxable","16":"purchasable","17":"product-type-simple"},"jetpack_sharing_enabled":true,"_links":{"self":[{"href":"https:\/\/www.3p-gmbh.de\/es\/wp-json\/wp\/v2\/product\/94005","targetHints":{"allow":["GET"]}}],"collection":[{"href":"https:\/\/www.3p-gmbh.de\/es\/wp-json\/wp\/v2\/product"}],"about":[{"href":"https:\/\/www.3p-gmbh.de\/es\/wp-json\/wp\/v2\/types\/product"}],"wp:featuredmedia":[{"embeddable":true,"href":"https:\/\/www.3p-gmbh.de\/es\/wp-json\/wp\/v2\/media\/71146"}],"wp:attachment":[{"href":"https:\/\/www.3p-gmbh.de\/es\/wp-json\/wp\/v2\/media?parent=94005"}],"wp:term":[{"taxonomy":"product_brand","embeddable":true,"href":"https:\/\/www.3p-gmbh.de\/es\/wp-json\/wp\/v2\/product_brand?post=94005"},{"taxonomy":"product_cat","embeddable":true,"href":"https:\/\/www.3p-gmbh.de\/es\/wp-json\/wp\/v2\/product_cat?post=94005"},{"taxonomy":"product_tag","embeddable":true,"href":"https:\/\/www.3p-gmbh.de\/es\/wp-json\/wp\/v2\/product_tag?post=94005"}],"curies":[{"name":"wp","href":"https:\/\/api.w.org\/{rel}","templated":true}]}}