{"id":93968,"date":"2019-07-11T13:55:38","date_gmt":"2019-07-11T13:55:38","guid":{"rendered":"https:\/\/www.3p-gmbh.de\/produkt\/heidelberg-bolsa-plegable-de-ventana-neumatica-steel-ffp-56\/"},"modified":"2019-07-11T13:55:38","modified_gmt":"2019-07-11T13:55:38","slug":"bolsillo-plegable-neumatico-de-ventana-old-fold","status":"publish","type":"product","link":"https:\/\/www.3p-gmbh.de\/es\/produkt\/bolsillo-plegable-neumatico-de-ventana-old-fold\/","title":{"rendered":"Heidelberg \/ Bolsa plegable de ventana neum\u00e1tica Steel FFP 56"},"content":{"rendered":"<ul>\n<li>Plegado neum\u00e1tico\/bolsillo plegable 56 cm<\/li>\n<li>con unidad de control Acc 2.4 e interruptor de luz<\/li>\n<li>para plegadoras Heidelberg KH y TH con ajuste motorizado de la chapa de la hebilla<\/li>\n<li>Control digital con ACC 2.4 para la determinaci\u00f3n exacta de los tiempos de conmutaci\u00f3n<\/li>\n<li>Hasta 15.000 ciclos por hora<\/li>\n<li>Separaci\u00f3n m\u00ednima entre solapas de 0,5-1 mm en funci\u00f3n del grosor del papel<\/li>\n<\/ul>\n","protected":false},"excerpt":{"rendered":"<p>Plegado neum\u00e1tico\/bolsillo plegable 56 cm con unidad de control Acc 2.4 e interruptor de luz para plegadoras Heidelberg KH y TH con ajuste motorizado de la chapa de la hebilla Control digital con ACC 2.4 para la determinaci\u00f3n exacta de los tiempos de conmutaci\u00f3n Hasta 15.000 ciclos por hora Separaci\u00f3n m\u00ednima entre solapas de 0,5-1 [&hellip;]<\/p>\n","protected":false},"featured_media":66406,"template":"","meta":[],"product_brand":[],"product_cat":[2885],"product_tag":[],"class_list":{"0":"post-93968","1":"product","2":"type-product","3":"status-publish","4":"has-post-thumbnail","6":"product_cat-accesorios-para-plegadoras","7":"pa_baujahr-137","8":"pa_hersteller-heidelberg-stahl","9":"pa_typ-ffp-56-motorisch-fuer-th","11":"first","12":"instock","13":"sold-individually","14":"taxable","15":"shipping-taxable","16":"purchasable","17":"product-type-simple"},"jetpack_sharing_enabled":true,"_links":{"self":[{"href":"https:\/\/www.3p-gmbh.de\/es\/wp-json\/wp\/v2\/product\/93968","targetHints":{"allow":["GET"]}}],"collection":[{"href":"https:\/\/www.3p-gmbh.de\/es\/wp-json\/wp\/v2\/product"}],"about":[{"href":"https:\/\/www.3p-gmbh.de\/es\/wp-json\/wp\/v2\/types\/product"}],"wp:featuredmedia":[{"embeddable":true,"href":"https:\/\/www.3p-gmbh.de\/es\/wp-json\/wp\/v2\/media\/66406"}],"wp:attachment":[{"href":"https:\/\/www.3p-gmbh.de\/es\/wp-json\/wp\/v2\/media?parent=93968"}],"wp:term":[{"taxonomy":"product_brand","embeddable":true,"href":"https:\/\/www.3p-gmbh.de\/es\/wp-json\/wp\/v2\/product_brand?post=93968"},{"taxonomy":"product_cat","embeddable":true,"href":"https:\/\/www.3p-gmbh.de\/es\/wp-json\/wp\/v2\/product_cat?post=93968"},{"taxonomy":"product_tag","embeddable":true,"href":"https:\/\/www.3p-gmbh.de\/es\/wp-json\/wp\/v2\/product_tag?post=93968"}],"curies":[{"name":"wp","href":"https:\/\/api.w.org\/{rel}","templated":true}]}}