{"id":93957,"date":"2019-07-11T13:55:38","date_gmt":"2019-07-11T13:55:38","guid":{"rendered":"https:\/\/www.3p-gmbh.de\/produkt\/heidelberg-stahl-th-66-6-4-pfh-con-plegadora-de-chapa-de-hebilla-sak-66\/"},"modified":"2019-07-11T13:55:38","modified_gmt":"2019-07-11T13:55:38","slug":"plegadora-de-bolsillos-7","status":"publish","type":"product","link":"https:\/\/www.3p-gmbh.de\/es\/produkt\/plegadora-de-bolsillos-7\/","title":{"rendered":"Heidelberg \/ Stahl TH 66-6-4-PFH con plegadora de chapa de hebilla SAK 66"},"content":{"rendered":"<ul>\n<li>m\u00e1x. Tama\u00f1o de la hoja 66x120cm<\/li>\n<li>Alimentador de pal\u00e9s PFH con Tremat y sistema de control MCT<\/li>\n<li>1\u00aa estaci\u00f3n &#8211; 6 bolsillos, 66 cm, cabezal de corte descendente, protecci\u00f3n ac\u00fastica<\/li>\n<li>2\u00aa estaci\u00f3n &#8211; 4 bolsillos, 66cm, cortador descendente, protecci\u00f3n ac\u00fastica<\/li>\n<li>Expositor SAK 66<\/li>\n<\/ul>\n","protected":false},"excerpt":{"rendered":"<p>m\u00e1x. Tama\u00f1o de la hoja 66x120cm Alimentador de pal\u00e9s PFH con Tremat y sistema de control MCT 1\u00aa estaci\u00f3n &#8211; 6 bolsillos, 66 cm, cabezal de corte descendente, protecci\u00f3n ac\u00fastica 2\u00aa estaci\u00f3n &#8211; 4 bolsillos, 66cm, cortador descendente, protecci\u00f3n ac\u00fastica Expositor SAK 66<\/p>\n","protected":false},"featured_media":71809,"template":"","meta":[],"product_brand":[],"product_cat":[2982],"product_tag":[],"class_list":{"0":"post-93957","1":"product","2":"type-product","3":"status-publish","4":"has-post-thumbnail","6":"product_cat-plegadoras","7":"pa_baujahr-168","8":"pa_hersteller-stahl-ludwigsburg","9":"pa_typ-stahlfolder-th-66-6-4-pfh-mit-sak-66","11":"first","12":"instock","13":"sold-individually","14":"taxable","15":"shipping-taxable","16":"purchasable","17":"product-type-simple"},"jetpack_sharing_enabled":true,"_links":{"self":[{"href":"https:\/\/www.3p-gmbh.de\/es\/wp-json\/wp\/v2\/product\/93957","targetHints":{"allow":["GET"]}}],"collection":[{"href":"https:\/\/www.3p-gmbh.de\/es\/wp-json\/wp\/v2\/product"}],"about":[{"href":"https:\/\/www.3p-gmbh.de\/es\/wp-json\/wp\/v2\/types\/product"}],"wp:featuredmedia":[{"embeddable":true,"href":"https:\/\/www.3p-gmbh.de\/es\/wp-json\/wp\/v2\/media\/71809"}],"wp:attachment":[{"href":"https:\/\/www.3p-gmbh.de\/es\/wp-json\/wp\/v2\/media?parent=93957"}],"wp:term":[{"taxonomy":"product_brand","embeddable":true,"href":"https:\/\/www.3p-gmbh.de\/es\/wp-json\/wp\/v2\/product_brand?post=93957"},{"taxonomy":"product_cat","embeddable":true,"href":"https:\/\/www.3p-gmbh.de\/es\/wp-json\/wp\/v2\/product_cat?post=93957"},{"taxonomy":"product_tag","embeddable":true,"href":"https:\/\/www.3p-gmbh.de\/es\/wp-json\/wp\/v2\/product_tag?post=93957"}],"curies":[{"name":"wp","href":"https:\/\/api.w.org\/{rel}","templated":true}]}}