{"id":93952,"date":"2019-07-11T13:55:38","date_gmt":"2019-07-11T13:55:38","guid":{"rendered":"https:\/\/www.3p-gmbh.de\/produkt\/heidelberg-stahl-vfz-52-d-unidad-movil-de-plegado-transversal\/"},"modified":"2019-07-11T13:55:38","modified_gmt":"2019-07-11T13:55:38","slug":"unidad-movil-de-plegado-transversal","status":"publish","type":"product","link":"https:\/\/www.3p-gmbh.de\/es\/produkt\/unidad-movil-de-plegado-transversal\/","title":{"rendered":"Heidelberg \/ Stahl VFZ 52.D unidad m\u00f3vil de plegado transversal"},"content":{"rendered":"<ul>\n<li>Unidad de plegado de espadas m\u00f3vil y regulable en altura para complementar las plegadoras de placas de hebilla y combinadas<\/li>\n<li>Baja inversi\u00f3n para una mayor versatilidad en los tipos de pliegue<\/li>\n<li>Como tercera estaci\u00f3n de plegado en forma de U de f\u00e1cil manejo<\/li>\n<li>Al girar 180 grados la unidad de plegado de la espada, se pliega el cuadrado internacional<\/li>\n<li>Para conexi\u00f3n a m\u00e1quinas con control DCT<\/li>\n<\/ul>\n","protected":false},"excerpt":{"rendered":"<p>Unidad de plegado de espadas m\u00f3vil y regulable en altura para complementar las plegadoras de placas de hebilla y combinadas Baja inversi\u00f3n para una mayor versatilidad en los tipos de pliegue Como tercera estaci\u00f3n de plegado en forma de U de f\u00e1cil manejo Al girar 180 grados la unidad de plegado de la espada, se [&hellip;]<\/p>\n","protected":false},"featured_media":66517,"template":"","meta":[],"product_brand":[],"product_cat":[2915],"product_tag":[],"class_list":{"0":"post-93952","1":"product","2":"type-product","3":"status-publish","4":"has-post-thumbnail","6":"product_cat-unidades-plegables","7":"pa_baujahr-123","8":"pa_hersteller-stahl-ludwigsburg","9":"pa_typ-stahlfolder-vfz-52-d","11":"first","12":"instock","13":"sold-individually","14":"taxable","15":"shipping-taxable","16":"purchasable","17":"product-type-simple"},"jetpack_sharing_enabled":true,"_links":{"self":[{"href":"https:\/\/www.3p-gmbh.de\/es\/wp-json\/wp\/v2\/product\/93952","targetHints":{"allow":["GET"]}}],"collection":[{"href":"https:\/\/www.3p-gmbh.de\/es\/wp-json\/wp\/v2\/product"}],"about":[{"href":"https:\/\/www.3p-gmbh.de\/es\/wp-json\/wp\/v2\/types\/product"}],"wp:featuredmedia":[{"embeddable":true,"href":"https:\/\/www.3p-gmbh.de\/es\/wp-json\/wp\/v2\/media\/66517"}],"wp:attachment":[{"href":"https:\/\/www.3p-gmbh.de\/es\/wp-json\/wp\/v2\/media?parent=93952"}],"wp:term":[{"taxonomy":"product_brand","embeddable":true,"href":"https:\/\/www.3p-gmbh.de\/es\/wp-json\/wp\/v2\/product_brand?post=93952"},{"taxonomy":"product_cat","embeddable":true,"href":"https:\/\/www.3p-gmbh.de\/es\/wp-json\/wp\/v2\/product_cat?post=93952"},{"taxonomy":"product_tag","embeddable":true,"href":"https:\/\/www.3p-gmbh.de\/es\/wp-json\/wp\/v2\/product_tag?post=93952"}],"curies":[{"name":"wp","href":"https:\/\/api.w.org\/{rel}","templated":true}]}}