{"id":93946,"date":"2019-07-11T13:55:38","date_gmt":"2019-07-11T13:55:38","guid":{"rendered":"https:\/\/www.3p-gmbh.de\/produkt\/heidelberg-acero-vsa-66-salida-de-pila-vertical\/"},"modified":"2019-07-11T13:55:38","modified_gmt":"2019-07-11T13:55:38","slug":"entrega-vertical-de-pilas-2","status":"publish","type":"product","link":"https:\/\/www.3p-gmbh.de\/es\/produkt\/entrega-vertical-de-pilas-2\/","title":{"rendered":"Heidelberg \/ Acero VSA 66 salida de pila vertical"},"content":{"rendered":"<ul>\n<li>Sistema de entrega m\u00f3vil y especialmente compacto que cuenta, marca y prensa productos plegados o grapados y apila hasta cuatro paneles de abajo a arriba.<\/li>\n<li>Sistema de suministro compacto que ocupa poco espacio<\/li>\n<li>Transformaci\u00f3n de productos de peque\u00f1o formato de uso m\u00faltiple<\/li>\n<li>Ajuste continuo de la altura de la mesa de trabajo, la altura de entrada y la velocidad de transporte<\/li>\n<li>Anchura de entrada 66 cm<\/li>\n<li>con dispositivo de marcado<\/li>\n<\/ul>\n","protected":false},"excerpt":{"rendered":"<p>Sistema de entrega m\u00f3vil y especialmente compacto que cuenta, marca y prensa productos plegados o grapados y apila hasta cuatro paneles de abajo a arriba. Sistema de suministro compacto que ocupa poco espacio Transformaci\u00f3n de productos de peque\u00f1o formato de uso m\u00faltiple Ajuste continuo de la altura de la mesa de trabajo, la altura de [&hellip;]<\/p>\n","protected":false},"featured_media":66478,"template":"","meta":[],"product_brand":[],"product_cat":[2913],"product_tag":[],"class_list":{"0":"post-93946","1":"product","2":"type-product","3":"status-publish","4":"has-post-thumbnail","6":"product_cat-gastos","7":"pa_baujahr-188","8":"pa_hersteller-stahl-ludwigsburg","9":"pa_typ-stahlfolder-vsa-66","11":"first","12":"instock","13":"sold-individually","14":"taxable","15":"shipping-taxable","16":"purchasable","17":"product-type-simple"},"jetpack_sharing_enabled":true,"_links":{"self":[{"href":"https:\/\/www.3p-gmbh.de\/es\/wp-json\/wp\/v2\/product\/93946","targetHints":{"allow":["GET"]}}],"collection":[{"href":"https:\/\/www.3p-gmbh.de\/es\/wp-json\/wp\/v2\/product"}],"about":[{"href":"https:\/\/www.3p-gmbh.de\/es\/wp-json\/wp\/v2\/types\/product"}],"wp:featuredmedia":[{"embeddable":true,"href":"https:\/\/www.3p-gmbh.de\/es\/wp-json\/wp\/v2\/media\/66478"}],"wp:attachment":[{"href":"https:\/\/www.3p-gmbh.de\/es\/wp-json\/wp\/v2\/media?parent=93946"}],"wp:term":[{"taxonomy":"product_brand","embeddable":true,"href":"https:\/\/www.3p-gmbh.de\/es\/wp-json\/wp\/v2\/product_brand?post=93946"},{"taxonomy":"product_cat","embeddable":true,"href":"https:\/\/www.3p-gmbh.de\/es\/wp-json\/wp\/v2\/product_cat?post=93946"},{"taxonomy":"product_tag","embeddable":true,"href":"https:\/\/www.3p-gmbh.de\/es\/wp-json\/wp\/v2\/product_tag?post=93946"}],"curies":[{"name":"wp","href":"https:\/\/api.w.org\/{rel}","templated":true}]}}