{"id":93920,"date":"2019-07-11T13:55:48","date_gmt":"2019-07-11T13:55:48","guid":{"rendered":"https:\/\/www.3p-gmbh.de\/produkt\/bograma-sab-750-entrega-multibolsillo\/"},"modified":"2019-07-11T13:55:48","modified_gmt":"2019-07-11T13:55:48","slug":"expositor-multiusos","status":"publish","type":"product","link":"https:\/\/www.3p-gmbh.de\/es\/produkt\/expositor-multiusos\/","title":{"rendered":"Bograma SAB 750 entrega multibolsillo"},"content":{"rendered":"<ul>\n<li>Entrega en cobertizo, utilizada en producciones de varios cobertizos<\/li>\n<li>Los formatos desde A3 hasta un m\u00ednimo de 30 x 30 mm pueden colocarse desplazados en el flujo de tejas.<\/li>\n<li>Ancho de alimentaci\u00f3n de 750 mm con alimentaci\u00f3n de cinta redonda para optimizar la transferencia del producto<\/li>\n<li>Cintas superiores accionadas con alfombra de transporte independiente del formato<\/li>\n<li>Contadores de preselecci\u00f3n y total<\/li>\n<li>Ajuste de altura motorizado<\/li>\n<li>Anchura de trabajo m\u00e1x. m\u00e1x. 750 mm<\/li>\n<li>Ajuste de altura motorizado, de 690 a 950 mm<\/li>\n<li>Entrada con correa redonda<\/li>\n<li>Velocidad 20 &#8211; 200 m\/min., ajustable<\/li>\n<li>La cinta de tejas puede bajarse 40 mm hasta la entrada<\/li>\n<li>Correas superiores 8 piezas, 35 mm, accionadas<\/li>\n<li>Escala 10 &#8211; 100 mm<\/li>\n<li>Contadores de preselecci\u00f3n y total<\/li>\n<li>Desplazamiento de la teja 0 &#8211; 40 mm o avance a saltos, convertible<\/li>\n<li>Espacio necesario 2050 x 1050 mm<\/li>\n<\/ul>\n","protected":false},"excerpt":{"rendered":"<p>Entrega en cobertizo, utilizada en producciones de varios cobertizos Los formatos desde A3 hasta un m\u00ednimo de 30 x 30 mm pueden colocarse desplazados en el flujo de tejas. Ancho de alimentaci\u00f3n de 750 mm con alimentaci\u00f3n de cinta redonda para optimizar la transferencia del producto Cintas superiores accionadas con alfombra de transporte independiente del [&hellip;]<\/p>\n","protected":false},"featured_media":66598,"template":"","meta":[],"product_brand":[],"product_cat":[2913],"product_tag":[],"class_list":{"0":"post-93920","1":"product","2":"type-product","3":"status-publish","4":"has-post-thumbnail","6":"product_cat-gastos","7":"pa_baujahr-198","8":"pa_hersteller-bochsler","9":"pa_typ-bograma-sab-750","11":"first","12":"instock","13":"sold-individually","14":"taxable","15":"shipping-taxable","16":"purchasable","17":"product-type-simple"},"jetpack_sharing_enabled":true,"_links":{"self":[{"href":"https:\/\/www.3p-gmbh.de\/es\/wp-json\/wp\/v2\/product\/93920","targetHints":{"allow":["GET"]}}],"collection":[{"href":"https:\/\/www.3p-gmbh.de\/es\/wp-json\/wp\/v2\/product"}],"about":[{"href":"https:\/\/www.3p-gmbh.de\/es\/wp-json\/wp\/v2\/types\/product"}],"wp:featuredmedia":[{"embeddable":true,"href":"https:\/\/www.3p-gmbh.de\/es\/wp-json\/wp\/v2\/media\/66598"}],"wp:attachment":[{"href":"https:\/\/www.3p-gmbh.de\/es\/wp-json\/wp\/v2\/media?parent=93920"}],"wp:term":[{"taxonomy":"product_brand","embeddable":true,"href":"https:\/\/www.3p-gmbh.de\/es\/wp-json\/wp\/v2\/product_brand?post=93920"},{"taxonomy":"product_cat","embeddable":true,"href":"https:\/\/www.3p-gmbh.de\/es\/wp-json\/wp\/v2\/product_cat?post=93920"},{"taxonomy":"product_tag","embeddable":true,"href":"https:\/\/www.3p-gmbh.de\/es\/wp-json\/wp\/v2\/product_tag?post=93920"}],"curies":[{"name":"wp","href":"https:\/\/api.w.org\/{rel}","templated":true}]}}