{"id":93911,"date":"2019-07-11T13:55:48","date_gmt":"2019-07-11T13:55:48","guid":{"rendered":"https:\/\/www.3p-gmbh.de\/produkt\/mbo-t-530-6-r-con-plegadora-de-hebilla-as-540\/"},"modified":"2019-07-11T13:55:48","modified_gmt":"2019-07-11T13:55:48","slug":"plegadora-de-bolsillo-9","status":"publish","type":"product","link":"https:\/\/www.3p-gmbh.de\/es\/produkt\/plegadora-de-bolsillo-9\/","title":{"rendered":"MBO T 530-6-R con plegadora de hebilla AS-540"},"content":{"rendered":"<ul>\n<li>Ideal para la producci\u00f3n de doble uso<\/li>\n<li>A\u00f1o de fabricaci\u00f3n 2004<\/li>\n<li>Formato m\u00e1x. 53 x 84 cm<\/li>\n<li>Formato min. 10,5 x 10,5 cm<\/li>\n<li>Rendimiento: 10 &#8211; 205 m\/min<\/li>\n<li>Alimentador de pila redonda con control MC y contador de preselecci\u00f3n<\/li>\n<li>FW 1 con 6 bolsas plegables combinadas de acero inoxidable, anchura de entrada de 53 cm, eje de corte descendente mediante ejes de liberaci\u00f3n r\u00e1pida, dispositivo de amortiguaci\u00f3n de ruidos<\/li>\n<li>Ventana abatible WinPlate con unidad de control<\/li>\n<li>Expositor MBO AS-540<\/li>\n<\/ul>\n","protected":false},"excerpt":{"rendered":"<p>Ideal para la producci\u00f3n de doble uso A\u00f1o de fabricaci\u00f3n 2004 Formato m\u00e1x. 53 x 84 cm Formato min. 10,5 x 10,5 cm Rendimiento: 10 &#8211; 205 m\/min Alimentador de pila redonda con control MC y contador de preselecci\u00f3n FW 1 con 6 bolsas plegables combinadas de acero inoxidable, anchura de entrada de 53 cm, [&hellip;]<\/p>\n","protected":false},"featured_media":71200,"template":"","meta":[],"product_brand":[],"product_cat":[2982],"product_tag":[],"class_list":{"0":"post-93911","1":"product","2":"type-product","3":"status-publish","4":"has-post-thumbnail","6":"product_cat-plegadoras","7":"pa_baujahr-198","8":"pa_hersteller-mbo-oppenweiler","9":"pa_typ-t-530-6-r-mit-as-540-oder-sbap-46me","11":"first","12":"instock","13":"sold-individually","14":"taxable","15":"shipping-taxable","16":"purchasable","17":"product-type-simple"},"jetpack_sharing_enabled":true,"_links":{"self":[{"href":"https:\/\/www.3p-gmbh.de\/es\/wp-json\/wp\/v2\/product\/93911","targetHints":{"allow":["GET"]}}],"collection":[{"href":"https:\/\/www.3p-gmbh.de\/es\/wp-json\/wp\/v2\/product"}],"about":[{"href":"https:\/\/www.3p-gmbh.de\/es\/wp-json\/wp\/v2\/types\/product"}],"wp:featuredmedia":[{"embeddable":true,"href":"https:\/\/www.3p-gmbh.de\/es\/wp-json\/wp\/v2\/media\/71200"}],"wp:attachment":[{"href":"https:\/\/www.3p-gmbh.de\/es\/wp-json\/wp\/v2\/media?parent=93911"}],"wp:term":[{"taxonomy":"product_brand","embeddable":true,"href":"https:\/\/www.3p-gmbh.de\/es\/wp-json\/wp\/v2\/product_brand?post=93911"},{"taxonomy":"product_cat","embeddable":true,"href":"https:\/\/www.3p-gmbh.de\/es\/wp-json\/wp\/v2\/product_cat?post=93911"},{"taxonomy":"product_tag","embeddable":true,"href":"https:\/\/www.3p-gmbh.de\/es\/wp-json\/wp\/v2\/product_tag?post=93911"}],"curies":[{"name":"wp","href":"https:\/\/api.w.org\/{rel}","templated":true}]}}