{"id":93909,"date":"2019-07-11T13:55:48","date_gmt":"2019-07-11T13:55:48","guid":{"rendered":"https:\/\/www.3p-gmbh.de\/produkt\/plegadora-digital-morgana-autofold-pro\/"},"modified":"2019-07-11T13:55:48","modified_gmt":"2019-07-11T13:55:48","slug":"plegadora-digital","status":"publish","type":"product","link":"https:\/\/www.3p-gmbh.de\/es\/produkt\/plegadora-digital\/","title":{"rendered":"Plegadora digital Morgana Autofold Pro"},"content":{"rendered":"<p>El socio ideal para una hendidora La AutoFold Pro es una plegadora aut\u00f3noma totalmente autom\u00e1tica para usuarios que ya disponen de una hendidora\/perforadora en funcionamiento. Puede conectarse en l\u00ednea con muchos modelos de hendidoras \/ perforadoras. Puede manipular hojas con gramajes de hasta 400 g\/m\u00b2.<\/p>\n<p>Una cinta transportadora ajustable en altura proporciona la transici\u00f3n a una hendidora\/perforadora. Se hace cargo de los arcos y los alinea. En lugar de las habituales placas de hebilla, el AutoFold Pro utiliza una cuchilla plegable controlada electr\u00f3nicamente (\u00abFlying Knife\u00bb). Un conmutador din\u00e1mico de hojas s\u00f3lo entra en contacto con el borde anterior del papel. As\u00ed se evitan marcas y ara\u00f1azos en el material. El resultado es un producto final perfecto con un pliegue n\u00edtido. Las hojas acabadas se depositan en una bandeja de tejas con gran capacidad de retenci\u00f3n. La AutoFold Pro est\u00e1 equipada con una pantalla t\u00e1ctil en color para el control completo, la programaci\u00f3n y la gesti\u00f3n de la memoria de trabajos de la m\u00e1quina.<\/p>\n<ul>\n<li>Tama\u00f1os de papel: m\u00edn. 160 x 140 mm m\u00e1x. 600 x 385 mm<\/li>\n<li>Hoja de hasta 400 g\/m2<\/li>\n<li>Ajuste autom\u00e1tico del pliegue<\/li>\n<li>Manejo mediante pantalla t\u00e1ctil en color<\/li>\n<li>99 memoria de programa<\/li>\n<\/ul>\n","protected":false},"excerpt":{"rendered":"<p>El socio ideal para una hendidora La AutoFold Pro es una plegadora aut\u00f3noma totalmente autom\u00e1tica para usuarios que ya disponen de una hendidora\/perforadora en funcionamiento. Puede conectarse en l\u00ednea con muchos modelos de hendidoras \/ perforadoras. Puede manipular hojas con gramajes de hasta 400 g\/m\u00b2. Una cinta transportadora ajustable en altura proporciona la transici\u00f3n a [&hellip;]<\/p>\n","protected":false},"featured_media":66622,"template":"","meta":[],"product_brand":[],"product_cat":[2982],"product_tag":[],"class_list":{"0":"post-93909","1":"product","2":"type-product","3":"status-publish","4":"has-post-thumbnail","6":"product_cat-plegadoras","7":"pa_baujahr-145","8":"pa_hersteller-morgana","9":"pa_typ-autofold-pro","11":"first","12":"instock","13":"sold-individually","14":"taxable","15":"shipping-taxable","16":"purchasable","17":"product-type-simple"},"jetpack_sharing_enabled":true,"_links":{"self":[{"href":"https:\/\/www.3p-gmbh.de\/es\/wp-json\/wp\/v2\/product\/93909","targetHints":{"allow":["GET"]}}],"collection":[{"href":"https:\/\/www.3p-gmbh.de\/es\/wp-json\/wp\/v2\/product"}],"about":[{"href":"https:\/\/www.3p-gmbh.de\/es\/wp-json\/wp\/v2\/types\/product"}],"wp:featuredmedia":[{"embeddable":true,"href":"https:\/\/www.3p-gmbh.de\/es\/wp-json\/wp\/v2\/media\/66622"}],"wp:attachment":[{"href":"https:\/\/www.3p-gmbh.de\/es\/wp-json\/wp\/v2\/media?parent=93909"}],"wp:term":[{"taxonomy":"product_brand","embeddable":true,"href":"https:\/\/www.3p-gmbh.de\/es\/wp-json\/wp\/v2\/product_brand?post=93909"},{"taxonomy":"product_cat","embeddable":true,"href":"https:\/\/www.3p-gmbh.de\/es\/wp-json\/wp\/v2\/product_cat?post=93909"},{"taxonomy":"product_tag","embeddable":true,"href":"https:\/\/www.3p-gmbh.de\/es\/wp-json\/wp\/v2\/product_tag?post=93909"}],"curies":[{"name":"wp","href":"https:\/\/api.w.org\/{rel}","templated":true}]}}