{"id":93901,"date":"2019-07-11T13:55:48","date_gmt":"2019-07-11T13:55:48","guid":{"rendered":"https:\/\/www.3p-gmbh.de\/produkt\/bolsa-plegable-con-ventana-heidelberg-acero-ffp-94\/"},"modified":"2019-07-11T13:55:48","modified_gmt":"2019-07-11T13:55:48","slug":"pliegue-del-altar","status":"publish","type":"product","link":"https:\/\/www.3p-gmbh.de\/es\/produkt\/pliegue-del-altar\/","title":{"rendered":"Bolsa plegable con ventana Heidelberg \/ acero FFP 94"},"content":{"rendered":"<ul>\n<li>Bolsillo neum\u00e1tico 94 cm<\/li>\n<li>con unidad de control Acc 2.x y sensor Omron adecuado para plegadoras de acero<\/li>\n<li>Control digital con ACC 2.4 para la determinaci\u00f3n exacta de los tiempos de conmutaci\u00f3n<\/li>\n<li>Funcionamiento sencillo, tiempo de ajuste corto<\/li>\n<li>Posibilidad de hasta 15.000 ciclos por hora en funcionamiento continuo<\/li>\n<li>Separaci\u00f3n m\u00ednima entre solapas de 0,5-1 mil\u00edmetros en funci\u00f3n del grosor del papel<\/li>\n<li>Dise\u00f1o especialmente plano, uso en cualquier posici\u00f3n del bolsillo<\/li>\n<\/ul>\n","protected":false},"excerpt":{"rendered":"<p>Bolsillo neum\u00e1tico 94 cm con unidad de control Acc 2.x y sensor Omron adecuado para plegadoras de acero Control digital con ACC 2.4 para la determinaci\u00f3n exacta de los tiempos de conmutaci\u00f3n Funcionamiento sencillo, tiempo de ajuste corto Posibilidad de hasta 15.000 ciclos por hora en funcionamiento continuo Separaci\u00f3n m\u00ednima entre solapas de 0,5-1 mil\u00edmetros [&hellip;]<\/p>\n","protected":false},"featured_media":66628,"template":"","meta":[],"product_brand":[],"product_cat":[2885],"product_tag":[],"class_list":{"0":"post-93901","1":"product","2":"type-product","3":"status-publish","4":"has-post-thumbnail","6":"product_cat-accesorios-para-plegadoras","7":"pa_baujahr-153","8":"pa_hersteller-heidelberg-stahl","9":"pa_typ-pneumatische-fensterfalztasche-ffp-94","11":"first","12":"instock","13":"sold-individually","14":"taxable","15":"shipping-taxable","16":"purchasable","17":"product-type-simple"},"jetpack_sharing_enabled":true,"_links":{"self":[{"href":"https:\/\/www.3p-gmbh.de\/es\/wp-json\/wp\/v2\/product\/93901","targetHints":{"allow":["GET"]}}],"collection":[{"href":"https:\/\/www.3p-gmbh.de\/es\/wp-json\/wp\/v2\/product"}],"about":[{"href":"https:\/\/www.3p-gmbh.de\/es\/wp-json\/wp\/v2\/types\/product"}],"wp:featuredmedia":[{"embeddable":true,"href":"https:\/\/www.3p-gmbh.de\/es\/wp-json\/wp\/v2\/media\/66628"}],"wp:attachment":[{"href":"https:\/\/www.3p-gmbh.de\/es\/wp-json\/wp\/v2\/media?parent=93901"}],"wp:term":[{"taxonomy":"product_brand","embeddable":true,"href":"https:\/\/www.3p-gmbh.de\/es\/wp-json\/wp\/v2\/product_brand?post=93901"},{"taxonomy":"product_cat","embeddable":true,"href":"https:\/\/www.3p-gmbh.de\/es\/wp-json\/wp\/v2\/product_cat?post=93901"},{"taxonomy":"product_tag","embeddable":true,"href":"https:\/\/www.3p-gmbh.de\/es\/wp-json\/wp\/v2\/product_tag?post=93901"}],"curies":[{"name":"wp","href":"https:\/\/api.w.org\/{rel}","templated":true}]}}