{"id":93890,"date":"2019-07-11T13:55:48","date_gmt":"2019-07-11T13:55:48","guid":{"rendered":"https:\/\/www.3p-gmbh.de\/produkt\/plegador-de-hebillas-mbo-t-800-6-6-r\/"},"modified":"2019-07-11T13:55:48","modified_gmt":"2019-07-11T13:55:48","slug":"plegadora-de-bolsillos-10","status":"publish","type":"product","link":"https:\/\/www.3p-gmbh.de\/es\/produkt\/plegadora-de-bolsillos-10\/","title":{"rendered":"Plegador de hebillas MBO T 800-6-6-R"},"content":{"rendered":"<ul>\n<li>con ASP 66 ME y HHS Watersoring<\/li>\n<li>Alimentador de pilas redondas de doble alimentaci\u00f3n con MC Kontrol y sistema de alimentaci\u00f3n de hojas Vivas mediante cintas de succi\u00f3n<\/li>\n<li>Unidad de plegado 1, 6 bolsillos 78 cm, casete de eje de cortadora simple, rodillos de plegado Niro Woring, 3x Tricraeser Fit<\/li>\n<li>Unidad de plegado 2, 6 bolsillos 76cm, rodillos de plegado ViroTec eje cortador aguas abajo<\/li>\n<li>HHS Watersoringsystem en carro de transporte con dep\u00f3sito de 15 litros, 4 boquillas DW-502 y control de canales HHS XT-E4 (sin el sistema de hotmelt mostrado)<\/li>\n<li>Bolsillo plegable con ventana WinPlate<\/li>\n<li>Salida de prensa solapada MBO ASP 66 ME con dispositivo de marcado<\/li>\n<\/ul>\n","protected":false},"excerpt":{"rendered":"<p>con ASP 66 ME y HHS Watersoring Alimentador de pilas redondas de doble alimentaci\u00f3n con MC Kontrol y sistema de alimentaci\u00f3n de hojas Vivas mediante cintas de succi\u00f3n Unidad de plegado 1, 6 bolsillos 78 cm, casete de eje de cortadora simple, rodillos de plegado Niro Woring, 3x Tricraeser Fit Unidad de plegado 2, 6 [&hellip;]<\/p>\n","protected":false},"featured_media":66670,"template":"","meta":[],"product_brand":[],"product_cat":[2982],"product_tag":[],"class_list":{"0":"post-93890","1":"product","2":"type-product","3":"status-publish","4":"has-post-thumbnail","6":"product_cat-plegadoras","7":"pa_baujahr-137","8":"pa_hersteller-mbo","9":"pa_typ-mbo-t-800-6-6-r-mit-asp-66-me","11":"first","12":"instock","13":"sold-individually","14":"taxable","15":"shipping-taxable","16":"purchasable","17":"product-type-simple"},"jetpack_sharing_enabled":true,"_links":{"self":[{"href":"https:\/\/www.3p-gmbh.de\/es\/wp-json\/wp\/v2\/product\/93890","targetHints":{"allow":["GET"]}}],"collection":[{"href":"https:\/\/www.3p-gmbh.de\/es\/wp-json\/wp\/v2\/product"}],"about":[{"href":"https:\/\/www.3p-gmbh.de\/es\/wp-json\/wp\/v2\/types\/product"}],"wp:featuredmedia":[{"embeddable":true,"href":"https:\/\/www.3p-gmbh.de\/es\/wp-json\/wp\/v2\/media\/66670"}],"wp:attachment":[{"href":"https:\/\/www.3p-gmbh.de\/es\/wp-json\/wp\/v2\/media?parent=93890"}],"wp:term":[{"taxonomy":"product_brand","embeddable":true,"href":"https:\/\/www.3p-gmbh.de\/es\/wp-json\/wp\/v2\/product_brand?post=93890"},{"taxonomy":"product_cat","embeddable":true,"href":"https:\/\/www.3p-gmbh.de\/es\/wp-json\/wp\/v2\/product_cat?post=93890"},{"taxonomy":"product_tag","embeddable":true,"href":"https:\/\/www.3p-gmbh.de\/es\/wp-json\/wp\/v2\/product_tag?post=93890"}],"curies":[{"name":"wp","href":"https:\/\/api.w.org\/{rel}","templated":true}]}}