{"id":93880,"date":"2019-07-11T13:55:48","date_gmt":"2019-07-11T13:55:48","guid":{"rendered":"https:\/\/www.3p-gmbh.de\/produkt\/plegadora-automatica-de-chapa-con-hebilla-baeuerle-cas-52-4-fl50-sa\/"},"modified":"2019-07-11T13:55:48","modified_gmt":"2019-07-11T13:55:48","slug":"plegadora-automatica-de-bolsillos-2","status":"publish","type":"product","link":"https:\/\/www.3p-gmbh.de\/es\/produkt\/plegadora-automatica-de-bolsillos-2\/","title":{"rendered":"Plegadora autom\u00e1tica de chapa con hebilla B\u00e4uerle CAS 52-4-FL50 SA"},"content":{"rendered":"<ul>\n<li>plegadora de chapa de 4 hebillas de ajuste autom\u00e1tico<\/li>\n<li>A\u00f1o de fabricaci\u00f3n 2010<\/li>\n<li>Alimentador y salida ajustables autom\u00e1ticamente<\/li>\n<li>Contadores de circulaci\u00f3n y preselecci\u00f3n<\/li>\n<li>Control de doble hoja<\/li>\n<li>Reglas y bolsillos de las unidades plegables ajustables autom\u00e1ticamente<\/li>\n<li>Distancia entre rodillos de plegado ajustable autom\u00e1ticamente<\/li>\n<li>Alimentador de pila plana FL 50-2<\/li>\n<li>Formato: m\u00edn. 10x12cm, m\u00e1x. 52&#215;85 cm<\/li>\n<li>1.Trabajo 4 bolsillos 52cm, cabezal de corte descendente<\/li>\n<li>entrega motorizada de cobertizos<\/li>\n<li>Cap\u00f3s insonorizantes<\/li>\n<\/ul>\n","protected":false},"excerpt":{"rendered":"<p>plegadora de chapa de 4 hebillas de ajuste autom\u00e1tico A\u00f1o de fabricaci\u00f3n 2010 Alimentador y salida ajustables autom\u00e1ticamente Contadores de circulaci\u00f3n y preselecci\u00f3n Control de doble hoja Reglas y bolsillos de las unidades plegables ajustables autom\u00e1ticamente Distancia entre rodillos de plegado ajustable autom\u00e1ticamente Alimentador de pila plana FL 50-2 Formato: m\u00edn. 10x12cm, m\u00e1x. 52&#215;85 cm [&hellip;]<\/p>\n","protected":false},"featured_media":0,"template":"","meta":[],"product_brand":[],"product_cat":[2982],"product_tag":[],"class_list":{"0":"post-93880","1":"product","2":"type-product","3":"status-publish","5":"product_cat-plegadoras","6":"pa_baujahr-153","7":"pa_hersteller-mb-baeuerle-gmbh","8":"pa_typ-multimaster-cas-52-4-fl50-sa","10":"first","11":"instock","12":"sold-individually","13":"taxable","14":"shipping-taxable","15":"purchasable","16":"product-type-simple"},"jetpack_sharing_enabled":true,"_links":{"self":[{"href":"https:\/\/www.3p-gmbh.de\/es\/wp-json\/wp\/v2\/product\/93880","targetHints":{"allow":["GET"]}}],"collection":[{"href":"https:\/\/www.3p-gmbh.de\/es\/wp-json\/wp\/v2\/product"}],"about":[{"href":"https:\/\/www.3p-gmbh.de\/es\/wp-json\/wp\/v2\/types\/product"}],"wp:attachment":[{"href":"https:\/\/www.3p-gmbh.de\/es\/wp-json\/wp\/v2\/media?parent=93880"}],"wp:term":[{"taxonomy":"product_brand","embeddable":true,"href":"https:\/\/www.3p-gmbh.de\/es\/wp-json\/wp\/v2\/product_brand?post=93880"},{"taxonomy":"product_cat","embeddable":true,"href":"https:\/\/www.3p-gmbh.de\/es\/wp-json\/wp\/v2\/product_cat?post=93880"},{"taxonomy":"product_tag","embeddable":true,"href":"https:\/\/www.3p-gmbh.de\/es\/wp-json\/wp\/v2\/product_tag?post=93880"}],"curies":[{"name":"wp","href":"https:\/\/api.w.org\/{rel}","templated":true}]}}