{"id":93857,"date":"2019-07-11T13:55:58","date_gmt":"2019-07-11T13:55:58","guid":{"rendered":"https:\/\/www.3p-gmbh.de\/produkt\/horizon-afc-566-fkt-plegadora-combinada-totalmente-automatica\/"},"modified":"2019-07-11T13:55:58","modified_gmt":"2019-07-11T13:55:58","slug":"plegadora-combinada-totalmente-automatica","status":"publish","type":"product","link":"https:\/\/www.3p-gmbh.de\/es\/produkt\/plegadora-combinada-totalmente-automatica\/","title":{"rendered":"Horizon AFC-566 FKT Plegadora combinada totalmente autom\u00e1tica"},"content":{"rendered":"<ul>\n<li>Plegadora combinada ajustable totalmente autom\u00e1tica con entrega de tejas<\/li>\n<li>Totalmente autom\u00e1tico desde el alimentador hasta el hueco del rodillo<\/li>\n<li>Ajustes con una precisi\u00f3n de mil\u00e9simas de mil\u00edmetro<\/li>\n<li>Cero residuos en los pedidos repetidos<\/li>\n<li>Tecnolog\u00eda Touch&amp;work: central y f\u00e1cil de manejar<\/li>\n<li>Mando a distancia inal\u00e1mbrico para correcciones finas<\/li>\n<li>Unidad plegable con 6 bolsillos<\/li>\n<li>1 cuchilla plegable con ajuste totalmente autom\u00e1tico<\/li>\n<li>1 bolsillo plegable siguiente<\/li>\n<li>Tecnolog\u00eda Touch&amp; Work<\/li>\n<li>17 tipos de pliegue est\u00e1ndar<\/li>\n<li>Memoria de trabajo: 200<\/li>\n<li>Se instala en segundos<\/li>\n<li>Control de doble hoja<\/li>\n<li>Supervisi\u00f3n de la ejecuci\u00f3n del arco<\/li>\n<li>Dispositivo de hendido y perforaci\u00f3n<\/li>\n<li>Potencia: m\u00e1x. 50.000 ciclos\/h<\/li>\n<li>Gramaje del papel: 40-250 g\/m\u00b2.<\/li>\n<li>Altura de apilado alimentador: 740 mm<\/li>\n<li>Formato: min. 128x148mm m\u00e1x. 558x850mm<\/li>\n<li>Compresor T4.40<\/li>\n<\/ul>\n<p>Como opciones:<\/p>\n<ul>\n<li>Unidad de cola fr\u00eda HHS con controlador de 2 canales y un cabezal encolador<\/li>\n<li>3 rodillos plegables segmentados para Horizon AFC 566\/546 FW 1<\/li>\n<li>Cajera para galce de ventana GFB-56 con sensor y unidad de control<\/li>\n<li>espada m\u00f3vil Horizon MKU-54<\/li>\n<\/ul>\n","protected":false},"excerpt":{"rendered":"<p>Plegadora combinada ajustable totalmente autom\u00e1tica con entrega de tejas Totalmente autom\u00e1tico desde el alimentador hasta el hueco del rodillo Ajustes con una precisi\u00f3n de mil\u00e9simas de mil\u00edmetro Cero residuos en los pedidos repetidos Tecnolog\u00eda Touch&amp;work: central y f\u00e1cil de manejar Mando a distancia inal\u00e1mbrico para correcciones finas Unidad plegable con 6 bolsillos 1 cuchilla plegable [&hellip;]<\/p>\n","protected":false},"featured_media":71185,"template":"","meta":[],"product_brand":[],"product_cat":[2982],"product_tag":[],"class_list":{"0":"post-93857","1":"product","2":"type-product","3":"status-publish","4":"has-post-thumbnail","6":"product_cat-plegadoras","7":"pa_baujahr-205","8":"pa_hersteller-horizon","9":"pa_typ-afc-566-fkt","11":"first","12":"instock","13":"sold-individually","14":"taxable","15":"shipping-taxable","16":"purchasable","17":"product-type-simple"},"jetpack_sharing_enabled":true,"_links":{"self":[{"href":"https:\/\/www.3p-gmbh.de\/es\/wp-json\/wp\/v2\/product\/93857","targetHints":{"allow":["GET"]}}],"collection":[{"href":"https:\/\/www.3p-gmbh.de\/es\/wp-json\/wp\/v2\/product"}],"about":[{"href":"https:\/\/www.3p-gmbh.de\/es\/wp-json\/wp\/v2\/types\/product"}],"wp:featuredmedia":[{"embeddable":true,"href":"https:\/\/www.3p-gmbh.de\/es\/wp-json\/wp\/v2\/media\/71185"}],"wp:attachment":[{"href":"https:\/\/www.3p-gmbh.de\/es\/wp-json\/wp\/v2\/media?parent=93857"}],"wp:term":[{"taxonomy":"product_brand","embeddable":true,"href":"https:\/\/www.3p-gmbh.de\/es\/wp-json\/wp\/v2\/product_brand?post=93857"},{"taxonomy":"product_cat","embeddable":true,"href":"https:\/\/www.3p-gmbh.de\/es\/wp-json\/wp\/v2\/product_cat?post=93857"},{"taxonomy":"product_tag","embeddable":true,"href":"https:\/\/www.3p-gmbh.de\/es\/wp-json\/wp\/v2\/product_tag?post=93857"}],"curies":[{"name":"wp","href":"https:\/\/api.w.org\/{rel}","templated":true}]}}