{"id":93853,"date":"2019-07-11T13:55:58","date_gmt":"2019-07-11T13:55:58","guid":{"rendered":"https:\/\/www.3p-gmbh.de\/produkt\/guk-fa-74-6-ktl-f4-sa-plegadora-combinada-de-16-paginas\/"},"modified":"2019-07-11T13:55:58","modified_gmt":"2019-07-11T13:55:58","slug":"carpeta-combinada-de-16-paginas-2","status":"publish","type":"product","link":"https:\/\/www.3p-gmbh.de\/es\/produkt\/carpeta-combinada-de-16-paginas-2\/","title":{"rendered":"GUK FA 74-6-KTL-F4 SA Plegadora combinada de 16 p\u00e1ginas"},"content":{"rendered":"<ul>\n<li>con dispositivo de encolado en fr\u00edo HHS para el encolado de pliegues<\/li>\n<li>A\u00f1o de fabricaci\u00f3n 1999<\/li>\n<li>Alimentador de pila plana Gremser F4 con separador de bordes de salida y contador de preselecci\u00f3n MCS<\/li>\n<li>6 bolsillos 74cm, cabezal de corte descendente<\/li>\n<li>expositor m\u00f3vil SA 720<\/li>\n<\/ul>\n","protected":false},"excerpt":{"rendered":"<p>con dispositivo de encolado en fr\u00edo HHS para el encolado de pliegues A\u00f1o de fabricaci\u00f3n 1999 Alimentador de pila plana Gremser F4 con separador de bordes de salida y contador de preselecci\u00f3n MCS 6 bolsillos 74cm, cabezal de corte descendente expositor m\u00f3vil SA 720<\/p>\n","protected":false},"featured_media":70549,"template":"","meta":[],"product_brand":[],"product_cat":[2982],"product_tag":[],"class_list":{"0":"post-93853","1":"product","2":"type-product","3":"status-publish","4":"has-post-thumbnail","6":"product_cat-plegadoras","7":"pa_baujahr-158","8":"pa_hersteller-grieser-kunzmann","9":"pa_typ-guk-fa-74-6-ktl-f4-sa","11":"first","12":"instock","13":"sold-individually","14":"taxable","15":"shipping-taxable","16":"purchasable","17":"product-type-simple"},"jetpack_sharing_enabled":true,"_links":{"self":[{"href":"https:\/\/www.3p-gmbh.de\/es\/wp-json\/wp\/v2\/product\/93853","targetHints":{"allow":["GET"]}}],"collection":[{"href":"https:\/\/www.3p-gmbh.de\/es\/wp-json\/wp\/v2\/product"}],"about":[{"href":"https:\/\/www.3p-gmbh.de\/es\/wp-json\/wp\/v2\/types\/product"}],"wp:featuredmedia":[{"embeddable":true,"href":"https:\/\/www.3p-gmbh.de\/es\/wp-json\/wp\/v2\/media\/70549"}],"wp:attachment":[{"href":"https:\/\/www.3p-gmbh.de\/es\/wp-json\/wp\/v2\/media?parent=93853"}],"wp:term":[{"taxonomy":"product_brand","embeddable":true,"href":"https:\/\/www.3p-gmbh.de\/es\/wp-json\/wp\/v2\/product_brand?post=93853"},{"taxonomy":"product_cat","embeddable":true,"href":"https:\/\/www.3p-gmbh.de\/es\/wp-json\/wp\/v2\/product_cat?post=93853"},{"taxonomy":"product_tag","embeddable":true,"href":"https:\/\/www.3p-gmbh.de\/es\/wp-json\/wp\/v2\/product_tag?post=93853"}],"curies":[{"name":"wp","href":"https:\/\/api.w.org\/{rel}","templated":true}]}}