{"id":93841,"date":"2019-07-11T13:55:58","date_gmt":"2019-07-11T13:55:58","guid":{"rendered":"https:\/\/www.3p-gmbh.de\/produkt\/technifold-tri-creaser-multi-tool-mt-2-maquina-plegadora-multiherramienta\/"},"modified":"2019-07-11T13:55:58","modified_gmt":"2019-07-11T13:55:58","slug":"plegable-maquina-multiherramienta","status":"publish","type":"product","link":"https:\/\/www.3p-gmbh.de\/es\/produkt\/plegable-maquina-multiherramienta\/","title":{"rendered":"technifold Tri Creaser Multi Tool MT-2 M\u00e1quina Plegadora Multiherramienta"},"content":{"rendered":"<p>Esta sensacional y vers\u00e1til herramienta de 35 mm de di\u00e1metro resuelve de un plumazo sus problemas de corte y microperforaci\u00f3n. Una sola herramienta para microperforaci\u00f3n, corte de separaci\u00f3n, recorte, corte de bordes e incisi\u00f3n.<\/p>\n","protected":false},"excerpt":{"rendered":"<p>Esta sensacional y vers\u00e1til herramienta de 35 mm de di\u00e1metro resuelve de un plumazo sus problemas de corte y microperforaci\u00f3n. Una sola herramienta para microperforaci\u00f3n, corte de separaci\u00f3n, recorte, corte de bordes e incisi\u00f3n.<\/p>\n","protected":false},"featured_media":71179,"template":"","meta":[],"product_brand":[],"product_cat":[2885],"product_tag":[],"class_list":{"0":"post-93841","1":"product","2":"type-product","3":"status-publish","4":"has-post-thumbnail","6":"product_cat-accesorios-para-plegadoras","7":"pa_hersteller-technifold","8":"pa_typ-tri-creaser-multi-tool-mt-2","10":"first","11":"instock","12":"sold-individually","13":"taxable","14":"shipping-taxable","15":"purchasable","16":"product-type-simple"},"jetpack_sharing_enabled":true,"_links":{"self":[{"href":"https:\/\/www.3p-gmbh.de\/es\/wp-json\/wp\/v2\/product\/93841","targetHints":{"allow":["GET"]}}],"collection":[{"href":"https:\/\/www.3p-gmbh.de\/es\/wp-json\/wp\/v2\/product"}],"about":[{"href":"https:\/\/www.3p-gmbh.de\/es\/wp-json\/wp\/v2\/types\/product"}],"wp:featuredmedia":[{"embeddable":true,"href":"https:\/\/www.3p-gmbh.de\/es\/wp-json\/wp\/v2\/media\/71179"}],"wp:attachment":[{"href":"https:\/\/www.3p-gmbh.de\/es\/wp-json\/wp\/v2\/media?parent=93841"}],"wp:term":[{"taxonomy":"product_brand","embeddable":true,"href":"https:\/\/www.3p-gmbh.de\/es\/wp-json\/wp\/v2\/product_brand?post=93841"},{"taxonomy":"product_cat","embeddable":true,"href":"https:\/\/www.3p-gmbh.de\/es\/wp-json\/wp\/v2\/product_cat?post=93841"},{"taxonomy":"product_tag","embeddable":true,"href":"https:\/\/www.3p-gmbh.de\/es\/wp-json\/wp\/v2\/product_tag?post=93841"}],"curies":[{"name":"wp","href":"https:\/\/api.w.org\/{rel}","templated":true}]}}