{"id":93837,"date":"2019-07-11T13:55:58","date_gmt":"2019-07-11T13:55:58","guid":{"rendered":"https:\/\/www.3p-gmbh.de\/produkt\/prensa-movil-con-entrega-de-flujos-horizon-pst-40\/"},"modified":"2019-07-11T13:55:58","modified_gmt":"2019-07-11T13:55:58","slug":"entrega-de-prensas-de-balanza","status":"publish","type":"product","link":"https:\/\/www.3p-gmbh.de\/es\/produkt\/entrega-de-prensas-de-balanza\/","title":{"rendered":"Prensa m\u00f3vil con entrega de flujos Horizon PST-40"},"content":{"rendered":"<p><strong>prensa plegadora m\u00f3vil con salida de chorro Horizon PST-40<\/strong><br \/>\n<strong>desde 2007<\/strong><\/p>\n<p>Altura regulable pulsando un bot\u00f3n<br \/>\npara prensar &#8211; presi\u00f3n de prensado: m\u00e1x. 20 kN, ajustable<br \/>\nMarcar<br \/>\nPuede utilizarse en l\u00ednea o fuera de l\u00ednea<\/p>\n<p>&#8211; Formato: min. 60x64mm; m\u00e1x. 440x310mm<br \/>\n&#8211; Altura de entrada 280-1000 mm<br \/>\n&#8211; Rendimiento: 50-230 m\/min<br \/>\n&#8211; Potencia: 230 V; 50\/60 Hz &#8211; 0,9 kW<br \/>\n&#8211; Dimensiones: 1.100x800x1.450mm<br \/>\n&#8211; Peso: 280 kg<\/p>\n","protected":false},"excerpt":{"rendered":"<p>prensa plegadora m\u00f3vil con salida de chorro Horizon PST-40 desde 2007 Altura regulable pulsando un bot\u00f3n para prensar &#8211; presi\u00f3n de prensado: m\u00e1x. 20 kN, ajustable Marcar Puede utilizarse en l\u00ednea o fuera de l\u00ednea &#8211; Formato: min. 60x64mm; m\u00e1x. 440x310mm &#8211; Altura de entrada 280-1000 mm &#8211; Rendimiento: 50-230 m\/min &#8211; Potencia: 230 V; [&hellip;]<\/p>\n","protected":false},"featured_media":84146,"template":"","meta":[],"product_brand":[],"product_cat":[2913],"product_tag":[],"class_list":{"0":"post-93837","1":"product","2":"type-product","3":"status-publish","4":"has-post-thumbnail","6":"product_cat-gastos","7":"pa_baujahr-140","8":"pa_hersteller-horizon","9":"pa_typ-pst-40","11":"first","12":"instock","13":"sold-individually","14":"taxable","15":"shipping-taxable","16":"purchasable","17":"product-type-simple"},"jetpack_sharing_enabled":true,"_links":{"self":[{"href":"https:\/\/www.3p-gmbh.de\/es\/wp-json\/wp\/v2\/product\/93837","targetHints":{"allow":["GET"]}}],"collection":[{"href":"https:\/\/www.3p-gmbh.de\/es\/wp-json\/wp\/v2\/product"}],"about":[{"href":"https:\/\/www.3p-gmbh.de\/es\/wp-json\/wp\/v2\/types\/product"}],"wp:featuredmedia":[{"embeddable":true,"href":"https:\/\/www.3p-gmbh.de\/es\/wp-json\/wp\/v2\/media\/84146"}],"wp:attachment":[{"href":"https:\/\/www.3p-gmbh.de\/es\/wp-json\/wp\/v2\/media?parent=93837"}],"wp:term":[{"taxonomy":"product_brand","embeddable":true,"href":"https:\/\/www.3p-gmbh.de\/es\/wp-json\/wp\/v2\/product_brand?post=93837"},{"taxonomy":"product_cat","embeddable":true,"href":"https:\/\/www.3p-gmbh.de\/es\/wp-json\/wp\/v2\/product_cat?post=93837"},{"taxonomy":"product_tag","embeddable":true,"href":"https:\/\/www.3p-gmbh.de\/es\/wp-json\/wp\/v2\/product_tag?post=93837"}],"curies":[{"name":"wp","href":"https:\/\/api.w.org\/{rel}","templated":true}]}}