{"id":93823,"date":"2019-07-11T13:55:58","date_gmt":"2019-07-11T13:55:58","guid":{"rendered":"https:\/\/www.3p-gmbh.de\/produkt\/plegadora-digital-de-cuchillas-guk-zk-500-unidad-movil-de-plegado-en-cruz\/"},"modified":"2019-07-11T13:55:58","modified_gmt":"2019-07-11T13:55:58","slug":"unidad-de-plegado-transversal-2","status":"publish","type":"product","link":"https:\/\/www.3p-gmbh.de\/es\/produkt\/unidad-de-plegado-transversal-2\/","title":{"rendered":"plegadora digital de cuchillas GUK ZK 500 (unidad m\u00f3vil de plegado en cruz)"},"content":{"rendered":"<p><strong>plegadora digital de cuchillas GUK ZK 500 (unidad m\u00f3vil de plegado en cruz)<br \/>\nBj. 2004<\/strong><\/p>\n<p>Unidad de plegado de cuchillas con la tecnolog\u00eda m\u00e1s avanzada: \u00a1con control electr\u00f3nico!<br \/>\nPara montar en plegadoras autom\u00e1ticas GUK, as\u00ed como en m\u00e1quinas de otros fabricantes, como grapadoras, fruncidoras, etc.<\/p>\n<ul>\n<li>Unidad de plegado giratoria, para plegados alemanes e internacionales en cuatro partes<\/li>\n<li>Accionamiento totalmente silencioso sin ruedas dentadas mediante correas trapezoidales y planas<\/li>\n<li>Regulaci\u00f3n electr\u00f3nica de la velocidad sin desgaste con tacogenerador<\/li>\n<li>Ajuste autom\u00e1tico del ciclo mediante una barrera de luz reflejada por la hoja entrante<\/li>\n<li>Ajuste del rodillo central con microajuste<\/li>\n<li>Regulable en altura, m\u00f3vil, bloqueable<\/li>\n<li>Sistema el\u00e9ctrico conmutable de funcionamiento autom\u00e1tico a independiente para m\u00e1quinas de terceros<\/li>\n<li>Construcci\u00f3n s\u00f3lida, sin mantenimiento, dise\u00f1ada para un funcionamiento continuo<\/li>\n<\/ul>\n<ul>\n<li>Anchura de entrada: m\u00e1x. 48 mm, m\u00edn. 14,8 mm<\/li>\n<li>Longitud del formato: m\u00e1x. 31 \/ 41 cm, m\u00edn. 7 cm<\/li>\n<\/ul>\n<ul>\n<li>Altura de entrada (espada desde arriba): m\u00e1x. 875 mm, m\u00edn. 530 mm<\/li>\n<li>Altura de descarga (espada desde arriba): m\u00e1x. 770 mm, m\u00edn. 425 mm<\/li>\n<li>Altura de entrada (espada desde abajo): m\u00e1x. 865 mm, m\u00edn. 525 mm<\/li>\n<li>Altura de descarga (espada desde abajo): m\u00e1x. 970 mm, m\u00edn. 630 mm<\/li>\n<\/ul>\n<ul>\n<li>Velocidad: 40 &#8211; 160 m\/minuto, infinitamente variable mediante control electr\u00f3nico de velocidad<\/li>\n<li>N\u00famero de ciclos: hasta aprox. 20.000 ciclos\/hora<\/li>\n<li>Potencia necesaria: 0,7 kW<\/li>\n<li>Espacio necesario: aprox. 0,80 x 1,30 m<\/li>\n<li>Peso neto: 220 kg<\/li>\n<\/ul>\n","protected":false},"excerpt":{"rendered":"<p>plegadora digital de cuchillas GUK ZK 500 (unidad m\u00f3vil de plegado en cruz) Bj. 2004 Unidad de plegado de cuchillas con la tecnolog\u00eda m\u00e1s avanzada: \u00a1con control electr\u00f3nico! Para montar en plegadoras autom\u00e1ticas GUK, as\u00ed como en m\u00e1quinas de otros fabricantes, como grapadoras, fruncidoras, etc. Unidad de plegado giratoria, para plegados alemanes e internacionales en [&hellip;]<\/p>\n","protected":false},"featured_media":78520,"template":"","meta":[],"product_brand":[],"product_cat":[2915],"product_tag":[],"class_list":{"0":"post-93823","1":"product","2":"type-product","3":"status-publish","4":"has-post-thumbnail","6":"product_cat-unidades-plegables","7":"pa_baujahr-198","8":"pa_hersteller-griesser-kunzmann","9":"pa_typ-guk-zk-500","11":"first","12":"instock","13":"sold-individually","14":"taxable","15":"shipping-taxable","16":"purchasable","17":"product-type-simple"},"jetpack_sharing_enabled":true,"_links":{"self":[{"href":"https:\/\/www.3p-gmbh.de\/es\/wp-json\/wp\/v2\/product\/93823","targetHints":{"allow":["GET"]}}],"collection":[{"href":"https:\/\/www.3p-gmbh.de\/es\/wp-json\/wp\/v2\/product"}],"about":[{"href":"https:\/\/www.3p-gmbh.de\/es\/wp-json\/wp\/v2\/types\/product"}],"wp:featuredmedia":[{"embeddable":true,"href":"https:\/\/www.3p-gmbh.de\/es\/wp-json\/wp\/v2\/media\/78520"}],"wp:attachment":[{"href":"https:\/\/www.3p-gmbh.de\/es\/wp-json\/wp\/v2\/media?parent=93823"}],"wp:term":[{"taxonomy":"product_brand","embeddable":true,"href":"https:\/\/www.3p-gmbh.de\/es\/wp-json\/wp\/v2\/product_brand?post=93823"},{"taxonomy":"product_cat","embeddable":true,"href":"https:\/\/www.3p-gmbh.de\/es\/wp-json\/wp\/v2\/product_cat?post=93823"},{"taxonomy":"product_tag","embeddable":true,"href":"https:\/\/www.3p-gmbh.de\/es\/wp-json\/wp\/v2\/product_tag?post=93823"}],"curies":[{"name":"wp","href":"https:\/\/api.w.org\/{rel}","templated":true}]}}