{"id":93793,"date":"2019-07-11T13:55:08","date_gmt":"2019-07-11T13:55:08","guid":{"rendered":"https:\/\/www.3p-gmbh.de\/produkt\/cuchilla-hss-para-perfecta-132\/"},"modified":"2019-07-11T13:55:08","modified_gmt":"2019-07-11T13:55:08","slug":"cuchillo","status":"publish","type":"product","link":"https:\/\/www.3p-gmbh.de\/es\/produkt\/cuchillo\/","title":{"rendered":"Cuchilla HSS para Perfecta 132"},"content":{"rendered":"<p><strong>Cuchilla HSS para Perfecta 132<\/strong><\/p>\n<p><em>usado<\/em><\/p>\n<p>1 cuchilla HSS Sch\u00f6neberger para Perfecta 132<br \/>\ncomo nuevo &#8211; sharp<\/p>\n<p>1 cuchilla HSS Sch\u00f6neberger para Perfecta 132<br \/>\ntodav\u00eda se puede lijar aprox. 2-3 veces &#8211; afilado<\/p>\n","protected":false},"excerpt":{"rendered":"<p>Cuchilla HSS para Perfecta 132 usado 1 cuchilla HSS Sch\u00f6neberger para Perfecta 132 como nuevo &#8211; sharp 1 cuchilla HSS Sch\u00f6neberger para Perfecta 132 todav\u00eda se puede lijar aprox. 2-3 veces &#8211; afilado<\/p>\n","protected":false},"featured_media":66019,"template":"","meta":[],"product_brand":[],"product_cat":[3018],"product_tag":[],"class_list":{"0":"post-93793","1":"product","2":"type-product","3":"status-publish","4":"has-post-thumbnail","6":"product_cat-maquinas-de-corte-es","7":"pa_baujahr-127","8":"pa_hersteller-hagedorn-fuer-perfecta","9":"pa_typ-831","11":"first","12":"instock","13":"sold-individually","14":"taxable","15":"shipping-taxable","16":"purchasable","17":"product-type-simple"},"jetpack_sharing_enabled":true,"_links":{"self":[{"href":"https:\/\/www.3p-gmbh.de\/es\/wp-json\/wp\/v2\/product\/93793","targetHints":{"allow":["GET"]}}],"collection":[{"href":"https:\/\/www.3p-gmbh.de\/es\/wp-json\/wp\/v2\/product"}],"about":[{"href":"https:\/\/www.3p-gmbh.de\/es\/wp-json\/wp\/v2\/types\/product"}],"wp:featuredmedia":[{"embeddable":true,"href":"https:\/\/www.3p-gmbh.de\/es\/wp-json\/wp\/v2\/media\/66019"}],"wp:attachment":[{"href":"https:\/\/www.3p-gmbh.de\/es\/wp-json\/wp\/v2\/media?parent=93793"}],"wp:term":[{"taxonomy":"product_brand","embeddable":true,"href":"https:\/\/www.3p-gmbh.de\/es\/wp-json\/wp\/v2\/product_brand?post=93793"},{"taxonomy":"product_cat","embeddable":true,"href":"https:\/\/www.3p-gmbh.de\/es\/wp-json\/wp\/v2\/product_cat?post=93793"},{"taxonomy":"product_tag","embeddable":true,"href":"https:\/\/www.3p-gmbh.de\/es\/wp-json\/wp\/v2\/product_tag?post=93793"}],"curies":[{"name":"wp","href":"https:\/\/api.w.org\/{rel}","templated":true}]}}